{"id":154,"date":"2017-02-13T09:48:39","date_gmt":"2017-02-13T07:48:39","guid":{"rendered":"http:\/\/ed.aislinthemes.com\/?page_id=472"},"modified":"2021-10-14T19:07:41","modified_gmt":"2021-10-14T16:07:41","slug":"kontakt","status":"publish","type":"page","link":"https:\/\/www.hve.edu.ee\/e\/en\/?page_id=154","title":{"rendered":"Contact information"},"content":{"rendered":"<p>[vc_row][vc_column][vc_custom_heading text=&#8221;Contact information&#8221; font_container=&#8221;tag:h1|font_size:30px|text_align:left|line_height:38px&#8221; use_theme_fonts=&#8221;yes&#8221; css=&#8221;.vc_custom_1634227658484{margin-top: 0px !important;margin-bottom: 10px !important;}&#8221;][\/vc_column][\/vc_row][vc_row css=&#8221;.vc_custom_1490185704851{margin-top: 35px !important;margin-bottom: 20px !important;}&#8221;][vc_column width=&#8221;1\/2&#8243; css=&#8221;.vc_custom_1490181921013{margin-left: 10px !important;}&#8221;]\t\t<div class=\"wh-content-box vc_custom_1599221184123 wh-z-index-10 scp_content_box-4400c16597b680509058b524a708ce3e\">\n\t\t\t\t\t\t\t\t\t\t\t\t[vc_custom_heading text=&#8221;Contact information&#8221; font_container=&#8221;tag:h2|font_size:18px|text_align:left|color:%23000000&#8243; use_theme_fonts=&#8221;yes&#8221; css_animation=&#8221;fadeIn&#8221; css=&#8221;.vc_custom_1634227401901{margin-top: 10px !important;margin-bottom: 10px !important;padding-left: 30px !important;}&#8221; el_class=&#8221;wh-title-with-label&#8221;][vc_column_text css_animation=&#8221;fadeIn&#8221; css=&#8221;.vc_custom_1634227391406{padding-top: 15px !important;padding-right: 15px !important;padding-bottom: 15px !important;padding-left: 15px !important;}&#8221;]<\/p>\n<ul>\n<li>School name: <strong>The School of XXI Century<\/strong><\/li>\n<li>Legal entity: <strong>MT\u00dc Kool 21. sajandil<\/strong><\/li>\n<li>Reg.nr: <strong>80053447<\/strong><\/li>\n<li>License: <strong>7151HTM<\/strong><\/li>\n<li>Email: <strong>hveg@hveg.tln.edu.ee<\/strong><\/li>\n<li>Ph: <strong>(+372) 657 94 38<\/strong><\/li>\n<li>Internet: <strong>http:\/\/www.hve.edu.ee<\/strong><\/li>\n<li>Address: <strong>S\u00f5le 40, 10317 Tallinn<\/strong><\/li>\n<li>Bank account: <strong>Swedbank AS, a\/a: \u0415\u0415082200221016502614<\/strong><\/li>\n<\/ul>\n<p>[\/vc_column_text]\t\t<\/div>\n\t\t[vc_empty_space height=&#8221;22px&#8221;]\t\t<div class=\"wh-content-box vc_custom_1599221184123 wh-z-index-10 scp_content_box-4400c16597b680509058b524a708ce3e\">\n\t\t\t\t\t\t\t\t\t\t\t\t[vc_custom_heading text=&#8221;Useful links&#8221; font_container=&#8221;tag:h2|font_size:18px|text_align:left|color:%23000000&#8243; use_theme_fonts=&#8221;yes&#8221; css_animation=&#8221;fadeIn&#8221; css=&#8221;.vc_custom_1634227551207{margin-top: 10px !important;margin-bottom: 10px !important;padding-left: 30px !important;}&#8221; el_class=&#8221;wh-title-with-label&#8221;][vc_column_text css_animation=&#8221;fadeIn&#8221; css=&#8221;.vc_custom_1634227518933{padding-top: 15px !important;padding-right: 15px !important;padding-bottom: 15px !important;padding-left: 15px !important;}&#8221;]<\/p>\n<ul>\n<li><strong><span class=\"tlid-translation translation\" lang=\"ru\"><span class=\"\" title=\"\">Ministry of Education and Research,<\/span><\/span>\u00a0<\/strong>Piret Hiisj\u00e4rv, <span class=\"tlid-translation translation\" lang=\"ru\"><span class=\"\" title=\"\">\u044d\u043a\u0441\u043f\u0435\u0440\u0442 \u043e\u0442\u0434\u0435\u043b\u0430<\/span><\/span>, \u0442\u0435\u043b 735 4076, 5687 6436<\/li>\n<li><strong>Healthcare office<\/strong>, \u0442\u0435\u043b 794 3724<\/li>\n<li><strong>Safty department, <\/strong>P\u00f5hja p\u00e4\u00e4stekeskus, \u0442\u0435\u043b 628 7500<\/li>\n<li><strong>Andmekeskus O\u00dc<\/strong>, \u0442\u0435\u043b 58858588, 663100<\/li>\n<li><strong><span class=\"tlid-translation translation\" lang=\"ru\"><span class=\"\" title=\"\">Labor inspection<\/span><\/span><\/strong>, \u0442\u0435\u043b 640 6000<\/li>\n<li><strong>Language inspection<\/strong>, Merle Loodus-Adamson, \u0433\u043b\u0430\u0432\u043d\u044b\u0439 \u0438\u043d\u0441\u043f\u0435\u043a\u0442\u043e\u0440, \u0442\u0435\u043b 6271780<\/li>\n<\/ul>\n<p>[\/vc_column_text]\t\t<\/div>\n\t\t[\/vc_column][vc_column width=&#8221;1\/2&#8243; css=&#8221;.vc_custom_1490185994138{margin-bottom: 0px !important;}&#8221;]\t\t<div class=\"wh-content-box vc_custom_1599224900270 wh-z-index-10 scp_content_box-0dee3b5128f8aae79b07e9f6d5d77a22\">\n\t\t\t\t\t\t\t\t\t\t\t\t[vc_custom_heading text=&#8221;Our location&#8221; font_container=&#8221;tag:h2|font_size:18px|text_align:left|color:%23000000&#8243; use_theme_fonts=&#8221;yes&#8221; css_animation=&#8221;right-to-left&#8221; css=&#8221;.vc_custom_1634227643964{margin-top: 10px !important;margin-bottom: 10px !important;padding-left: 30px !important;}&#8221; el_class=&#8221;wh-title-with-label&#8221;][vc_gmaps link=&#8221;#E-8_JTNDaWZyYW1lJTIwc3JjJTNEJTIyaHR0cHMlM0ElMkYlMkZ3d3cuZ29vZ2xlLmNvbSUyRm1hcHMlMkZlbWJlZCUzRnBiJTNEJTIxMW0xOCUyMTFtMTIlMjExbTMlMjExZDI0MTIuMjMyMDg0OTc0OTA0JTIxMmQyNC43MDM2ODk5NzUxMDcwNzUlMjEzZDU5LjQ0MjQ1ODY4NDMxMTYyNCUyMTJtMyUyMTFmMCUyMTJmMCUyMTNmMCUyMTNtMiUyMTFpMTAyNCUyMTJpNzY4JTIxNGYxMy4xJTIxM20zJTIxMW0yJTIxMXMweDQ2OTI5NDc4YmExZmU1YmYlMjUzQTB4MzkwYTdhN2ZiZDBjODEyMCUyMTJzS29vbCUyNTIwMjEuJTI1MjBzYWphbmRpbCUyNTIwTVQlMjVDMyUyNTlDJTI1MjAtJTI1MjBIYWFiZXJzdGklMjUyMFZlbmUlMjUyMGVyYWclMjVDMyUyNUJDbW5hYXNpdW0lMjE1ZTAlMjEzbTIlMjExc3J1JTIxMnNlZSUyMTR2MTU5OTA1MTIwODM0NyUyMTVtMiUyMTFzcnUlMjEyc2VlJTIyJTIwd2lkdGglM0QlMjI2MDAlMjIlMjBoZWlnaHQlM0QlMjI0NTAlMjIlMjBmcmFtZWJvcmRlciUzRCUyMjAlMjIlMjBzdHlsZSUzRCUyMmJvcmRlciUzQTAlM0IlMjIlMjBhbGxvd2Z1bGxzY3JlZW4lM0QlMjIlMjIlMjBhcmlhLWhpZGRlbiUzRCUyMmZhbHNlJTIyJTIwdGFiaW5kZXglM0QlMjIwJTIyJTNFJTNDJTJGaWZyYW1lJTNF&#8221; size=&#8221;400&#8243; css_animation=&#8221;fadeIn&#8221; css=&#8221;.vc_custom_1599229949898{padding-top: 15px !important;padding-right: 15px !important;padding-left: 15px !important;}&#8221;]\t\t<\/div>\n\t\t[vc_empty_space height=&#8221;22px&#8221;]\t\t<div class=\"wh-content-box vc_custom_1599221184123 wh-z-index-10 scp_content_box-4400c16597b680509058b524a708ce3e\">\n\t\t\t\t\t\t\t\t\t\t\t\t[vc_custom_heading text=&#8221;Open hours&#8221; font_container=&#8221;tag:h2|font_size:18px|text_align:left|color:%23000000&#8243; use_theme_fonts=&#8221;yes&#8221; css_animation=&#8221;right-to-left&#8221; css=&#8221;.vc_custom_1634227559404{margin-top: 10px !important;margin-bottom: 10px !important;padding-left: 30px !important;}&#8221; el_class=&#8221;wh-title-with-label&#8221;]\t\t<ul class=\"schedule \">\n\t\t\t\t\t\t\t\t\t\t\t\t\t\t\t\t<li class=\"odd\">\n\t\t\t\t\t\t<span class=\"left\">\n\t\t\t\t\t\t\tMon-Fri\t\t\t\t\t\t<\/span>\n\t\t\t\t\t\t<span class=\"right\">\n\t\t\t\t\t\t\t9:00 - 14:00\t\t\t\t\t\t<\/span>\n\t\t\t\t\t<\/li>\n\t\t\t\t\t\t\t\t\t\t\t\t\t\t\t\t\t\t\t\t<li class=\"even\">\n\t\t\t\t\t\t<span class=\"left\">\n\t\t\t\t\t\t\tWeekends\t\t\t\t\t\t<\/span>\n\t\t\t\t\t\t<span class=\"right\">\n\t\t\t\t\t\t\tupon request\t\t\t\t\t\t<\/span>\n\t\t\t\t\t<\/li>\n\t\t\t\t\t\t\t\t\t<\/ul>\n\t\t\t\t<\/div>\n\t\t[\/vc_column][\/vc_row]<\/p>\n","protected":false},"excerpt":{"rendered":"<p>[vc_row][vc_column][vc_custom_heading text=&#8221;Contact information&#8221; font_container=&#8221;tag:h1|font_size:30px|text_align:left|line_height:38px&#8221; use_theme_fonts=&#8221;yes&#8221; css=&#8221;.vc_custom_1634227658484{margin-top: 0px !important;margin-bottom: 10px !important;}&#8221;][\/vc_column][\/vc_row][vc_row css=&#8221;.vc_custom_1490185704851{margin-top: 35px !important;margin-bottom: 20px !important;}&#8221;][vc_column width=&#8221;1\/2&#8243; css=&#8221;.vc_custom_1490181921013{margin-left: 10px !important;}&#8221;][vc_empty_space height=&#8221;22px&#8221;][\/vc_column][vc_column width=&#8221;1\/2&#8243; css=&#8221;.vc_custom_1490185994138{margin-bottom: 0px !important;}&#8221;][vc_empty_space height=&#8221;22px&#8221;][\/vc_column][\/vc_row]<\/p>\n","protected":false},"author":1,"featured_media":0,"parent":0,"menu_order":0,"comment_status":"closed","ping_status":"closed","template":"template-fullwidth-no-title.php","meta":[],"_links":{"self":[{"href":"https:\/\/www.hve.edu.ee\/e\/en\/index.php?rest_route=\/wp\/v2\/pages\/154"}],"collection":[{"href":"https:\/\/www.hve.edu.ee\/e\/en\/index.php?rest_route=\/wp\/v2\/pages"}],"about":[{"href":"https:\/\/www.hve.edu.ee\/e\/en\/index.php?rest_route=\/wp\/v2\/types\/page"}],"author":[{"embeddable":true,"href":"https:\/\/www.hve.edu.ee\/e\/en\/index.php?rest_route=\/wp\/v2\/users\/1"}],"replies":[{"embeddable":true,"href":"https:\/\/www.hve.edu.ee\/e\/en\/index.php?rest_route=%2Fwp%2Fv2%2Fcomments&post=154"}],"version-history":[{"count":94,"href":"https:\/\/www.hve.edu.ee\/e\/en\/index.php?rest_route=\/wp\/v2\/pages\/154\/revisions"}],"predecessor-version":[{"id":1244,"href":"https:\/\/www.hve.edu.ee\/e\/en\/index.php?rest_route=\/wp\/v2\/pages\/154\/revisions\/1244"}],"wp:attachment":[{"href":"https:\/\/www.hve.edu.ee\/e\/en\/index.php?rest_route=%2Fwp%2Fv2%2Fmedia&parent=154"}],"curies":[{"name":"wp","href":"https:\/\/api.w.org\/{rel}","templated":true}]}}