{"id":1227,"date":"2021-04-03T21:13:38","date_gmt":"2021-04-03T19:13:38","guid":{"rendered":"https:\/\/www.hve.edu.ee\/z\/?page_id=1227"},"modified":"2021-05-19T08:56:51","modified_gmt":"2021-05-19T06:56:51","slug":"kooli-poolt-pakutavad-e-teenused","status":"publish","type":"page","link":"https:\/\/www.hve.edu.ee\/e\/?page_id=1227","title":{"rendered":"Kooli poolt pakutavad e-Teenused"},"content":{"rendered":"<p>[vc_row][vc_column width=&#8221;1\/2&#8243;][vc_cta h2=&#8221;Vastuv\u00f5tt 2021\/2022. \u00f5a&#8221; add_button=&#8221;bottom&#8221; btn_title=&#8221;REGISTREERI END KOHE&#8221; btn_color=&#8221;danger&#8221; btn_css_animation=&#8221;fadeIn&#8221; css_animation=&#8221;none&#8221; btn_link=&#8221;url:https%3A%2F%2Fwww.hve.edu.ee%2Favaldus|||&#8221;]<\/p>\n<h6 class=\"vc_custom_heading vc_custom_1599135553001\">Kutsume:<\/h6>\n<div class=\"wpb_text_column wpb_content_element wpb_animate_when_almost_visible wpb_fadeIn fadeIn vc_custom_1616525284181 wpb_start_animation animated\">\n<div class=\"wpb_wrapper\">\n<ul>\n<li>\u00f5pilasi k\u00f5ikidesse p\u00f5hikooli klassidesse \u2013 1. kuni 9. klass;<\/li>\n<li>\u00f5pilasi k\u00f5ikidesse g\u00fcmnaasiumi klassidesse \u2013 10. kuni 12 klass;<\/li>\n<li>g\u00fcmnaasiumis saab \u00f5ppida statsionaarses ja mittestatasionaarses \u00f5ppes, eksternina ning \u00fcksikuid \u00f5ppeaineid.<\/li>\n<\/ul>\n<div class=\"logo-text-sxzw\">\n<div class=\"logo-text-sxzw\">\n<p>\u00d5ppetegevus toimub\u00a0<strong>Tallinnas<\/strong>\u00a0aadressil\u00a0<strong>S\u00f5le 40<\/strong><\/p>\n<p>\u00d5pilaste kooli vastuv\u00f5tmise kord on esitatud kooli p\u00f5hikirja punktis 12.<\/p>\n<\/div>\n<p><strong>T\u00e4iendav informatsioon telefonil: 657 94 38, t\u00f6\u00f6p\u00e4evadel kell 9:00-15:00<\/strong><\/p>\n<\/div>\n<\/div>\n<\/div>\n<p>[\/vc_cta][\/vc_column][vc_column width=&#8221;1\/2&#8243;][vc_cta h2=&#8221;Perevestlus&#8221; add_button=&#8221;bottom&#8221; btn_title=&#8221;Tahan perevestlust&#8221; btn_color=&#8221;success&#8221; btn_css_animation=&#8221;fadeInDown&#8221; css_animation=&#8221;none&#8221; btn_link=&#8221;url:https%3A%2F%2Fwww.hve.edu.ee%2Fperevestlus|||&#8221;]Vastuv\u00f5tuprotsessi osadeks on tutvumine kandidaadi \u00f5pitulemuste ja hoiakutega \u00f5ppimisse, sisseastumistest ja esimesed vooru edukalt l\u00e4binutele perevestlus Kooli esindajatega.[\/vc_cta][\/vc_column][\/vc_row][vc_row][vc_column][vc_cta h2=&#8221;Toiduabi koolilastele&#8221; add_button=&#8221;bottom&#8221; btn_title=&#8221;Registreeri aeg kohe veebis!&#8221; btn_color=&#8221;vista-blue&#8221; btn_link=&#8221;url:https%3A%2F%2Fwww.hve.edu.ee%2Ftoiduabi|||&#8221;]Sest k\u00f5ikjal avalikus ruumis tuleb j\u00e4rgida 2+2 reeglit, mis t\u00e4hendab, et koos saavad liikuda kuni kaks inimest, kes peavad teistest inimestest hoidma kahemeetrist vahemaad, palun registreerida oma aega ette. Alates 22.03.2021 registreerimisprotsess toimub veebis: www.hve.edu.ee\/toiduabi[\/vc_cta][\/vc_column][\/vc_row][vc_row][vc_column][vc_cta h2=&#8221;Tunnijaotusplaan, \u00f5ppeainete loend ja maht g\u00fcmnaasiumis&#8221; add_button=&#8221;bottom&#8221; btn_title=&#8221;P\u00e4ring&#8221; btn_color=&#8221;vista-blue&#8221; btn_link=&#8221;url:https%3A%2F%2Fwww.hve.edu.ee%2Ftjp|||&#8221;]Tunnijaotusplaan on koostatud g\u00fcmnaasiumi riikliku \u00f5ppekava 4. jaos s\u00e4testatud n\u00f5udeidarvestades. Tunnijaotusplaanis kajastuvad riikliku \u00f5ppekava kohustuslikud kursused (R\u00d5K) ja koolivalitud kohustuslikud kursused (KV), kokku <b>96<\/b> v\u00f5i <b>102<\/b> kursust kogu g\u00fcmnaasiumi v\u00e4ltel,vastavalt sellele, kas \u00f5pilane l\u00e4bib kitsa v\u00f5i laia matemaatika.[\/vc_cta][\/vc_column][\/vc_row][vc_row][vc_column width=&#8221;1\/3&#8243;][vc_cta h2=&#8221;Uurimist\u00f6\u00f6&#8221; add_button=&#8221;bottom&#8221; btn_title=&#8221;Esita uurimist\u00f6\u00f6&#8221; btn_color=&#8221;danger&#8221; btn_link=&#8221;url:https%3A%2F%2Fwww.hve.edu.ee%2Fuurimistoo|||&#8221;]Uurimist\u00f6\u00f6 kaitsmine toimub direktori poolt kinnitatud kaitsmiskomisjoni ja grupi kaas\u00f5pilaste ees.[\/vc_cta][\/vc_column][vc_column width=&#8221;1\/3&#8243;][vc_cta h2=&#8221;Valikeksamid 12. klass&#8221; add_button=&#8221;bottom&#8221; btn_title=&#8221;Registreeri end&#8221; btn_color=&#8221;danger&#8221; btn_link=&#8221;url:https%3A%2F%2Fwww.hve.edu.ee%2Feksam12|||&#8221;]12. klassi valikeksamid on kohustuslikud.[\/vc_cta][\/vc_column][vc_column width=&#8221;1\/3&#8243;][vc_cta h2=&#8221;Valikeksamid 9. klass&#8221; add_button=&#8221;bottom&#8221; btn_title=&#8221;Registreeri end&#8221; btn_color=&#8221;danger&#8221; btn_link=&#8221;url:https%3A%2F%2Fwww.hve.edu.ee%2Feksam9|||&#8221;]9. klassi valikeksamid on kohustuslikud.[\/vc_cta][\/vc_column][\/vc_row]<\/p>\n","protected":false},"excerpt":{"rendered":"<p>[vc_row][vc_column width=&#8221;1\/2&#8243;][vc_cta h2=&#8221;Vastuv\u00f5tt 2021\/2022. \u00f5a&#8221; add_button=&#8221;bottom&#8221; btn_title=&#8221;REGISTREERI END KOHE&#8221; btn_color=&#8221;danger&#8221; btn_css_animation=&#8221;fadeIn&#8221; css_animation=&#8221;none&#8221; btn_link=&#8221;url:https%3A%2F%2Fwww.hve.edu.ee%2Favaldus|||&#8221;] Kutsume: \u00f5pilasi k\u00f5ikidesse p\u00f5hikooli klassidesse \u2013 1. kuni 9. klass; \u00f5pilasi k\u00f5ikidesse g\u00fcmnaasiumi klassidesse \u2013 10. kuni 12 klass; g\u00fcmnaasiumis saab \u00f5ppida statsionaarses ja mittestatasionaarses \u00f5ppes, eksternina ning \u00fcksikuid \u00f5ppeaineid. \u00d5ppetegevus toimub\u00a0Tallinnas\u00a0aadressil\u00a0S\u00f5le&nbsp;<a href=\"https:\/\/www.hve.edu.ee\/e\/?page_id=1227\">&hellip;<\/a><\/p>\n","protected":false},"author":1,"featured_media":756,"parent":0,"menu_order":0,"comment_status":"closed","ping_status":"closed","template":"template-fullwidth.php","meta":[],"_links":{"self":[{"href":"https:\/\/www.hve.edu.ee\/e\/index.php?rest_route=\/wp\/v2\/pages\/1227"}],"collection":[{"href":"https:\/\/www.hve.edu.ee\/e\/index.php?rest_route=\/wp\/v2\/pages"}],"about":[{"href":"https:\/\/www.hve.edu.ee\/e\/index.php?rest_route=\/wp\/v2\/types\/page"}],"author":[{"embeddable":true,"href":"https:\/\/www.hve.edu.ee\/e\/index.php?rest_route=\/wp\/v2\/users\/1"}],"replies":[{"embeddable":true,"href":"https:\/\/www.hve.edu.ee\/e\/index.php?rest_route=%2Fwp%2Fv2%2Fcomments&post=1227"}],"version-history":[{"count":26,"href":"https:\/\/www.hve.edu.ee\/e\/index.php?rest_route=\/wp\/v2\/pages\/1227\/revisions"}],"predecessor-version":[{"id":1306,"href":"https:\/\/www.hve.edu.ee\/e\/index.php?rest_route=\/wp\/v2\/pages\/1227\/revisions\/1306"}],"wp:featuredmedia":[{"embeddable":true,"href":"https:\/\/www.hve.edu.ee\/e\/index.php?rest_route=\/wp\/v2\/media\/756"}],"wp:attachment":[{"href":"https:\/\/www.hve.edu.ee\/e\/index.php?rest_route=%2Fwp%2Fv2%2Fmedia&parent=1227"}],"curies":[{"name":"wp","href":"https:\/\/api.w.org\/{rel}","templated":true}]}}