{"id":134,"date":"2017-03-10T09:59:51","date_gmt":"2017-03-10T07:59:51","guid":{"rendered":"http:\/\/ed.aislinthemes.com\/?page_id=2381"},"modified":"2020-09-04T11:08:20","modified_gmt":"2020-09-04T09:08:20","slug":"opilastele","status":"publish","type":"page","link":"https:\/\/www.hve.edu.ee\/e\/?page_id=134","title":{"rendered":"\u00d5pilasele"},"content":{"rendered":"<p>[vc_row css=&#8221;.vc_custom_1487251064130{margin-bottom: 35px !important;}&#8221;][vc_column css=&#8221;.vc_custom_1490018624138{margin-bottom: 0px !important;}&#8221;][vc_custom_heading text=&#8221;\u00d5pilasele&#8221; font_container=&#8221;tag:h1|text_align:left&#8221; use_theme_fonts=&#8221;yes&#8221; css_animation=&#8221;bounceIn&#8221; css=&#8221;.vc_custom_1599210458238{margin-top: 0px !important;margin-bottom: 20px !important;}&#8221;][vc_column_text css_animation=&#8221;fadeIn&#8221;]P\u00f5hikooli osa \u00fclesandeks on l\u00f5pule viia p\u00f5hihariduse omandamine, \u00f5pilaste ettevalmistamine \u00f5pingute j\u00e4tkamiseks j\u00e4rgmises kooliastmes v\u00f5i kutse\u00f5ppeasutuses. P\u00f5hikooli \u00f5pilastele pakutakse karj\u00e4\u00e4rin\u00f5ustamise teenust.<\/p>\n<p>G\u00fcmnaasiumi osa \u00fclesandeks on \u00f5pilaste ettevalmistamine haridustee j\u00e4tkamiseks k\u00f5rgkoolis, \u00f5ppimiseks kutse\u00f5ppeasutuses v\u00f5i t\u00f6\u00f6le asumiseks.<\/p>\n<p>Klassiv\u00e4line tegevus on koolis j\u00e4rjepidev ja plaanip\u00e4rane. Suurt huvi pakub \u00f5pilastele osalemine projektides ja uurimist\u00f6\u00f6des.[\/vc_column_text][\/vc_column][\/vc_row]<\/p>\n","protected":false},"excerpt":{"rendered":"<p>[vc_row css=&#8221;.vc_custom_1487251064130{margin-bottom: 35px !important;}&#8221;][vc_column css=&#8221;.vc_custom_1490018624138{margin-bottom: 0px !important;}&#8221;][vc_custom_heading text=&#8221;\u00d5pilasele&#8221; font_container=&#8221;tag:h1|text_align:left&#8221; use_theme_fonts=&#8221;yes&#8221; css_animation=&#8221;bounceIn&#8221; css=&#8221;.vc_custom_1599210458238{margin-top: 0px !important;margin-bottom: 20px !important;}&#8221;][vc_column_text css_animation=&#8221;fadeIn&#8221;]P\u00f5hikooli osa \u00fclesandeks on l\u00f5pule viia p\u00f5hihariduse omandamine, \u00f5pilaste ettevalmistamine \u00f5pingute j\u00e4tkamiseks j\u00e4rgmises kooliastmes v\u00f5i kutse\u00f5ppeasutuses. P\u00f5hikooli \u00f5pilastele pakutakse karj\u00e4\u00e4rin\u00f5ustamise teenust. G\u00fcmnaasiumi osa \u00fclesandeks on \u00f5pilaste ettevalmistamine haridustee j\u00e4tkamiseks&nbsp;<a href=\"https:\/\/www.hve.edu.ee\/e\/?page_id=134\">&hellip;<\/a><\/p>\n","protected":false},"author":1,"featured_media":0,"parent":0,"menu_order":0,"comment_status":"closed","ping_status":"closed","template":"template-sidebar-right-childpages.php","meta":[],"_links":{"self":[{"href":"https:\/\/www.hve.edu.ee\/e\/index.php?rest_route=\/wp\/v2\/pages\/134"}],"collection":[{"href":"https:\/\/www.hve.edu.ee\/e\/index.php?rest_route=\/wp\/v2\/pages"}],"about":[{"href":"https:\/\/www.hve.edu.ee\/e\/index.php?rest_route=\/wp\/v2\/types\/page"}],"author":[{"embeddable":true,"href":"https:\/\/www.hve.edu.ee\/e\/index.php?rest_route=\/wp\/v2\/users\/1"}],"replies":[{"embeddable":true,"href":"https:\/\/www.hve.edu.ee\/e\/index.php?rest_route=%2Fwp%2Fv2%2Fcomments&post=134"}],"version-history":[{"count":9,"href":"https:\/\/www.hve.edu.ee\/e\/index.php?rest_route=\/wp\/v2\/pages\/134\/revisions"}],"predecessor-version":[{"id":883,"href":"https:\/\/www.hve.edu.ee\/e\/index.php?rest_route=\/wp\/v2\/pages\/134\/revisions\/883"}],"wp:attachment":[{"href":"https:\/\/www.hve.edu.ee\/e\/index.php?rest_route=%2Fwp%2Fv2%2Fmedia&parent=134"}],"curies":[{"name":"wp","href":"https:\/\/api.w.org\/{rel}","templated":true}]}}