{"id":135,"date":"2017-03-01T12:14:46","date_gmt":"2017-03-01T12:14:46","guid":{"rendered":"http:\/\/ed.aislinthemes.com\/?page_id=1568"},"modified":"2026-04-30T08:39:49","modified_gmt":"2026-04-30T06:39:49","slug":"vastuvott20","status":"publish","type":"page","link":"https:\/\/www.hve.edu.ee\/e\/?page_id=135","title":{"rendered":"Vastuv\u00f5tt 2023\/2024. \u00f5a."},"content":{"rendered":"<p>[vc_row css=&#8221;.vc_custom_1489757098787{margin-bottom: 30px !important;padding-right: 33% !important;}&#8221;][vc_column css=&#8221;.vc_custom_1491469743240{margin-bottom: 0px !important;}&#8221;][vc_custom_heading text=&#8221;Vastuv\u00f5tt 2023\/2024. \u00f5a.&#8221; font_container=&#8221;tag:h1|text_align:left&#8221; use_theme_fonts=&#8221;yes&#8221; css=&#8221;.vc_custom_1677151628375{margin-top: 0px !important;}&#8221;][\/vc_column][\/vc_row][vc_row][vc_column css_animation=&#8221;none&#8221; width=&#8221;1\/2&#8243;][vc_custom_heading text=&#8221;Kutsume:&#8221; font_container=&#8221;tag:h6|font_size:16px|text_align:left|color:%23020202|line_height:23px&#8221; use_theme_fonts=&#8221;yes&#8221; css_animation=&#8221;fadeIn&#8221; css=&#8221;.vc_custom_1621347826445{margin-bottom: 10px !important;}&#8221;][vc_column_text css_animation=&#8221;fadeIn&#8221; css=&#8221;.vc_custom_1777531421565{padding-right: 20px !important;}&#8221;]<\/p>\n<ul>\n<li>\u00f5pilasi k\u00f5ikidesse p\u00f5hikooli klassidesse \u2013 1. kuni 9. klass;<\/li>\n<li>\u00f5pilasi k\u00f5ikidesse g\u00fcmnaasiumi klassidesse \u2013 10. kuni 12 klass;<\/li>\n<li>g\u00fcmnaasiumis saab \u00f5ppida statsionaarses ja mittestatasionaarses \u00f5ppes, eksternina ning \u00fcksikuid \u00f5ppeaineid.<\/li>\n<\/ul>\n<div class=\"logo-text-sxzw\">\n<div class=\"logo-text-sxzw\">\n<p>\u00d5ppetegevus toimub <strong>Tallinnas<\/strong> aadressil <strong>S\u00f5le 14<\/strong><\/p>\n<p>\u00d5pilaste kooli vastuv\u00f5tmise kord on esitatud kooli p\u00f5hikirja punktis 12.<\/p>\n<\/div>\n<p><strong>T\u00e4iendav informatsioon telefonil: 657 94 38, t\u00f6\u00f6p\u00e4evadel kell 9:00-15:00<\/strong><\/p>\n<\/div>\n<p>[\/vc_column_text][\/vc_column][vc_column width=&#8221;1\/2&#8243; css=&#8221;.vc_custom_1459416622945{margin-bottom: 30px !important;}&#8221;][vc_column_text css_animation=&#8221;fadeIn&#8221; css=&#8221;.vc_custom_1657281337904{padding-right: 20px !important;}&#8221;]P\u00f5hikooli klassidesse v\u00f5etakse vastu k\u00f5ik selleks soovi avaldavaid koolikohustuslikke isikuid.<\/p>\n<p>G\u00fcmnaasiumi klassidesse vastuv\u00f5tmist v\u00f5ib taotleda p\u00f5hihariduse omandanud v\u00f5i sellele vastava v\u00e4lisriigi haridustaseme omandanud isik.<\/p>\n<p>Erakoolis \u00f5ppimiseks tuleb hiljemalt k\u00fcmme p\u00e4eva enne esimese \u00f5ppemaksu tasumise t\u00e4htaega, kuid mitte hiljem kui k\u00fcmme p\u00e4eva enne \u00f5ppet\u00f6\u00f6 algust s\u00f5lmida leping \u00f5pilase v\u00f5i tema seadusliku esindaja ja erakooli pidaja vahel.[\/vc_column_text][\/vc_column][\/vc_row][vc_row][vc_column css_animation=&#8221;fadeIn&#8221;]<a href=\"http:\/\/hve.edu.ee\/avaldus\" class=\"wh-button vc_custom_1684236631918  scp_theme_button-8678d937e0f123bfb16d40f722195f59\" title=\"Registreerimine\">Registreeri end kohe<\/a>[\/vc_column][\/vc_row]<\/p>\n","protected":false},"excerpt":{"rendered":"<p>[vc_row css=&#8221;.vc_custom_1489757098787{margin-bottom: 30px !important;padding-right: 33% !important;}&#8221;][vc_column css=&#8221;.vc_custom_1491469743240{margin-bottom: 0px !important;}&#8221;][vc_custom_heading text=&#8221;Vastuv\u00f5tt 2023\/2024. \u00f5a.&#8221; font_container=&#8221;tag:h1|text_align:left&#8221; use_theme_fonts=&#8221;yes&#8221; css=&#8221;.vc_custom_1677151628375{margin-top: 0px !important;}&#8221;][\/vc_column][\/vc_row][vc_row][vc_column css_animation=&#8221;none&#8221; width=&#8221;1\/2&#8243;][vc_custom_heading text=&#8221;Kutsume:&#8221; font_container=&#8221;tag:h6|font_size:16px|text_align:left|color:%23020202|line_height:23px&#8221; use_theme_fonts=&#8221;yes&#8221; css_animation=&#8221;fadeIn&#8221; css=&#8221;.vc_custom_1621347826445{margin-bottom: 10px !important;}&#8221;][vc_column_text css_animation=&#8221;fadeIn&#8221; css=&#8221;.vc_custom_1777531421565{padding-right: 20px !important;}&#8221;] \u00f5pilasi k\u00f5ikidesse p\u00f5hikooli klassidesse \u2013 1. kuni 9. klass; \u00f5pilasi k\u00f5ikidesse g\u00fcmnaasiumi klassidesse \u2013 10.&nbsp;<a href=\"https:\/\/www.hve.edu.ee\/e\/?page_id=135\">&hellip;<\/a><\/p>\n","protected":false},"author":1,"featured_media":0,"parent":0,"menu_order":0,"comment_status":"closed","ping_status":"closed","template":"template-fullwidth.php","meta":[],"_links":{"self":[{"href":"https:\/\/www.hve.edu.ee\/e\/index.php?rest_route=\/wp\/v2\/pages\/135"}],"collection":[{"href":"https:\/\/www.hve.edu.ee\/e\/index.php?rest_route=\/wp\/v2\/pages"}],"about":[{"href":"https:\/\/www.hve.edu.ee\/e\/index.php?rest_route=\/wp\/v2\/types\/page"}],"author":[{"embeddable":true,"href":"https:\/\/www.hve.edu.ee\/e\/index.php?rest_route=\/wp\/v2\/users\/1"}],"replies":[{"embeddable":true,"href":"https:\/\/www.hve.edu.ee\/e\/index.php?rest_route=%2Fwp%2Fv2%2Fcomments&post=135"}],"version-history":[{"count":43,"href":"https:\/\/www.hve.edu.ee\/e\/index.php?rest_route=\/wp\/v2\/pages\/135\/revisions"}],"predecessor-version":[{"id":2091,"href":"https:\/\/www.hve.edu.ee\/e\/index.php?rest_route=\/wp\/v2\/pages\/135\/revisions\/2091"}],"wp:attachment":[{"href":"https:\/\/www.hve.edu.ee\/e\/index.php?rest_route=%2Fwp%2Fv2%2Fmedia&parent=135"}],"curies":[{"name":"wp","href":"https:\/\/api.w.org\/{rel}","templated":true}]}}