{"id":145,"date":"2017-02-16T12:55:59","date_gmt":"2017-02-16T12:55:59","guid":{"rendered":"http:\/\/ed.aislinthemes.com\/?page_id=860"},"modified":"2023-07-18T11:29:19","modified_gmt":"2023-07-18T09:29:19","slug":"konsultatsioonid","status":"publish","type":"page","link":"https:\/\/www.hve.edu.ee\/e\/?page_id=145","title":{"rendered":"Konsultatsioonid"},"content":{"rendered":"<p>[vc_row css=&#8221;.vc_custom_1487250199380{margin-bottom: 35px !important;}&#8221;][vc_column css=&#8221;.vc_custom_1490018662966{margin-bottom: 0px !important;}&#8221;][vc_custom_heading text=&#8221;Konsultatsioonid&#8221; font_container=&#8221;tag:h1|text_align:left&#8221; use_theme_fonts=&#8221;yes&#8221; css=&#8221;.vc_custom_1599127746978{margin-top: 0px !important;margin-bottom: 20px !important;}&#8221;][\/vc_column][\/vc_row][vc_row][vc_column][vc_column_text css_animation=&#8221;bottom-to-top&#8221;]<span style=\"color: #333333;\"><b>individuaal\u00f5pe ajavahemikul 24.04.2023-30.04.2023:<\/b><\/span>[\/vc_column_text][\/vc_column][\/vc_row][vc_row][vc_column width=&#8221;1\/3&#8243;][vc_column_text]<\/p>\n<h3 style=\"text-align: center;\"><strong>\u00d5PPEAINE<\/strong><\/h3>\n<p>[\/vc_column_text][\/vc_column][vc_column width=&#8221;1\/3&#8243;][vc_column_text]<\/p>\n<h3 style=\"text-align: center;\"><strong>\u00d5PETAJA<\/strong><\/h3>\n<p>[\/vc_column_text][\/vc_column][vc_column width=&#8221;1\/3&#8243;][vc_column_text]<\/p>\n<h3 style=\"text-align: center;\"><strong>KONSULTATSIOONI AEG<\/strong><\/h3>\n<p>[\/vc_column_text][\/vc_column][\/vc_row][vc_row][vc_column][vc_separator color=&#8221;turquoise&#8221;][vc_row_inner][vc_column_inner width=&#8221;1\/3&#8243;][vc_column_text]<\/p>\n<p style=\"text-align: center;\">Kirjandus (10-12 kl.)<\/p>\n<p>[\/vc_column_text][\/vc_column_inner][vc_column_inner width=&#8221;1\/3&#8243;][vc_column_text]<\/p>\n<p style=\"text-align: center;\">Jelena Teder<\/p>\n<p>[\/vc_column_text][\/vc_column_inner][vc_column_inner width=&#8221;1\/3&#8243;][vc_column_text]<\/p>\n<p style=\"text-align: center;\">Ei ole koolis ajavahemikul 24.04-30.04.23, k\u00f5ik k\u00fcsimused saata jelena.teder@hve.edu.ee<\/p>\n<p>[\/vc_column_text][\/vc_column_inner][\/vc_row_inner][vc_separator color=&#8221;turquoise&#8221;][vc_row_inner][vc_column_inner width=&#8221;1\/3&#8243;][vc_column_text]<\/p>\n<p style=\"text-align: center;\">Matemaatika<\/p>\n<p>[\/vc_column_text][\/vc_column_inner][vc_column_inner width=&#8221;1\/3&#8243;][vc_column_text]<\/p>\n<p style=\"text-align: center;\">Ljudmilla Bragina<\/p>\n<p>[\/vc_column_text][\/vc_column_inner][vc_column_inner width=&#8221;1\/3&#8243;][vc_column_text]<\/p>\n<p style=\"text-align: center;\">Ne. 10:00-13:00<\/p>\n<p>[\/vc_column_text][\/vc_column_inner][\/vc_row_inner][vc_separator color=&#8221;turquoise&#8221;][vc_row_inner][vc_column_inner width=&#8221;1\/3&#8243;][vc_column_text]<\/p>\n<p style=\"text-align: center;\">Informaatika, Uurimist\u00f6\u00f6 alused ja arvuti kasutamine uurimist\u00f6\u00f6ks<\/p>\n<p>[\/vc_column_text][\/vc_column_inner][vc_column_inner width=&#8221;1\/3&#8243;][vc_column_text]<\/p>\n<p style=\"text-align: center;\">Anna Nekrassova<\/p>\n<p>[\/vc_column_text][\/vc_column_inner][vc_column_inner width=&#8221;1\/3&#8243;][vc_column_text]<\/p>\n<p style=\"text-align: center;\">K. 10:00-12:00<\/p>\n<p>[\/vc_column_text][\/vc_column_inner][\/vc_row_inner][vc_separator color=&#8221;turquoise&#8221;][vc_row_inner][vc_column_inner width=&#8221;1\/3&#8243;][vc_column_text]<\/p>\n<p style=\"text-align: center;\">Karj\u00e4\u00e4ri\u00f5petus, filosoofia<\/p>\n<p>[\/vc_column_text][\/vc_column_inner][vc_column_inner width=&#8221;1\/3&#8243;][vc_column_text]<\/p>\n<p style=\"text-align: center;\">Olena Valgepea<\/p>\n<p>[\/vc_column_text][\/vc_column_inner][vc_column_inner width=&#8221;1\/3&#8243;][vc_column_text]<\/p>\n<p style=\"text-align: center;\"><span data-contrast=\"none\"> E.<\/span><span data-contrast=\"none\">\u00a0\u00a0<\/span><span data-contrast=\"none\">10:00-13:00<\/span><\/p>\n<p>[\/vc_column_text][\/vc_column_inner][\/vc_row_inner][vc_separator color=&#8221;turquoise&#8221;][vc_row_inner][vc_column_inner width=&#8221;1\/3&#8243;][vc_column_text]<\/p>\n<p style=\"text-align: center;\">Eesti keel (10.kl), muusika, kunst, ps\u00fchholoogia<\/p>\n<p>[\/vc_column_text][\/vc_column_inner][vc_column_inner width=&#8221;1\/3&#8243;][vc_column_text]<\/p>\n<p style=\"text-align: center;\">Maria Okas-Ozols<\/p>\n<p>[\/vc_column_text][\/vc_column_inner][vc_column_inner width=&#8221;1\/3&#8243;][vc_column_text]<\/p>\n<p style=\"text-align: center;\"><span data-contrast=\"none\"> E.<\/span><span data-contrast=\"none\">\u00a0\u00a0<\/span><span data-contrast=\"none\">10:00-13:00<\/span><\/p>\n<p style=\"text-align: center;\"><span data-contrast=\"none\">K.<\/span><span data-contrast=\"none\"> 10:00-13:00<\/span><\/p>\n<p style=\"text-align: center;\"><span data-contrast=\"none\"> N. 10:00-13:00<\/span><span data-ccp-props=\"{&quot;201341983&quot;:0,&quot;335559740&quot;:259}\">\u00a0<\/span><\/p>\n<p>[\/vc_column_text][\/vc_column_inner][\/vc_row_inner][vc_separator color=&#8221;turquoise&#8221;][vc_row_inner][vc_column_inner width=&#8221;1\/3&#8243;][vc_column_text]<\/p>\n<p style=\"text-align: center;\">Vene keel ja kirjandus, saksa keel<\/p>\n<p>[\/vc_column_text][\/vc_column_inner][vc_column_inner width=&#8221;1\/3&#8243;][vc_column_text]<\/p>\n<p style=\"text-align: center;\">Svetlana \u0160estakova<\/p>\n<p>[\/vc_column_text][\/vc_column_inner][vc_column_inner width=&#8221;1\/3&#8243;][vc_column_text]<\/p>\n<p style=\"text-align: center;\"><span data-contrast=\"none\"> E.<\/span><span data-contrast=\"none\">\u00a0\u00a0<\/span><span data-contrast=\"none\">10:00-13:00<\/span><\/p>\n<p>[\/vc_column_text][\/vc_column_inner][\/vc_row_inner][vc_separator color=&#8221;turquoise&#8221;][vc_row_inner][vc_column_inner width=&#8221;1\/3&#8243;][vc_column_text]<\/p>\n<p style=\"text-align: center;\">Geograafia (inimgeograafia ja loodusgeograafia), bioloogia<\/p>\n<p>[\/vc_column_text][\/vc_column_inner][vc_column_inner width=&#8221;1\/3&#8243;][vc_column_text]<\/p>\n<p style=\"text-align: center;\">Marina Kisseljova<\/p>\n<p>[\/vc_column_text][\/vc_column_inner][vc_column_inner width=&#8221;1\/3&#8243;][vc_column_text]<\/p>\n<p style=\"text-align: center;\"><span data-contrast=\"none\">K.<\/span><span data-contrast=\"none\">\u00a0\u00a0<\/span><span data-contrast=\"none\">10:00-13:00<\/span><\/p>\n<p>[\/vc_column_text][\/vc_column_inner][\/vc_row_inner][vc_separator color=&#8221;turquoise&#8221;][vc_row_inner][vc_column_inner width=&#8221;1\/3&#8243;][vc_column_text]<\/p>\n<p style=\"text-align: center;\">Ajalugu, \u00fchiskonna\u00f5petus<\/p>\n<p>[\/vc_column_text][\/vc_column_inner][vc_column_inner width=&#8221;1\/3&#8243;][vc_column_text]<\/p>\n<p style=\"text-align: center;\">Anatoli Grigorjev<\/p>\n<p>[\/vc_column_text][\/vc_column_inner][vc_column_inner width=&#8221;1\/3&#8243;][vc_column_text]<\/p>\n<p style=\"text-align: center;\">K. 10:00-14:00<\/p>\n<p>[\/vc_column_text][\/vc_column_inner][\/vc_row_inner][vc_separator][\/vc_column][\/vc_row]<\/p>\n","protected":false},"excerpt":{"rendered":"<p>[vc_row css=&#8221;.vc_custom_1487250199380{margin-bottom: 35px !important;}&#8221;][vc_column css=&#8221;.vc_custom_1490018662966{margin-bottom: 0px !important;}&#8221;][vc_custom_heading text=&#8221;Konsultatsioonid&#8221; font_container=&#8221;tag:h1|text_align:left&#8221; use_theme_fonts=&#8221;yes&#8221; css=&#8221;.vc_custom_1599127746978{margin-top: 0px !important;margin-bottom: 20px !important;}&#8221;][\/vc_column][\/vc_row][vc_row][vc_column][vc_column_text css_animation=&#8221;bottom-to-top&#8221;]individuaal\u00f5pe ajavahemikul 24.04.2023-30.04.2023:[\/vc_column_text][\/vc_column][\/vc_row][vc_row][vc_column width=&#8221;1\/3&#8243;][vc_column_text] \u00d5PPEAINE [\/vc_column_text][\/vc_column][vc_column width=&#8221;1\/3&#8243;][vc_column_text] \u00d5PETAJA [\/vc_column_text][\/vc_column][vc_column width=&#8221;1\/3&#8243;][vc_column_text] KONSULTATSIOONI AEG [\/vc_column_text][\/vc_column][\/vc_row][vc_row][vc_column][vc_separator color=&#8221;turquoise&#8221;][vc_row_inner][vc_column_inner width=&#8221;1\/3&#8243;][vc_column_text] Kirjandus (10-12 kl.) [\/vc_column_text][\/vc_column_inner][vc_column_inner width=&#8221;1\/3&#8243;][vc_column_text] Jelena Teder [\/vc_column_text][\/vc_column_inner][vc_column_inner width=&#8221;1\/3&#8243;][vc_column_text] Ei ole koolis ajavahemikul 24.04-30.04.23, k\u00f5ik&nbsp;<a href=\"https:\/\/www.hve.edu.ee\/e\/?page_id=145\">&hellip;<\/a><\/p>\n","protected":false},"author":1,"featured_media":0,"parent":134,"menu_order":1,"comment_status":"closed","ping_status":"closed","template":"template-sidebar-right-childpages.php","meta":[],"_links":{"self":[{"href":"https:\/\/www.hve.edu.ee\/e\/index.php?rest_route=\/wp\/v2\/pages\/145"}],"collection":[{"href":"https:\/\/www.hve.edu.ee\/e\/index.php?rest_route=\/wp\/v2\/pages"}],"about":[{"href":"https:\/\/www.hve.edu.ee\/e\/index.php?rest_route=\/wp\/v2\/types\/page"}],"author":[{"embeddable":true,"href":"https:\/\/www.hve.edu.ee\/e\/index.php?rest_route=\/wp\/v2\/users\/1"}],"replies":[{"embeddable":true,"href":"https:\/\/www.hve.edu.ee\/e\/index.php?rest_route=%2Fwp%2Fv2%2Fcomments&post=145"}],"version-history":[{"count":48,"href":"https:\/\/www.hve.edu.ee\/e\/index.php?rest_route=\/wp\/v2\/pages\/145\/revisions"}],"predecessor-version":[{"id":1940,"href":"https:\/\/www.hve.edu.ee\/e\/index.php?rest_route=\/wp\/v2\/pages\/145\/revisions\/1940"}],"up":[{"embeddable":true,"href":"https:\/\/www.hve.edu.ee\/e\/index.php?rest_route=\/wp\/v2\/pages\/134"}],"wp:attachment":[{"href":"https:\/\/www.hve.edu.ee\/e\/index.php?rest_route=%2Fwp%2Fv2%2Fmedia&parent=145"}],"curies":[{"name":"wp","href":"https:\/\/api.w.org\/{rel}","templated":true}]}}