{"id":1540,"date":"2022-01-17T10:36:51","date_gmt":"2022-01-17T08:36:51","guid":{"rendered":"https:\/\/www.hve.edu.ee\/z\/?page_id=1540"},"modified":"2023-01-27T11:55:41","modified_gmt":"2023-01-27T09:55:41","slug":"tervishoid-koolis","status":"publish","type":"page","link":"https:\/\/www.hve.edu.ee\/e\/?page_id=1540","title":{"rendered":"Tervishoid koolis"},"content":{"rendered":"<h1>Tervishoid koolis<\/h1>\n<p>Meditsiini\u00f5de teostab vaatluskontrolli igale \u00f5pilasele. Vestlused \u00f5pilase, \u00f5petaja ja lapsevanematega toimuvad regulaarselt. \u00dchistes vestlustes selguvad \u00f5pilase terviseprobleemid. Terviseprobleemid lahendatakse individuaalselt.<\/p>\n<p>Vastuv\u00f5tt koolis esmasp\u00e4eviti 9:00-16:00<\/p>\n<p>K\u00fcsimuste korral v\u00f5tke \u00fchendust:<\/p>\n<p><strong>Email: ljudmila.trubilova@kth.ee<\/strong><\/p>\n<p><strong>Tel:\u00a0 (+372 ) 56 200 143<\/strong><\/p>\n","protected":false},"excerpt":{"rendered":"<p>Tervishoid koolis Meditsiini\u00f5de teostab vaatluskontrolli igale \u00f5pilasele. Vestlused \u00f5pilase, \u00f5petaja ja lapsevanematega toimuvad regulaarselt. \u00dchistes vestlustes selguvad \u00f5pilase terviseprobleemid. Terviseprobleemid lahendatakse individuaalselt. Vastuv\u00f5tt koolis esmasp\u00e4eviti 9:00-16:00 K\u00fcsimuste korral v\u00f5tke \u00fchendust: Email: ljudmila.trubilova@kth.ee Tel:\u00a0 (+372 ) 56 200 143<\/p>\n","protected":false},"author":1,"featured_media":0,"parent":134,"menu_order":0,"comment_status":"closed","ping_status":"closed","template":"","meta":[],"_links":{"self":[{"href":"https:\/\/www.hve.edu.ee\/e\/index.php?rest_route=\/wp\/v2\/pages\/1540"}],"collection":[{"href":"https:\/\/www.hve.edu.ee\/e\/index.php?rest_route=\/wp\/v2\/pages"}],"about":[{"href":"https:\/\/www.hve.edu.ee\/e\/index.php?rest_route=\/wp\/v2\/types\/page"}],"author":[{"embeddable":true,"href":"https:\/\/www.hve.edu.ee\/e\/index.php?rest_route=\/wp\/v2\/users\/1"}],"replies":[{"embeddable":true,"href":"https:\/\/www.hve.edu.ee\/e\/index.php?rest_route=%2Fwp%2Fv2%2Fcomments&post=1540"}],"version-history":[{"count":10,"href":"https:\/\/www.hve.edu.ee\/e\/index.php?rest_route=\/wp\/v2\/pages\/1540\/revisions"}],"predecessor-version":[{"id":1835,"href":"https:\/\/www.hve.edu.ee\/e\/index.php?rest_route=\/wp\/v2\/pages\/1540\/revisions\/1835"}],"up":[{"embeddable":true,"href":"https:\/\/www.hve.edu.ee\/e\/index.php?rest_route=\/wp\/v2\/pages\/134"}],"wp:attachment":[{"href":"https:\/\/www.hve.edu.ee\/e\/index.php?rest_route=%2Fwp%2Fv2%2Fmedia&parent=1540"}],"curies":[{"name":"wp","href":"https:\/\/api.w.org\/{rel}","templated":true}]}}