{"id":156,"date":"2017-02-09T12:12:28","date_gmt":"2017-02-09T10:12:28","guid":{"rendered":"http:\/\/ed.aislinthemes.com\/?page_id=331"},"modified":"2024-03-25T12:43:51","modified_gmt":"2024-03-25T10:43:51","slug":"kooli-n","status":"publish","type":"page","link":"https:\/\/www.hve.edu.ee\/e\/?page_id=156","title":{"rendered":"Kooli n\u00f5ukogu"},"content":{"rendered":"<p>[vc_row][vc_column css=&#8221;.vc_custom_1491468571267{margin-bottom: 0px !important;}&#8221;][vc_custom_heading text=&#8221;Kooli n\u00f5ukogu&#8221; font_container=&#8221;tag:h1|text_align:left&#8221; use_theme_fonts=&#8221;yes&#8221; css=&#8221;.vc_custom_1599221841925{margin-top: 0px !important;margin-bottom: 20px !important;}&#8221;][\/vc_column][\/vc_row][vc_row][vc_column css=&#8221;.vc_custom_1491469982455{margin-bottom: 0px !important;padding-bottom: 0px !important;}&#8221;][vc_column_text css_animation=&#8221;bottom-to-top&#8221; css=&#8221;.vc_custom_1711363429411{margin-bottom: 15px !important;}&#8221;]Kooli n\u00f5ukogu koosseis 2023\/2024:<\/p>\n<p><strong>Sergei \u00a0Kornilov<\/strong> \u2013 kooli pidaja esindaja<\/p>\n<p><strong>Svetlana Ridala<\/strong> &#8211; Direktor<\/p>\n<p><strong>Maria Okas-Ozols <\/strong>\u2013 \u00f5petajate esindaja<\/p>\n<p><strong>Nina Arutyunova<\/strong> \u2013 \u00f5petajate esindaja<\/p>\n<p><strong>Viktoria Sidique<\/strong>\u00a0\u2013 g\u00fcmnaasiumi \u00f5pilaste esindaja<\/p>\n<p><strong>Ljudmila Bazovaja<\/strong> \u2013 p\u00f5hikooli vanemate esindaja<\/p>\n<p><strong>Marek G.<\/strong> &#8211; G\u00fcmnaasiumi\u00f5pilaste esindaja<\/p>\n<p>&#8212;<\/p>\n<h3><strong>Kooli n\u00f5ukogu<\/strong><\/h3>\n<div>\n<p class=\"Standard\"><b><span lang=\"ET\">\u00d5ppen\u00f5ukogu juhataja<\/span><\/b><span lang=\"ET\">: Sergei Kornilov <\/span><\/p>\n<\/div>\n<div>\n<p class=\"Standard\"><b><span lang=\"ET\">Koosoleku algus kell <\/span><\/b><span lang=\"ET\">14<\/span><span lang=\"ET\">:30 ja l\u00f5puaeg kell 16:00<\/span><\/p>\n<\/div>\n<div>\n<p class=\"Standard\"><b><span lang=\"ET\">Koosoleku toimumise kuup\u00e4ev<\/span><\/b><span lang=\"ET\">: <\/span><span lang=\"ET\">08.02.2024<\/span><\/p>\n<\/div>\n<div>\n<p class=\"Standard\"><b><span lang=\"ET\">Koosoleku toimumise koht<\/span><\/b><span lang=\"ET\">: S\u00f5le 40, Tallinn<\/span><\/p>\n<p><strong>P\u00e4evakord<\/strong><\/p>\n<ol>\n<li>Arutelu kooli arengukava, \u00f5ppekava ja nende muudatuste \u00fcle.<\/li>\n<li>Arutelu kooli tulemuste ja ettepanekute \u00fcle tarvilike meetmete rakendamiseks.<\/li>\n<li>\u00d5pilaste algatuste arutelu.<\/li>\n<li>Koolis\u00f6\u00f6kla toitlustamise arutelu.<\/li>\n<li>Kooliruumide remondivajaduse arutelu.<\/li>\n<li>Arutelu remondi-, toitlustus- ja \u00f5pilasesinduse algatuste lisatasude suuruse m\u00e4\u00e4ramise \u00fcle.<\/li>\n<\/ol>\n<\/div>\n<p>[\/vc_column_text][\/vc_column][\/vc_row]<\/p>\n","protected":false},"excerpt":{"rendered":"<p>[vc_row][vc_column css=&#8221;.vc_custom_1491468571267{margin-bottom: 0px !important;}&#8221;][vc_custom_heading text=&#8221;Kooli n\u00f5ukogu&#8221; font_container=&#8221;tag:h1|text_align:left&#8221; use_theme_fonts=&#8221;yes&#8221; css=&#8221;.vc_custom_1599221841925{margin-top: 0px !important;margin-bottom: 20px !important;}&#8221;][\/vc_column][\/vc_row][vc_row][vc_column css=&#8221;.vc_custom_1491469982455{margin-bottom: 0px !important;padding-bottom: 0px !important;}&#8221;][vc_column_text css_animation=&#8221;bottom-to-top&#8221; css=&#8221;.vc_custom_1711363429411{margin-bottom: 15px !important;}&#8221;]Kooli n\u00f5ukogu koosseis 2023\/2024: Sergei \u00a0Kornilov \u2013 kooli pidaja esindaja Svetlana Ridala &#8211; Direktor Maria Okas-Ozols \u2013 \u00f5petajate esindaja Nina Arutyunova \u2013 \u00f5petajate esindaja&nbsp;<a href=\"https:\/\/www.hve.edu.ee\/e\/?page_id=156\">&hellip;<\/a><\/p>\n","protected":false},"author":1,"featured_media":0,"parent":160,"menu_order":1,"comment_status":"closed","ping_status":"closed","template":"template-sidebar-right-childpages.php","meta":[],"_links":{"self":[{"href":"https:\/\/www.hve.edu.ee\/e\/index.php?rest_route=\/wp\/v2\/pages\/156"}],"collection":[{"href":"https:\/\/www.hve.edu.ee\/e\/index.php?rest_route=\/wp\/v2\/pages"}],"about":[{"href":"https:\/\/www.hve.edu.ee\/e\/index.php?rest_route=\/wp\/v2\/types\/page"}],"author":[{"embeddable":true,"href":"https:\/\/www.hve.edu.ee\/e\/index.php?rest_route=\/wp\/v2\/users\/1"}],"replies":[{"embeddable":true,"href":"https:\/\/www.hve.edu.ee\/e\/index.php?rest_route=%2Fwp%2Fv2%2Fcomments&post=156"}],"version-history":[{"count":16,"href":"https:\/\/www.hve.edu.ee\/e\/index.php?rest_route=\/wp\/v2\/pages\/156\/revisions"}],"predecessor-version":[{"id":2023,"href":"https:\/\/www.hve.edu.ee\/e\/index.php?rest_route=\/wp\/v2\/pages\/156\/revisions\/2023"}],"up":[{"embeddable":true,"href":"https:\/\/www.hve.edu.ee\/e\/index.php?rest_route=\/wp\/v2\/pages\/160"}],"wp:attachment":[{"href":"https:\/\/www.hve.edu.ee\/e\/index.php?rest_route=%2Fwp%2Fv2%2Fmedia&parent=156"}],"curies":[{"name":"wp","href":"https:\/\/api.w.org\/{rel}","templated":true}]}}