{"id":160,"date":"2017-01-30T11:18:49","date_gmt":"2017-01-30T09:18:49","guid":{"rendered":"http:\/\/ed.aislinthemes.com\/?page_id=8"},"modified":"2024-03-25T11:16:32","modified_gmt":"2024-03-25T09:16:32","slug":"kool","status":"publish","type":"page","link":"https:\/\/www.hve.edu.ee\/e\/?page_id=160","title":{"rendered":"Meie kool"},"content":{"rendered":"<p>[vc_row][vc_column][vc_custom_heading text=&#8221;Meie Kool 21. Sajandil&#8221; font_container=&#8221;tag:h1|text_align:left&#8221; use_theme_fonts=&#8221;yes&#8221; css_animation=&#8221;fadeInDown&#8221;][vc_column_text css_animation=&#8221;left-to-right&#8221;]<strong>MT\u00dc Kool 21. Sajandil on erakool, mis asutati 1994. aastal.<\/strong> Kool tegutseb p\u00e4evases \u00f5ppevormis \u00fches vahetuses ja v\u00f5tab vastu \u00f5pilasi k\u00f5ikidest Tallinna piirkondadest. Koolis \u00f5ppivate laste emakeel on vene keel. P\u00f5hikooli \u00f5ppekeel on vene keel, samas g\u00fcmnaasiumiosa alustab alates 2011\/12 \u00f5ppeaastast \u00fcleminekut 60% ulatuses eestikeelsele aine\u00f5ppele. Kuni 2011. aastani paiknes kool Haabersti linnaosa valitsuse territooriumil.<\/p>\n<p>Alates 1. jaanuarist 2012 asub kool aadressil S\u00f5le tee 40. Kooli \u00fcldpindala on 800 m\u00b2, millele lisanduvad spordisaal, aula, arvutiklass ja raamatukogu. Loengute ja esitluste jaoks on saadaval varustatud kabinet, sealhulgas smart-tahvel ja muu vajalik tehnika.<\/p>\n<p>\u00d5ppe- ja kasvatustegevus toimub riikliku \u00f5ppekava j\u00e4rgi.[\/vc_column_text][\/vc_column][\/vc_row][vc_row][vc_column width=&#8221;1\/2&#8243;][vc_single_image image=&#8221;782&#8243; img_size=&#8221;400&#215;200&#8243; css_animation=&#8221;left-to-right&#8221; css=&#8221;.vc_custom_1599207942789{margin-bottom: 25px !important;}&#8221;][vc_custom_heading text=&#8221;Arengu p\u00f5hilised eesm\u00e4rgid&#8221; font_container=&#8221;tag:h4|text_align:left&#8221; use_theme_fonts=&#8221;yes&#8221; css_animation=&#8221;none&#8221;][vc_column_text css_animation=&#8221;none&#8221; css=&#8221;.vc_custom_1711358089786{padding-right: 20px !important;}&#8221;]Meie kooli arengukava keskendub kooli igak\u00fclgsele edendamisele ja t\u00f5stmisele uuele tasemele, arvestades k\u00f5ikide osapoolte &#8211; \u00f5pilaste, \u00f5petajate, lapsevanemate ja koolipidajate &#8211; huve ja v\u00f5imeid. Eesm\u00e4rgiks on kooli kui tervikliku organisatsiooni areng, mille saavutamiseks kaasame koost\u00f6\u00f6le erinevaid institutsioone. See mitmekesine koost\u00f6\u00f6 h\u00f5lmab parandusi \u00f5ppe- ja kasvatustegevuses, personali arengus, suhtluses lastevanematega, strateegilises juhtimises, infotehnoloogia kasutuselev\u00f5tus ning majandustegevuses, et tagada kooli pidev kasv ja areng.[\/vc_column_text][\/vc_column][vc_column width=&#8221;1\/2&#8243; css=&#8221;.vc_custom_1459416622945{margin-bottom: 30px !important;}&#8221;][vc_single_image image=&#8221;824&#8243; img_size=&#8221;400&#215;200&#8243; style=&#8221;vc_box_rounded&#8221; css_animation=&#8221;right-to-left&#8221; css=&#8221;.vc_custom_1599207951512{margin-bottom: 25px !important;}&#8221;][vc_custom_heading text=&#8221;Meie v\u00e4\u00e4rtused&#8221; font_container=&#8221;tag:h4|text_align:left&#8221; use_theme_fonts=&#8221;yes&#8221; css_animation=&#8221;none&#8221;][vc_column_text css_animation=&#8221;none&#8221; css=&#8221;.vc_custom_1711358118253{padding-right: 20px !important;}&#8221;]Kooli missiooniks on kasvatada laiap\u00f5hjalise haridusega noori. Arvestades \u00f5pilaste vanusest tulenevaid erip\u00e4rasid, on \u00f5ppekorraldus jaotatud neljaks astmeks, kusjuures iga aste koosneb kolmest aastast. Esimesest kolmanda astmeni on \u00f5ppeaasta struktureeritud veeranditeks, neljandas astmes aga kursuste ja poolaastate kaupa.[\/vc_column_text][\/vc_column][\/vc_row]<\/p>\n","protected":false},"excerpt":{"rendered":"<p>[vc_row][vc_column][vc_custom_heading text=&#8221;Meie Kool 21. Sajandil&#8221; font_container=&#8221;tag:h1|text_align:left&#8221; use_theme_fonts=&#8221;yes&#8221; css_animation=&#8221;fadeInDown&#8221;][vc_column_text css_animation=&#8221;left-to-right&#8221;]MT\u00dc Kool 21. Sajandil on erakool, mis asutati 1994. aastal. Kool tegutseb p\u00e4evases \u00f5ppevormis \u00fches vahetuses ja v\u00f5tab vastu \u00f5pilasi k\u00f5ikidest Tallinna piirkondadest. Koolis \u00f5ppivate laste emakeel on vene keel. P\u00f5hikooli \u00f5ppekeel on vene keel, samas g\u00fcmnaasiumiosa&nbsp;<a href=\"https:\/\/www.hve.edu.ee\/e\/?page_id=160\">&hellip;<\/a><\/p>\n","protected":false},"author":1,"featured_media":0,"parent":0,"menu_order":0,"comment_status":"closed","ping_status":"closed","template":"template-sidebar-right-childpages.php","meta":[],"_links":{"self":[{"href":"https:\/\/www.hve.edu.ee\/e\/index.php?rest_route=\/wp\/v2\/pages\/160"}],"collection":[{"href":"https:\/\/www.hve.edu.ee\/e\/index.php?rest_route=\/wp\/v2\/pages"}],"about":[{"href":"https:\/\/www.hve.edu.ee\/e\/index.php?rest_route=\/wp\/v2\/types\/page"}],"author":[{"embeddable":true,"href":"https:\/\/www.hve.edu.ee\/e\/index.php?rest_route=\/wp\/v2\/users\/1"}],"replies":[{"embeddable":true,"href":"https:\/\/www.hve.edu.ee\/e\/index.php?rest_route=%2Fwp%2Fv2%2Fcomments&post=160"}],"version-history":[{"count":26,"href":"https:\/\/www.hve.edu.ee\/e\/index.php?rest_route=\/wp\/v2\/pages\/160\/revisions"}],"predecessor-version":[{"id":1985,"href":"https:\/\/www.hve.edu.ee\/e\/index.php?rest_route=\/wp\/v2\/pages\/160\/revisions\/1985"}],"wp:attachment":[{"href":"https:\/\/www.hve.edu.ee\/e\/index.php?rest_route=%2Fwp%2Fv2%2Fmedia&parent=160"}],"curies":[{"name":"wp","href":"https:\/\/api.w.org\/{rel}","templated":true}]}}