{"id":161,"date":"2017-01-30T10:16:30","date_gmt":"2017-01-30T08:16:30","guid":{"rendered":"http:\/\/ed.aislinthemes.com\/?page_id=2"},"modified":"2026-04-30T08:38:22","modified_gmt":"2026-04-30T06:38:22","slug":"meie-kool","status":"publish","type":"page","link":"https:\/\/www.hve.edu.ee\/e\/","title":{"rendered":"Meie kool"},"content":{"rendered":"<p>[vc_row][vc_column css=&#8221;.vc_custom_1490004489841{margin-bottom: 0px !important;}&#8221;][rev_slider_vc alias=&#8221;mixed-11&#8243;][\/vc_column][\/vc_row][vc_row full_width=&#8221;stretch_row&#8221; equal_height=&#8221;yes&#8221; content_placement=&#8221;middle&#8221; css=&#8221;.vc_custom_1599217822744{background-color: #eeeeee !important;}&#8221;][vc_column width=&#8221;2\/3&#8243;][vc_row_inner css=&#8221;.vc_custom_1490005665348{margin-bottom: 25px !important;}&#8221;][vc_column_inner width=&#8221;1\/3&#8243;]\n\t\t\t\t\t<a\n\t\t\t\thref=\"https:\/\/www.hve.edu.ee\/e\/?page_id=160\"\n\t\t\t\tclass=\"wh-theme-icon vc_custom_1657283987904  scp_theme_icon-5ce783664081a6cdb74336f566182bb2\"\n\t\t\t\t\t\t\t\t\ttitle=\"Meie kool\"\n\t\t\t\t\t\t\t\t\t\t\t\t><i class=\"icon-edic_account_balance\"><\/i><\/a>\n\t\t\t\t[vc_custom_heading text=&#8221;Meie Kool 21. Sajandil&#8221; font_container=&#8221;tag:h5|text_align:left|color:%23000000&#8243; use_theme_fonts=&#8221;yes&#8221; css_animation=&#8221;slideInDown&#8221; css=&#8221;.vc_custom_1657283951321{margin-top: 10px !important;margin-bottom: 5px !important;padding-left: 75px !important;}&#8221; link=&#8221;url:https%3A%2F%2Fwww.hve.edu.ee%2Fe%2F%3Fpage_id%3D160|||&#8221;][vc_custom_heading text=&#8221;Kool 21. Sajandil on erakool, asutatud aastal 1994.&#8221; font_container=&#8221;tag:h6|font_size:15px|text_align:left|color:%23979797|line_height:21px&#8221; use_theme_fonts=&#8221;yes&#8221; css_animation=&#8221;fadeIn&#8221; css=&#8221;.vc_custom_1711362452674{margin-top: 5px !important;padding-left: 75px !important;}&#8221; link=&#8221;url:https%3A%2F%2Fwww.hve.edu.ee%2Fe%2F%3Fpage_id%3D160|title:Kool%2021.%20Sajandil||&#8221;][\/vc_column_inner][vc_column_inner width=&#8221;1\/3&#8243;]\n\t\t\t\t\t<a\n\t\t\t\thref=\"https:\/\/www.hve.edu.ee\/e\/?page_id=535\"\n\t\t\t\tclass=\"wh-theme-icon vc_custom_1657283602694  scp_theme_icon-3e4c10bf4fa80e504321c26428ff382e\"\n\t\t\t\t\t\t\t\t\ttitle=\"Eksamid ja tasemet\u00f6\u00f6d\"\n\t\t\t\t\t\t\t\t\t\t\t\t><i class=\"icon-edcalendar22\"><\/i><\/a>\n\t\t\t\t[vc_custom_heading text=&#8221;Eksamid&#8221; font_container=&#8221;tag:h5|text_align:left|color:%23000000&#8243; use_theme_fonts=&#8221;yes&#8221; css_animation=&#8221;fadeInDown&#8221; css=&#8221;.vc_custom_1657283811645{margin-top: 10px !important;margin-bottom: 5px !important;padding-left: 75px !important;}&#8221; link=&#8221;url:https%3A%2F%2Fwww.hve.edu.ee%2Fe%2F%3Fpage_id%3D535|title:Eksamid%20ja%20tasemet%C3%B6%C3%B6d||&#8221;][vc_custom_heading text=&#8221;Riigieksamid ja tasemet\u00f6\u00f6d&#8221; font_container=&#8221;tag:h6|font_size:15px|text_align:left|color:%23979797|line_height:21px&#8221; use_theme_fonts=&#8221;yes&#8221; css_animation=&#8221;fadeIn&#8221; css=&#8221;.vc_custom_1711362442608{margin-top: 5px !important;padding-left: 75px !important;}&#8221; link=&#8221;url:https%3A%2F%2Fwww.hve.edu.ee%2Fe%2F%3Fpage_id%3D535|title:Riigieksamid%20ja%20tasemet%C3%B6%C3%B6d||&#8221;][\/vc_column_inner][vc_column_inner width=&#8221;1\/3&#8243; css=&#8221;.vc_custom_1490005581791{margin-bottom: 0px !important;}&#8221;]\n\t\t\t\t\t<a\n\t\t\t\thref=\"https:\/\/www.hve.edu.ee\/e\/?page_id=182\"\n\t\t\t\tclass=\"wh-theme-icon vc_custom_1657284032400  scp_theme_icon-905adb178d31f2859260f8b8534b5498\"\n\t\t\t\t\t\t\t\t\ttitle=\"Projektid ja Koolielu\"\n\t\t\t\t\t\t\t\t\t\t\t\t><i class=\"icon-edpuzzle\"><\/i><\/a>\n\t\t\t\t[vc_custom_heading text=&#8221;Projektit\u00f6\u00f6 koolis&#8221; font_container=&#8221;tag:h5|text_align:left|color:%23000000&#8243; use_theme_fonts=&#8221;yes&#8221; css_animation=&#8221;fadeInDown&#8221; css=&#8221;.vc_custom_1657284047001{margin-top: 10px !important;margin-bottom: 5px !important;padding-left: 75px !important;}&#8221; link=&#8221;url:https%3A%2F%2Fwww.hve.edu.ee%2Fe%2F%3Fpage_id%3D182|title:Projektit%C3%B6%C3%B6%20koolis||&#8221;][vc_custom_heading text=&#8221;Uute ideede leidmine ja genereerimine&#8221; font_container=&#8221;tag:h6|font_size:15px|text_align:left|color:%23979797|line_height:21px&#8221; use_theme_fonts=&#8221;yes&#8221; css_animation=&#8221;fadeIn&#8221; css=&#8221;.vc_custom_1711362433881{margin-top: 5px !important;padding-left: 75px !important;}&#8221; link=&#8221;url:https%3A%2F%2Fwww.hve.edu.ee%2Fe%2F%3Fpage_id%3D182|title:Projektit%C3%B6%C3%B6%20koolis||&#8221;][\/vc_column_inner][\/vc_row_inner][\/vc_column][vc_column width=&#8221;1\/3&#8243; css=&#8221;.vc_custom_1490004533923{margin-bottom: 0px !important;padding-top: 0px !important;background-color: #e6be1e !important;}&#8221; el_class=&#8221;hoverable&#8221;][vc_raw_html css=&#8221;.vc_custom_1489492538760{margin-bottom: 0px !important;}&#8221;]JTNDc3BhbiUyMGNsYXNzJTNEJTIyYW5pbSUyMiUzRSUzQyUyRnNwYW4lM0U=[\/vc_raw_html][vc_custom_heading text=&#8221;Kooli vastuv\u00f5tt<br \/>\n2024\/25&#8243; font_container=&#8221;tag:h2|font_size:40px|text_align:left|color:%23ffffff&#8221; use_theme_fonts=&#8221;yes&#8221; css_animation=&#8221;bounceIn&#8221; css=&#8221;.vc_custom_1743583022069{margin-top: 30px !important;margin-right: 15px !important;}&#8221; link=&#8221;url:https%3A%2F%2Fwww.hve.edu.ee%2Fe%2F%3Fpage_id%3D135|title:Vastuv%C3%B5tt%202021%2F2022.%20%C3%B5a.||&#8221;][vc_icon icon_fontawesome=&#8221;fas fa-arrow-alt-circle-right&#8221; color=&#8221;white&#8221; size=&#8221;lg&#8221; align=&#8221;right&#8221; css=&#8221;.vc_custom_1651132493789{margin-top: -52px !important;margin-right: 15px !important;}&#8221; link=&#8221;url:https%3A%2F%2Fwww.hve.edu.ee%2Fe%2F%3Fpage_id%3D135|title:Vastuv%C3%B5tt%202021%2F2022.%20%C3%B5a.||&#8221;][\/vc_column][\/vc_row][vc_section full_width=&#8221;stretch_row&#8221; css=&#8221;.vc_custom_1599137815435{padding-top: 25px !important;padding-bottom: 15px !important;background-color: #ffffff !important;}&#8221;][vc_row][vc_column width=&#8221;2\/3&#8243;][vc_column_text css_animation=&#8221;fadeIn&#8221;]MT\u00dc Kool 21. Sajandil on erakool, asutatud aastal 1994. Kool t\u00f6\u00f6tab p\u00e4evases \u00f5ppevormis, \u00fches vahetuses. \u00d5pilasi v\u00f5etakse vastu k\u00f5ikidest Tallinna piirkondadest. Koolis \u00f5ppivate laste emakeel on vene keel. P\u00f5hikooli \u00f5ppekeel on vene keel, g\u00fcmnaasiumiosas algab alates 2011\/12 \u00f5ppeaastast \u00fcleminek 60% eestikeelsele aine\u00f5ppele. 2011. aastani asus meie kool Haabersti linnavalitsuse territooriumil.<\/p>\n<p>Alates 01.11.2025 t\u00f6\u00f6tame uuel aadressil S\u00f5le tee 14. Meie \u00fcldpindala on 700 m, lisaks spordisaal, aula, arvutiklass ja raamatukogu. Loengute ja esitluste jaoks on olemas kabinet koos smart-tahvli ja muu vajalikuga. \u00d5petajate tuba on mugav t\u00f6\u00f6ks ja puhkamiseks. Seda saab kasutada \u00f5ppen\u00f5ukogude ja seminaride l\u00e4biviimiseks. Koolis on ka kooliarsti kabinet.<\/p>\n<p>\u00d5ppe- ja kasvatust\u00f6\u00f6 korraldus toimub riikliku \u00f5ppekava alusel.[\/vc_column_text][\/vc_column][vc_column width=&#8221;1\/3&#8243;][\/vc_column][\/vc_row][vc_row][vc_column][vc_separator][\/vc_column][\/vc_row][vc_row][vc_column width=&#8221;1\/4&#8243;][vc_single_image image=&#8221;824&#8243; img_size=&#8221;200&#215;150&#8243; css_animation=&#8221;none&#8221; css=&#8221;.vc_custom_1599218897495{margin-bottom: 15px !important;}&#8221;][vc_custom_heading text=&#8221;Arengu p\u00f5hilised eesm\u00e4rgid&#8221; font_container=&#8221;tag:h4|text_align:left&#8221; use_theme_fonts=&#8221;yes&#8221; css_animation=&#8221;none&#8221; css=&#8221;.vc_custom_1599218779982{margin-bottom: 10px !important;}&#8221;][vc_custom_heading text=&#8221;Meie arengukava on kooli enda arendamise kava, mida vajavad k\u00f5ik sidusr\u00fchmad: \u00f5pilased, \u00f5petajad, lapsevanemad ja koolipidaja.&#8221; font_container=&#8221;tag:p|text_align:left&#8221; use_theme_fonts=&#8221;yes&#8221;][vc_custom_heading text=&#8221;Loe rohkem&#8221; font_container=&#8221;tag:div|font_size:14px|text_align:left|color:%236c98e1&#8243; google_fonts=&#8221;font_family:Montserrat%3Aregular%2C700|font_style:400%20regular%3A400%3Anormal&#8221; css=&#8221;.vc_custom_1599219027360{margin-top: 15px !important;margin-bottom: 20px !important;}&#8221; link=&#8221;url:https%3A%2F%2Fwww.hve.edu.ee%2Fz%2F%3Fpage_id%3D160|title:Meie%20kool||&#8221;][\/vc_column][vc_column width=&#8221;1\/4&#8243;][vc_single_image image=&#8221;951&#8243; img_size=&#8221;full&#8221; css_animation=&#8221;none&#8221; css=&#8221;.vc_custom_1599219637880{margin-bottom: 15px !important;}&#8221;][vc_custom_heading text=&#8221;T\u00f6\u00f6 rahvusvaheliste projektidega&#8221; font_container=&#8221;tag:h4|text_align:left&#8221; use_theme_fonts=&#8221;yes&#8221; css_animation=&#8221;none&#8221; css=&#8221;.vc_custom_1599219131811{margin-bottom: 10px !important;}&#8221;][vc_custom_heading text=&#8221;Alates 2015. aastast on MT\u00dc Kool 21.sajandil Euroopa kooli organisatsiooni liige, mis koosneb j\u00e4rgmistest riikidest: Inglismaa, Holland, Saksamaa, Itaalia, Hispaania, Soome, Rootsi, Poola ja Eesti.&#8221; font_container=&#8221;tag:p|text_align:left&#8221; use_theme_fonts=&#8221;yes&#8221;][vc_custom_heading text=&#8221;Loe rohkem&#8221; font_container=&#8221;tag:div|font_size:14px|text_align:left|color:%236c98e1&#8243; google_fonts=&#8221;font_family:Montserrat%3Aregular%2C700|font_style:400%20regular%3A400%3Anormal&#8221; css=&#8221;.vc_custom_1599316812091{margin-top: 15px !important;margin-bottom: 20px !important;}&#8221; link=&#8221;url:https%3A%2F%2Fwww.hve.edu.ee%2Fz%2F%3Fpage_id%3D631|title:T%C3%B6%C3%B6%20rahvusvaheliste%20projektidega||&#8221;][\/vc_column][vc_column width=&#8221;1\/4&#8243;][vc_single_image image=&#8221;607&#8243; img_size=&#8221;200&#215;150&#8243;][vc_custom_heading text=&#8221;Projektit\u00f6\u00f6 koolis&#8221; font_container=&#8221;tag:h4|text_align:left&#8221; use_theme_fonts=&#8221;yes&#8221; css_animation=&#8221;none&#8221; css=&#8221;.vc_custom_1599219092273{margin-bottom: 10px !important;}&#8221;][vc_custom_heading text=&#8221;Haridusasutuse tegevuse p\u00f5hitulemus on mitte ainult teadmiste ja oskuste s\u00fcsteem omaette, vaid ka v\u00f5tmep\u00e4devuste tunnetamine nii intellektuaalses, kodanik-\u00f5iguslikus kui ka muudes olulistes valdkondades.&#8221; font_container=&#8221;tag:p|text_align:left&#8221; use_theme_fonts=&#8221;yes&#8221;][vc_custom_heading text=&#8221;Loe rohkem&#8221; font_container=&#8221;tag:div|font_size:14px|text_align:left|color:%236c98e1&#8243; google_fonts=&#8221;font_family:Montserrat%3Aregular%2C700|font_style:400%20regular%3A400%3Anormal&#8221; css=&#8221;.vc_custom_1599219110896{margin-top: 15px !important;margin-bottom: 20px !important;}&#8221; link=&#8221;url:https%3A%2F%2Fwww.hve.edu.ee%2Fz%2F%3Fpage_id%3D182|title:Projektid%20ja%20Koolielu||&#8221;][\/vc_column][vc_column width=&#8221;1\/4&#8243;][vc_custom_heading text=&#8221;T\u00f6\u00f6 rahvusvaheliste projektidega&#8221; font_container=&#8221;tag:div|font_size:14px|text_align:left|color:%237c7c7c&#8221; google_fonts=&#8221;font_family:Montserrat%3Aregular%2C700|font_style:400%20regular%3A400%3Anormal&#8221; css=&#8221;.vc_custom_1599219731518{margin-top: 25px !important;margin-bottom: 20px !important;}&#8221; link=&#8221;url:https%3A%2F%2Fwww.hve.edu.ee%2Fz%2F%3Fpage_id%3D631|title:T%C3%B6%C3%B6%20rahvusvaheliste%20projektidega||&#8221; el_class=&#8221;wh-title-with-label&#8221;][vc_custom_heading text=&#8221;Kodanike eetika&#8221; font_container=&#8221;tag:div|font_size:14px|text_align:left|color:%237c7c7c&#8221; google_fonts=&#8221;font_family:Montserrat%3Aregular%2C700|font_style:400%20regular%3A400%3Anormal&#8221; css=&#8221;.vc_custom_1599219972712{margin-top: 20px !important;margin-bottom: 20px !important;}&#8221; link=&#8221;url:https%3A%2F%2Fwww.hve.edu.ee%2Fz%2F%3Fpage_id%3D621|title:Kodanike%20eetika||&#8221;][vc_custom_heading text=&#8221;Matemaatika elutaseme t\u00f5stmiseks&#8221; font_container=&#8221;tag:div|font_size:14px|text_align:left|color:%237c7c7c&#8221; google_fonts=&#8221;font_family:Montserrat%3Aregular%2C700|font_style:400%20regular%3A400%3Anormal&#8221; css=&#8221;.vc_custom_1599220037542{margin-top: 20px !important;margin-bottom: 20px !important;}&#8221; link=&#8221;url:https%3A%2F%2Fwww.hve.edu.ee%2Fz%2F%3Fpage_id%3D624|title:Matemaatika%20elutaseme%20t%C3%B5stmiseks||&#8221;][vc_custom_heading text=&#8221;Noored t\u00f6\u00f6turul&#8221; font_container=&#8221;tag:div|font_size:14px|text_align:left|color:%237c7c7c&#8221; google_fonts=&#8221;font_family:Montserrat%3Aregular%2C700|font_style:400%20regular%3A400%3Anormal&#8221; css=&#8221;.vc_custom_1599219848277{margin-top: 20px !important;margin-bottom: 20px !important;}&#8221; link=&#8221;url:https%3A%2F%2Fwww.hve.edu.ee%2Fz%2F%3Fpage_id%3D593|title:Noored%20t%C3%B6%C3%B6turul||&#8221; el_class=&#8221;wh-title-with-label&#8221;][vc_custom_heading text=&#8221;Projektijuhtimine multikultruurilistel vahetustel&#8221; font_container=&#8221;tag:div|font_size:14px|text_align:left|color:%237c7c7c&#8221; google_fonts=&#8221;font_family:Montserrat%3Aregular%2C700|font_style:400%20regular%3A400%3Anormal&#8221; css=&#8221;.vc_custom_1599219883613{margin-top: 20px !important;margin-bottom: 20px !important;}&#8221; link=&#8221;url:https%3A%2F%2Fwww.hve.edu.ee%2Fz%2F%3Fpage_id%3D611|title:Projektijuhtimine%20multikultruurilistel%20vahetustel||&#8221; el_class=&#8221;wh-title-with-label&#8221;][vc_custom_heading text=&#8221;Kooli \u00f5ppekava&#8221; font_container=&#8221;tag:div|font_size:14px|text_align:left|color:%237c7c7c&#8221; google_fonts=&#8221;font_family:Montserrat%3Aregular%2C700|font_style:400%20regular%3A400%3Anormal&#8221; css=&#8221;.vc_custom_1599219917152{margin-top: 20px !important;margin-bottom: 20px !important;}&#8221; link=&#8221;url:https%3A%2F%2Fwww.hve.edu.ee%2Fz%2F%3Fpage_id%3D398|title:Kooli%20%C3%B5ppekava||&#8221;][vc_custom_heading text=&#8221;Dokumendid&#8221; font_container=&#8221;tag:div|font_size:14px|text_align:left|color:%237c7c7c&#8221; google_fonts=&#8221;font_family:Montserrat%3Aregular%2C700|font_style:400%20regular%3A400%3Anormal&#8221; css=&#8221;.vc_custom_1599219942308{margin-top: 20px !important;margin-bottom: 20px !important;}&#8221; link=&#8221;url:https%3A%2F%2Fwww.hve.edu.ee%2Fz%2F%3Fpage_id%3D479|title:Dokumendid||&#8221;][\/vc_column][\/vc_row][\/vc_section]<\/p>\n","protected":false},"excerpt":{"rendered":"<p>[vc_row][vc_column css=&#8221;.vc_custom_1490004489841{margin-bottom: 0px !important;}&#8221;][rev_slider_vc alias=&#8221;mixed-11&#8243;][\/vc_column][\/vc_row][vc_row full_width=&#8221;stretch_row&#8221; equal_height=&#8221;yes&#8221; content_placement=&#8221;middle&#8221; css=&#8221;.vc_custom_1599217822744{background-color: #eeeeee !important;}&#8221;][vc_column width=&#8221;2\/3&#8243;][vc_row_inner css=&#8221;.vc_custom_1490005665348{margin-bottom: 25px !important;}&#8221;][vc_column_inner width=&#8221;1\/3&#8243;][vc_custom_heading text=&#8221;Meie Kool 21. Sajandil&#8221; font_container=&#8221;tag:h5|text_align:left|color:%23000000&#8243; use_theme_fonts=&#8221;yes&#8221; css_animation=&#8221;slideInDown&#8221; css=&#8221;.vc_custom_1657283951321{margin-top: 10px !important;margin-bottom: 5px !important;padding-left: 75px !important;}&#8221; link=&#8221;url:https%3A%2F%2Fwww.hve.edu.ee%2Fe%2F%3Fpage_id%3D160|||&#8221;][vc_custom_heading text=&#8221;Kool 21. Sajandil on erakool, asutatud aastal 1994.&#8221; font_container=&#8221;tag:h6|font_size:15px|text_align:left|color:%23979797|line_height:21px&#8221; use_theme_fonts=&#8221;yes&#8221; css_animation=&#8221;fadeIn&#8221; css=&#8221;.vc_custom_1711362452674{margin-top: 5px !important;padding-left:&nbsp;<a href=\"https:\/\/www.hve.edu.ee\/e\/\">&hellip;<\/a><\/p>\n","protected":false},"author":1,"featured_media":0,"parent":0,"menu_order":0,"comment_status":"closed","ping_status":"closed","template":"template-home.php","meta":[],"_links":{"self":[{"href":"https:\/\/www.hve.edu.ee\/e\/index.php?rest_route=\/wp\/v2\/pages\/161"}],"collection":[{"href":"https:\/\/www.hve.edu.ee\/e\/index.php?rest_route=\/wp\/v2\/pages"}],"about":[{"href":"https:\/\/www.hve.edu.ee\/e\/index.php?rest_route=\/wp\/v2\/types\/page"}],"author":[{"embeddable":true,"href":"https:\/\/www.hve.edu.ee\/e\/index.php?rest_route=\/wp\/v2\/users\/1"}],"replies":[{"embeddable":true,"href":"https:\/\/www.hve.edu.ee\/e\/index.php?rest_route=%2Fwp%2Fv2%2Fcomments&post=161"}],"version-history":[{"count":191,"href":"https:\/\/www.hve.edu.ee\/e\/index.php?rest_route=\/wp\/v2\/pages\/161\/revisions"}],"predecessor-version":[{"id":2089,"href":"https:\/\/www.hve.edu.ee\/e\/index.php?rest_route=\/wp\/v2\/pages\/161\/revisions\/2089"}],"wp:attachment":[{"href":"https:\/\/www.hve.edu.ee\/e\/index.php?rest_route=%2Fwp%2Fv2%2Fmedia&parent=161"}],"curies":[{"name":"wp","href":"https:\/\/api.w.org\/{rel}","templated":true}]}}