{"id":182,"date":"2017-02-16T14:29:43","date_gmt":"2017-02-16T14:29:43","guid":{"rendered":"http:\/\/ed.aislinthemes.com\/?page_id=984"},"modified":"2024-03-25T11:25:18","modified_gmt":"2024-03-25T09:25:18","slug":"school-life","status":"publish","type":"page","link":"https:\/\/www.hve.edu.ee\/e\/?page_id=182","title":{"rendered":"Projektid ja Koolielu"},"content":{"rendered":"<p>[vc_row][vc_column][vc_custom_heading text=&#8221;Projektit\u00f6\u00f6 koolis&#8221; font_container=&#8221;tag:h1|text_align:left&#8221; use_theme_fonts=&#8221;yes&#8221; css_animation=&#8221;top-to-bottom&#8221;][vc_column_text css_animation=&#8221;bottom-to-top&#8221;]Projektit\u00f6\u00f6 koolis stimuleerib nii \u00f5petajate kui ka \u00f5pilaste huvi, toimides olulise abivahendina \u00f5ppeprotsessis. Kooli eesm\u00e4rk on arendada \u00f5pilastes terviklikku s\u00fcsteemi universaalsetest teadmistest ja oskustest, mis omakorda soodustab iseseisva tegevuse ja vastutustunde kasvu, olles t\u00e4nap\u00e4evase hariduse kvaliteedi m\u00e4\u00e4ravaks p\u00e4devuseks.<\/p>\n<p>Haridusasutuse peamine saavutus ei seisne ainult teadmiste ja oskuste s\u00fcsteemis iseenesest, vaid ka v\u00f5tmep\u00e4devuste, nagu intellektuaalne, kodanikulik ja muude oluliste valdkondade arendamises.<\/p>\n<p>See eeldab iseseisva m\u00f5tlemise v\u00f5imet, j\u00e4relduste tegemise oskust, \u00f5pitu praktilise rakendamise oskust ning infotehnoloogiliste vahendite kasutamise oskust. Uute ideede leidmine ja genereerimine ning koost\u00f6\u00f6l p\u00f5hinev lahenduste otsimine on osa l\u00e4bim\u00f5eldud projektit\u00f6\u00f6st, mis on suurep\u00e4rane vahend \u00f5pilaste, \u00f5petajate ja kooli tervikuna arendamiseks.[\/vc_column_text][vc_empty_space][vc_column_text css_animation=&#8221;bounceIn&#8221;]<a href=\"https:\/\/www.hve.edu.ee\/e\/?page_id=565\">V\u00e4lisprojektid<\/a><\/p>\n<p><a href=\"https:\/\/www.hve.edu.ee\/e\/?page_id=621\">Kodanike eetika<\/a><\/p>\n<p><a href=\"https:\/\/www.hve.edu.ee\/e\/?page_id=624\">Matemaatika elutaseme t\u00f5stmiseks<\/a><\/p>\n<p><a href=\"https:\/\/www.hve.edu.ee\/e\/?page_id=593\">Noored t\u00f6\u00f6turul<\/a><\/p>\n<p><a href=\"https:\/\/www.hve.edu.ee\/e\/?page_id=611\">Projektijuhtimine multikultruurilistel vahetustel<\/a><\/p>\n<p><a href=\"https:\/\/www.hve.edu.ee\/e\/?page_id=631\">T\u00f6\u00f6 rahvusvaheliste projektidega<\/a>[\/vc_column_text][\/vc_column][\/vc_row]<\/p>\n","protected":false},"excerpt":{"rendered":"<p>[vc_row][vc_column][vc_custom_heading text=&#8221;Projektit\u00f6\u00f6 koolis&#8221; font_container=&#8221;tag:h1|text_align:left&#8221; use_theme_fonts=&#8221;yes&#8221; css_animation=&#8221;top-to-bottom&#8221;][vc_column_text css_animation=&#8221;bottom-to-top&#8221;]Projektit\u00f6\u00f6 koolis stimuleerib nii \u00f5petajate kui ka \u00f5pilaste huvi, toimides olulise abivahendina \u00f5ppeprotsessis. Kooli eesm\u00e4rk on arendada \u00f5pilastes terviklikku s\u00fcsteemi universaalsetest teadmistest ja oskustest, mis omakorda soodustab iseseisva tegevuse ja vastutustunde kasvu, olles t\u00e4nap\u00e4evase hariduse kvaliteedi m\u00e4\u00e4ravaks p\u00e4devuseks. Haridusasutuse&nbsp;<a href=\"https:\/\/www.hve.edu.ee\/e\/?page_id=182\">&hellip;<\/a><\/p>\n","protected":false},"author":1,"featured_media":0,"parent":0,"menu_order":0,"comment_status":"closed","ping_status":"closed","template":"template-sidebar-right-childpages.php","meta":[],"_links":{"self":[{"href":"https:\/\/www.hve.edu.ee\/e\/index.php?rest_route=\/wp\/v2\/pages\/182"}],"collection":[{"href":"https:\/\/www.hve.edu.ee\/e\/index.php?rest_route=\/wp\/v2\/pages"}],"about":[{"href":"https:\/\/www.hve.edu.ee\/e\/index.php?rest_route=\/wp\/v2\/types\/page"}],"author":[{"embeddable":true,"href":"https:\/\/www.hve.edu.ee\/e\/index.php?rest_route=\/wp\/v2\/users\/1"}],"replies":[{"embeddable":true,"href":"https:\/\/www.hve.edu.ee\/e\/index.php?rest_route=%2Fwp%2Fv2%2Fcomments&post=182"}],"version-history":[{"count":11,"href":"https:\/\/www.hve.edu.ee\/e\/index.php?rest_route=\/wp\/v2\/pages\/182\/revisions"}],"predecessor-version":[{"id":1989,"href":"https:\/\/www.hve.edu.ee\/e\/index.php?rest_route=\/wp\/v2\/pages\/182\/revisions\/1989"}],"wp:attachment":[{"href":"https:\/\/www.hve.edu.ee\/e\/index.php?rest_route=%2Fwp%2Fv2%2Fmedia&parent=182"}],"curies":[{"name":"wp","href":"https:\/\/api.w.org\/{rel}","templated":true}]}}