{"id":479,"date":"2020-09-02T17:29:09","date_gmt":"2020-09-02T15:29:09","guid":{"rendered":"https:\/\/www.hve.edu.ee\/z\/?page_id=479"},"modified":"2023-11-30T15:21:12","modified_gmt":"2023-11-30T13:21:12","slug":"dokumendid","status":"publish","type":"page","link":"https:\/\/www.hve.edu.ee\/e\/?page_id=479","title":{"rendered":"Dokumendid"},"content":{"rendered":"<p>[vc_row][vc_column][vc_custom_heading text=&#8221;Dokumendid&#8221; font_container=&#8221;tag:h1|text_align:left&#8221; use_theme_fonts=&#8221;yes&#8221; css_animation=&#8221;top-to-bottom&#8221;][vc_tta_tour][vc_tta_section title=&#8221;Eestvedamine ja juhtimine&#8221; tab_id=&#8221;1671629528925-0ea10fe1-2f39&#8243;][vc_column_text css_animation=&#8221;bottom-to-top&#8221;]<\/p>\r\n<p><strong>P\u00f5hikiri:\u00a0<\/strong><\/p>\r\n<ul>\r\n<li><a href=\"https:\/\/hve.edu.ee\/old\/wp-content\/uploads\/2018\/04\/MT\u00dc-Kool-21-sajandil-erakooli-p\u00f5hikiri-01042018.pdf\" target=\"_blank\" rel=\"noreferrer noopener\">P\u00f5hikiri alates 01.04.2018<\/a><\/li>\r\n<li><a href=\"https:\/\/hve.edu.ee\/old\/wp-content\/uploads\/2017\/08\/MT\u00dc-Kool-21-sajandil-erakooli-p\u00f5hikiri.pdf\" target=\"_blank\" rel=\"noreferrer noopener\">P\u00f5hikiri kuni 31.03.2018<\/a><\/li>\r\n<\/ul>\r\n<p><a href=\"https:\/\/hve.edu.ee\/old\/wp-content\/uploads\/2016\/10\/Koolitusluba-e1476872075566.jpg\"><strong>Koolitusluba<\/strong><\/a><\/p>\r\n<p><strong>Kooli nime muutmine:<\/strong><\/p>\r\n<ul>\r\n<li><a href=\"https:\/\/dok.hm.ee\/et\/document.html?id=ba2465f4-5489-4037-80ab-db03cf7c5eb5\" target=\"_blank\" rel=\"noreferrer noopener\">Kooli nime muutmine<\/a> (HTM Ministri k\u00e4skkiri: link)<\/li>\r\n<\/ul>\r\n<p>&nbsp;<\/p>\r\n<p><strong>Kodukord:<\/strong><\/p>\r\n<ul>\r\n<li><a href=\"https:\/\/hve.edu.ee\/assets\/kodukord.pdf\">Kodukord<\/a>\u00a0(pdf)<\/li>\r\n<li><a href=\"https:\/\/hve.edu.ee\/old\/wp-content\/uploads\/2019\/10\/LISA-1.pdf\">Lisa 1<\/a>\u00a0 \u00d5pilase vallasasja hoiule v\u00f5tmise protokoll (pdf)<\/li>\r\n<li><a href=\"https:\/\/hve.edu.ee\/old\/wp-content\/uploads\/2019\/10\/LISA-2.pdf\">Lisa 2<\/a> \u00d5pilaselt eseme v\u00f5i aine kooli hoiule v\u00f5tmise ja selle p\u00f5hjuse ning \u00f5pilasele eseme v\u00f5i<br \/>aine tagastamise protokoll (pdf)<\/li>\r\n<\/ul>\r\n<p>&nbsp;<\/p>\r\n<p><strong>Sisehindamise kord:<\/strong><\/p>\r\n<ul>\r\n<li><a href=\"https:\/\/hve.edu.ee\/old\/wp-content\/uploads\/2017\/05\/sisehindamisekord.pdf\" target=\"_blank\" rel=\"noreferrer noopener\">Sisehindamise kord<\/a> (pdf)<\/li>\r\n<\/ul>\r\n<p>&nbsp;<\/p>\r\n<p><strong>Kooli \u00fcldt\u00f6\u00f6plaan:<\/strong><\/p>\r\n<ul>\r\n<li><a href=\"http:\/\/hve.edu.ee\/assets\/up2021.pdf\">\u00dcldt\u00f6\u00f6plaan aastaks 2020-2021<\/a><\/li>\r\n<\/ul>\r\n<ul>\r\n<li><a href=\"https:\/\/hve.edu.ee\/old\/wp-content\/uploads\/2019\/10\/Kooli-\u00fcldt\u00f6\u00f6plaan.pdf\">Kooli \u00fcldt\u00f6\u00f6plaan<\/a>\u00a0 (vana)<\/li>\r\n<\/ul>\r\n<p>&nbsp;<\/p>\r\n<p><strong>T\u00f6\u00f6korralduse reeglid:<\/strong><\/p>\r\n<ul>\r\n<li><a href=\"http:\/\/hve.edu.ee\/assets\/tr2021.pdf\">T\u00f6\u00f6korralduse reeglid 2021<\/a><\/li>\r\n<\/ul>\r\n<p>[\/vc_column_text][\/vc_tta_section][vc_tta_section title=&#8221;Leping&#8221; tab_id=&#8221;1671629528971-6690df1d-b9dd&#8221;][vc_column_text]<\/p>\r\n<p><strong>Leping vanemaga:<\/strong><\/p>\r\n<ul>\r\n<li><a href=\"https:\/\/hve.edu.ee\/old\/wp-content\/uploads\/2017\/08\/Leping-lapsevanemaga.pdf\" target=\"_blank\" rel=\"noreferrer noopener\">Leping vanemaga<\/a> (pdf)<\/li>\r\n<\/ul>\r\n<p>&nbsp;<\/p>\r\n<p><strong>P\u00f5hikoolis \u00f5ppiva \u00f5pilase ja erakooli pidaja vahelise lepingu lisa:<\/strong><\/p>\r\n<ul>\r\n<li><a href=\"https:\/\/hve.edu.ee\/old\/wp-content\/uploads\/2017\/08\/P\u00f5hikoolis-\u00f5ppiva-\u00f5pilase-ja-erakooli-pidaja-vahelise-lepingu-lisa.pdf\" target=\"_blank\" rel=\"noreferrer noopener\">P\u00f5hikoolis \u00f5ppiva \u00f5pilase ja erakooli pidaja vahelise lepingu lisa<\/a> (pdf)<\/li>\r\n<\/ul>\r\n<p>&nbsp;<\/p>\r\n<p><strong>G\u00fcmnaasiumis \u00f5ppiva \u00f5pilase ja erakooli pidaja vahelise lepingu lisa:<\/strong><\/p>\r\n<ul>\r\n<li><a href=\"https:\/\/hve.edu.ee\/old\/wp-content\/uploads\/2017\/08\/G\u00fcmnaasiumis-\u00f5ppiva-\u00f5pilase-ja-erakooli-pidaja-vahelise-lepingu-lisa.pdf\" target=\"_blank\" rel=\"noreferrer noopener\">G\u00fcmnaasiumis \u00f5ppiva \u00f5pilase ja erakooli pidaja vahelise lepingu lisa<\/a> (pdf)<\/li>\r\n<\/ul>\r\n<p>&nbsp;<\/p>\r\n<p>&nbsp;<\/p>\r\n<p>[\/vc_column_text][\/vc_tta_section][vc_tta_section title=&#8221;\u00d5ppe -ja kasvatusprotsess&#8221; tab_id=&#8221;1671629580765-d7f69ad9-d3ab&#8221;][vc_column_text]<\/p>\r\n<h1>\u00d5ppe -ja kasvatusprotsess<\/h1>\r\n<h3>Alates 01.02.2023:<\/h3>\r\n<ul>\r\n<li><a href=\"http:\/\/hve.edu.ee\/assets\/OK_2023.pdf\">\u00d5ppekava \u00fcldosa<\/a><\/li>\r\n<li><a href=\"https:\/\/hve.edu.ee\/assets\/G_KK_2023.pdf\">G\u00fcmnaasiumi kursuste kavad<\/a><\/li>\r\n<li><a href=\"https:\/\/hve.edu.ee\/assets\/PK_AK_2023.pdf\">P\u00f5hikooli ainekavad<\/a><\/li>\r\n<li><a href=\"https:\/\/hve.edu.ee\/old\/wp-content\/uploads\/2017\/08\/Arengukava.pdf\">Kooli arengukava<\/a><\/li>\r\n<li><a href=\"https:\/\/hve.edu.ee\/old\/wp-content\/uploads\/2017\/08\/%C3%95ppe-ja-kasvatuskorralduse-eeskirjad.pdf\">\u00d5ppe -ja kasvatuskorralduse eeskirjad<\/a><\/li>\r\n<li><a href=\"https:\/\/hve.edu.ee\/old\/wp-content\/uploads\/2017\/05\/arenguvestlustekord.pdf\">\u00d5pilastega l\u00e4biviidavate arenguvestluste korraldamise tingimused ja kord<\/a><\/li>\r\n<\/ul>\r\n<p>[\/vc_column_text][\/vc_tta_section][vc_tta_section title=&#8221;Loovt\u00f6\u00f6 juhend&#8221; tab_id=&#8221;1671629600151-82b2c88c-f593&#8243;][vc_column_text]<\/p>\r\n<p><a href=\"http:\/\/hve.edu.ee\/assets\/lt_juhend.pdf\"><strong>Loovt\u00f6\u00f6 juhend<\/strong><\/a><\/p>\r\n<p>[\/vc_column_text][\/vc_tta_section][vc_tta_section title=&#8221;Uurimist\u00f6\u00f6de koostamise ja vormistamise juhend&#8221; tab_id=&#8221;1671629604862-33ef150c-31f2&#8243;][vc_column_text]<\/p>\r\n<p><a href=\"http:\/\/hve.edu.ee\/assets\/UTJ_2023.pdf\"><strong>Uurimist\u00f6\u00f6de koostamise ja vormistamise juhend<\/strong><\/a><\/p>\r\n<p>[\/vc_column_text][\/vc_tta_section][vc_tta_section title=&#8221;Personali juhtimine&#8221; tab_id=&#8221;1671629629548-9f95df35-a0ba&#8221;][vc_column_text]<\/p>\r\n<p><strong>Koolit\u00f6\u00f6tajate koosseisu kinnitamise kord:<\/strong><\/p>\r\n<ul>\r\n<li><a href=\"https:\/\/hve.edu.ee\/old\/wp-content\/uploads\/2017\/08\/Koolit\u00f6\u00f6tajate-koosseisu-kinnitamise-kord.pdf\" target=\"_blank\" rel=\"noreferrer noopener\">Koolit\u00f6\u00f6tajate koosseisu kinnitamise kord<\/a> (pdf)<\/li>\r\n<\/ul>\r\n<p>&nbsp;<\/p>\r\n<p><strong>\u00d5ppealajuhataja\/\u00f5ppejuhi, \u00f5petajate, tugispetsialistide ning teiste \u00f5ppe- ja kasvatusalal t\u00f6\u00f6tavate isikute vabade ametikohtade t\u00e4itmiseks korraldatava konkursi l\u00e4biviimise kord<\/strong><\/p>\r\n<ul>\r\n<li><a href=\"https:\/\/hve.edu.ee\/old\/wp-content\/uploads\/2017\/08\/Konkursi-l\u00e4biviimise-kord.pdf\" target=\"_blank\" rel=\"noreferrer noopener\">\u00d5ppealajuhataja\/\u00f5ppejuhi, \u00f5petajate, tugispetsialistide ning teiste \u00f5ppe- ja kasvatusalal t\u00f6\u00f6tavate isikute vabade ametikohtade t\u00e4itmiseks korraldatava konkursi l\u00e4biviimise kord<\/a> (pdf)<\/li>\r\n<\/ul>\r\n<p>[\/vc_column_text][\/vc_tta_section][\/vc_tta_tour][\/vc_column][\/vc_row]<\/p>","protected":false},"excerpt":{"rendered":"<p>[vc_row][vc_column][vc_custom_heading text=&#8221;Dokumendid&#8221; font_container=&#8221;tag:h1|text_align:left&#8221; use_theme_fonts=&#8221;yes&#8221; css_animation=&#8221;top-to-bottom&#8221;][vc_tta_tour][vc_tta_section title=&#8221;Eestvedamine ja juhtimine&#8221; tab_id=&#8221;1671629528925-0ea10fe1-2f39&#8243;][vc_column_text css_animation=&#8221;bottom-to-top&#8221;] P\u00f5hikiri:\u00a0 P\u00f5hikiri alates 01.04.2018 P\u00f5hikiri kuni 31.03.2018 Koolitusluba Kooli nime muutmine: Kooli nime muutmine (HTM Ministri k\u00e4skkiri: link) &nbsp; Kodukord: Kodukord\u00a0(pdf) Lisa 1\u00a0 \u00d5pilase vallasasja hoiule v\u00f5tmise protokoll (pdf) Lisa 2 \u00d5pilaselt eseme v\u00f5i aine&nbsp;<a href=\"https:\/\/www.hve.edu.ee\/e\/?page_id=479\">&hellip;<\/a><\/p>\n","protected":false},"author":1,"featured_media":481,"parent":160,"menu_order":0,"comment_status":"closed","ping_status":"closed","template":"template-sidebar-right-childpages.php","meta":[],"_links":{"self":[{"href":"https:\/\/www.hve.edu.ee\/e\/index.php?rest_route=\/wp\/v2\/pages\/479"}],"collection":[{"href":"https:\/\/www.hve.edu.ee\/e\/index.php?rest_route=\/wp\/v2\/pages"}],"about":[{"href":"https:\/\/www.hve.edu.ee\/e\/index.php?rest_route=\/wp\/v2\/types\/page"}],"author":[{"embeddable":true,"href":"https:\/\/www.hve.edu.ee\/e\/index.php?rest_route=\/wp\/v2\/users\/1"}],"replies":[{"embeddable":true,"href":"https:\/\/www.hve.edu.ee\/e\/index.php?rest_route=%2Fwp%2Fv2%2Fcomments&post=479"}],"version-history":[{"count":21,"href":"https:\/\/www.hve.edu.ee\/e\/index.php?rest_route=\/wp\/v2\/pages\/479\/revisions"}],"predecessor-version":[{"id":1969,"href":"https:\/\/www.hve.edu.ee\/e\/index.php?rest_route=\/wp\/v2\/pages\/479\/revisions\/1969"}],"up":[{"embeddable":true,"href":"https:\/\/www.hve.edu.ee\/e\/index.php?rest_route=\/wp\/v2\/pages\/160"}],"wp:featuredmedia":[{"embeddable":true,"href":"https:\/\/www.hve.edu.ee\/e\/index.php?rest_route=\/wp\/v2\/media\/481"}],"wp:attachment":[{"href":"https:\/\/www.hve.edu.ee\/e\/index.php?rest_route=%2Fwp%2Fv2%2Fmedia&parent=479"}],"curies":[{"name":"wp","href":"https:\/\/api.w.org\/{rel}","templated":true}]}}