{"id":490,"date":"2020-09-03T09:19:46","date_gmt":"2020-09-03T07:19:46","guid":{"rendered":"https:\/\/www.hve.edu.ee\/z\/?page_id=490"},"modified":"2024-03-25T13:10:25","modified_gmt":"2024-03-25T11:10:25","slug":"oppenoukogud","status":"publish","type":"page","link":"https:\/\/www.hve.edu.ee\/e\/?page_id=490","title":{"rendered":"\u00d5ppen\u00f5ukogud"},"content":{"rendered":"<p>[vc_row][vc_column css_animation=&#8221;none&#8221;][vc_custom_heading text=&#8221;\u00d5ppen\u00f5ukogud&#8221; font_container=&#8221;tag:h1|text_align:left&#8221; use_theme_fonts=&#8221;yes&#8221; css_animation=&#8221;left-to-right&#8221;][vc_column_text css_animation=&#8221;right-to-left&#8221;]<strong>\u00d5ppen\u00f5ukogud 2023\/2024<\/strong><\/p>\n<ol>\n<li><span style=\"color: #333333;\">\u00d5ppen\u00f5ukogu 17.03.2024 kell 15:00 &#8211; 18:00<\/span><\/li>\n<li><span style=\"color: #333333;\">\u00d5ppen\u00f5ukogu 25<\/span>.11.2023 kell 15:30-18:00<\/li>\n<li><span style=\"color: #333333;\">\u00d5ppen\u00f5ukogu 28<\/span>.08.2023 kell 11:00-12:30<\/li>\n<\/ol>\n<p><strong>\u00d5ppen\u00f5ukogud 2022\/2023<\/strong><\/p>\n<ol>\n<li><span style=\"color: #333333;\">\u00d5ppen\u00f5ukogu 09<\/span>.06.2023 kell 14:00-15:30<\/li>\n<li><span style=\"color: #333333;\">\u00d5ppen\u00f5ukogu 17<\/span>.03.2023 kell 15:30-18:00<\/li>\n<li><span style=\"color: #333333;\">\u00d5ppen\u00f5ukogu <\/span>25.11.2022 kell 15:30-18:00<\/li>\n<li><span style=\"color: #333333;\">\u00d5ppen\u00f5ukogu <\/span>24.08.2022 kell 14:00-16:00<\/li>\n<\/ol>\n<p><strong>\u00d5ppen\u00f5ukogud 2021\/2022<\/strong><\/p>\n<p><span style=\"color: #333333;\">\u2981 Otsustati kinnitada j\u00e4rgmised \u00f5ppen\u00f5ukogu toimumise ajad:<br \/>\n\u2981 \u00d5ppen\u00f5ukogu 15.10.2021 (16:00)<br \/>\n\u2981 \u00d5ppen\u00f5ukogu 17.12.2021 (16:00)<br \/>\n\u2981 \u00d5ppen\u00f5ukogu 25.03.2022 (16:00)<br \/>\n\u2981 \u00d5ppen\u00f5ukogu 27.05.2022 (16:00)<br \/>\n\u2981 \u00d5ppen\u00f5ukogu 10.06.2022 10.-11. klassi l\u00f5petamisest (16:00)<br \/>\n\u2981 \u00d5ppen\u00f5ukogu 17.06.2022 p\u00f5hikooli l\u00f5petamisest (11:00)<br \/>\n\u2981 \u00d5ppen\u00f5ukogu 17.06.2022 g\u00fcmnaasiumi l\u00f5petamisest (11:00)<br \/>\n\u2981 \u00d5ppen\u00f5ukogu augustis<\/span><\/p>\n<p><strong>\u00d5ppeaasta 2020 \u2013 2021<\/strong><\/p>\n<p>Kooliaasta algus 01.09.2020, kooliaasta l\u00f5pp 14.06.2021.a<\/p>\n<p><span class=\"fontstyle0\">\u00d5ppen\u00f5ukogu Protokoll nr 4 <\/span><span class=\"fontstyle2\">25.03.2021<\/span><\/p>\n<p><strong>\u00d5ppen\u00f5ukogude toimumisajad<\/strong><\/p>\n<ol>\n<li>\u00f5ppen\u00f5ukogu 15.10.2020 (16.00)<\/li>\n<li>\u00f5ppen\u00f5ukogu 17.12.2020 (16.00)<\/li>\n<li>\u00f5ppen\u00f5ukogu 25.03.2021 (16.00)<\/li>\n<li>\u00f5ppen\u00f5ukogu (12. klass) 27.05.2021 (16.00)<\/li>\n<li>\u00f5ppen\u00f5ukogu 10.06.2020, 10.\u201311. klassi l\u00f5petamisest (16.00)<\/li>\n<li>\u00f5ppen\u00f5ukogu 18.06.2021, \u201eP\u00f5hikooli l\u00f5petamisest\u201d (11:00)<\/li>\n<li>\u00f5ppen\u00f5ukogu 18.06.2021, \u201eG\u00fcmnaasiumi l\u00f5petamisest\u201d (11:00)<\/li>\n<li>\u00f5ppen\u00f5ukogu augustis<\/li>\n<\/ol>\n<p><strong>\u00d5ppeaasta 2019 \u2013 2020<\/strong><\/p>\n<p>Kooliaasta algus 01.09.2019, kooliaasta l\u00f5pp 10.06.2020.a.<\/p>\n<p><strong>\u00d5ppen\u00f5ukogude toimumisajad 2019\/2020<\/strong><\/p>\n<ol>\n<li>\u00f5ppen\u00f5ukogu 17.10.2019 (16.00)<\/li>\n<li>\u00f5ppen\u00f5ukogu 19.12.2019 (16.00)<\/li>\n<li>\u00f5ppen\u00f5ukogu 26.03.2020 (16.00)<\/li>\n<li>\u00f5ppen\u00f5ukogu (12. klass) 28.05.2020 (16.00)<\/li>\n<li>\u00f5ppen\u00f5ukogu 09.06.2020, 10.\u201311. klassi l\u00f5petamisest (16.00)<\/li>\n<li>\u00f5ppen\u00f5ukogu 20.06.2020, \u201eP\u00f5hikooli l\u00f5petamisest\u201d (11:00)<\/li>\n<li>\u00f5ppen\u00f5ukogu 20.06.2020, \u201eG\u00fcmnaasiumi l\u00f5petamisest\u201d (11:00)<\/li>\n<li>8. \u00f5ppen\u00f5ukogu augustis<\/li>\n<\/ol>\n<p><strong>\u00d5ppen\u00f5ukogude toimumisajad<\/strong><\/p>\n<ol>\n<li>\u00f5ppen\u00f5ukogu 18.10.2018 (16.00)<\/li>\n<li>\u00f5ppen\u00f5ukogu 20.12.2018 (16.00)<\/li>\n<li>\u00f5ppen\u00f5ukogu 28.03.2019 (16.00)<\/li>\n<li>\u00f5ppen\u00f5ukogu (12. klass) 30.05.2019 (16.00)<\/li>\n<li>\u00f5ppen\u00f5ukogu 10.06.2019, 10.\u201311. klassi l\u00f5petamisest (16.00)<\/li>\n<li>\u00f5ppen\u00f5ukogu 17.06.2019, \u201eP\u00f5hikooli l\u00f5petamisest\u201d (11:00)<\/li>\n<li>\u00f5ppen\u00f5ukogu 19.06 \u201eG\u00fcmnaasiumi l\u00f5petamisest\u201d (11:00)<\/li>\n<li>\u00f5ppen\u00f5ukogu augustis<\/li>\n<\/ol>\n<p>[\/vc_column_text][\/vc_column][\/vc_row]<\/p>\n","protected":false},"excerpt":{"rendered":"<p>[vc_row][vc_column css_animation=&#8221;none&#8221;][vc_custom_heading text=&#8221;\u00d5ppen\u00f5ukogud&#8221; font_container=&#8221;tag:h1|text_align:left&#8221; use_theme_fonts=&#8221;yes&#8221; css_animation=&#8221;left-to-right&#8221;][vc_column_text css_animation=&#8221;right-to-left&#8221;]\u00d5ppen\u00f5ukogud 2023\/2024 \u00d5ppen\u00f5ukogu 17.03.2024 kell 15:00 &#8211; 18:00 \u00d5ppen\u00f5ukogu 25.11.2023 kell 15:30-18:00 \u00d5ppen\u00f5ukogu 28.08.2023 kell 11:00-12:30 \u00d5ppen\u00f5ukogud 2022\/2023 \u00d5ppen\u00f5ukogu 09.06.2023 kell 14:00-15:30 \u00d5ppen\u00f5ukogu 17.03.2023 kell 15:30-18:00 \u00d5ppen\u00f5ukogu 25.11.2022 kell 15:30-18:00 \u00d5ppen\u00f5ukogu 24.08.2022 kell 14:00-16:00 \u00d5ppen\u00f5ukogud 2021\/2022 \u2981 Otsustati kinnitada&nbsp;<a href=\"https:\/\/www.hve.edu.ee\/e\/?page_id=490\">&hellip;<\/a><\/p>\n","protected":false},"author":1,"featured_media":0,"parent":160,"menu_order":0,"comment_status":"closed","ping_status":"closed","template":"template-sidebar-right-childpages.php","meta":[],"_links":{"self":[{"href":"https:\/\/www.hve.edu.ee\/e\/index.php?rest_route=\/wp\/v2\/pages\/490"}],"collection":[{"href":"https:\/\/www.hve.edu.ee\/e\/index.php?rest_route=\/wp\/v2\/pages"}],"about":[{"href":"https:\/\/www.hve.edu.ee\/e\/index.php?rest_route=\/wp\/v2\/types\/page"}],"author":[{"embeddable":true,"href":"https:\/\/www.hve.edu.ee\/e\/index.php?rest_route=\/wp\/v2\/users\/1"}],"replies":[{"embeddable":true,"href":"https:\/\/www.hve.edu.ee\/e\/index.php?rest_route=%2Fwp%2Fv2%2Fcomments&post=490"}],"version-history":[{"count":15,"href":"https:\/\/www.hve.edu.ee\/e\/index.php?rest_route=\/wp\/v2\/pages\/490\/revisions"}],"predecessor-version":[{"id":2027,"href":"https:\/\/www.hve.edu.ee\/e\/index.php?rest_route=\/wp\/v2\/pages\/490\/revisions\/2027"}],"up":[{"embeddable":true,"href":"https:\/\/www.hve.edu.ee\/e\/index.php?rest_route=\/wp\/v2\/pages\/160"}],"wp:attachment":[{"href":"https:\/\/www.hve.edu.ee\/e\/index.php?rest_route=%2Fwp%2Fv2%2Fmedia&parent=490"}],"curies":[{"name":"wp","href":"https:\/\/api.w.org\/{rel}","templated":true}]}}