{"id":499,"date":"2020-09-03T09:26:13","date_gmt":"2020-09-03T07:26:13","guid":{"rendered":"https:\/\/www.hve.edu.ee\/z\/?page_id=499"},"modified":"2023-08-31T19:17:00","modified_gmt":"2023-08-31T17:17:00","slug":"oppemaks-2018-2019-uldinfo","status":"publish","type":"page","link":"https:\/\/www.hve.edu.ee\/e\/?page_id=499","title":{"rendered":"\u00d5ppemaks 2023\/2024.\u00f5.a. \u00dclds\u00e4tted."},"content":{"rendered":"<p>[vc_row][vc_column][vc_custom_heading text=&#8221;\u00d5ppemaks. \u00dclds\u00e4tted (uuendatud 18.07.2023)&#8221; font_container=&#8221;tag:h1|text_align:left&#8221; use_theme_fonts=&#8221;yes&#8221; css_animation=&#8221;slideInUp&#8221;][vc_column_text css_animation=&#8221;none&#8221;]<strong>\u00d5ppemaksu suurus ja selle arvestamise alused <\/strong><\/p>\n<ol>\n<li>\u00d5ppemaksu suuruse kehtestab Kooli pidaja erakooliseaduses s\u00e4testatud tingimustel. \u00d5ppemaksu suurus alates 2023\/2024 \u00f5ppeaastast on 155.- eurot kuus, \u00f5ppeaasta eest 1860.- eurot. Iga \u00f5ppeaasta algab kalendrisaasta 01 septembril ja l\u00f5peb j\u00e4rgmise kalendriaasta 31. augustil.<\/li>\n<li>\u00d5ppemaksu suurust ei muudeta \u00f5ppeaasta jooksul. Kooli pidaja v\u00f5ib t\u00f5sta \u00f5ppemaksu suurust kuni 10% kahe \u00f5ppeaasta vahel, l\u00e4htudes erakooliseaduse \u00a7 22 l\u00f5ikest 6.<\/li>\n<li>Kooli astumisel tuleb \u00d5pilasel v\u00f5i Vanemal lisaks \u00f5ppemaksule tasuda \u00fchekordne sissemakse 224.- eurot, mis ei ole \u00f5ppemaks ja on m\u00f5eldud kooli inventari ja varustuse soetamiseks ja lisateenuste summat lepitakse kokku eraldi.<\/li>\n<li>\u00d5ppemaks erakooliseaduse \u00a7 22 l\u00f5ige 7 t\u00e4henduses on \u00f5pilaselt v\u00f5i tema vanemalt n\u00f5utav mistahes tasu \u00f5pilase era\u00fcldhariduskooli vastuv\u00f5tmise v\u00f5i \u00f5ppekava t\u00e4itmise, sealhulgas \u00f5pikeskkonna loomise eest. \u00d5ppemaksu hulka ei arvata \u00f5ppekavav\u00e4liste tegevuste kulusid, sealhulgas huvitegevuse ja pikap\u00e4evar\u00fchma kulusid ning koolitoidu, majutuse, transpordi ja muude \u00f5ppimist toetavate teenustega seotud kulusid.<\/li>\n<li>Juhul, kui \u00f5pilasele on tarvilik tagada koolis eripedagoogi, logopeedi, ps\u00fchholoogi ja sotsiaalpedagoogi teenus, lepitakse lisateenuste summat kokku eraldi ja vormistatakse Lepingu lisana ning tasutakse \u00fcheaegselt \u00f5ppemaksuga Lepingu punktis 6.3. toodud t\u00e4htajaks.<\/li>\n<li>Lisaks \u00f5ppemaksule tasub \u00d5pilane v\u00f5i Vanem koolis kasutatavate ja \u00d5pilasega seotud \u00f5ppevahendite ja -materjalide ning \u00f5ppekava v\u00e4liste tegevuste, sh huvitegevuse ning \u00f5ppek\u00e4ikudega seotud kulud. Samuti ei sisalda \u00f5ppemaks \u00fcritustel, kontserditel, n\u00e4itustel, etendustel jms osalemise kulusid, mille eest \u00d5pilane v\u00f5i Vanem tasub eraldi.<\/li>\n<\/ol>\n<p><strong>\u00d5ppemaksu tasumise kord ja t\u00e4htaeg<\/strong><\/p>\n<ol>\n<li>\u00d5pilane v\u00f5i Vanem tasub Lepingu alusel ja selles s\u00e4testatud tingimustel \u00f5ppemaksu \u00d5pilase \u00f5iguse eest \u00f5ppida koolis.<\/li>\n<li>\u00d5pilane v\u00f5i Vanem kohustub tasuma Kooli pidaja poolt m\u00e4\u00e4ratud suuruses \u00f5ppemaksu.<\/li>\n<li>Lepingu alusel tasutav \u00f5ppemaks ja kokkulepitud lisatasud tuleb \u00d5pilasel v\u00f5i Vanemal tasuda Kooli pidaja Arve alusel panga\u00fclekandega igakuiselt hiljemalt 15-ks kuup\u00e4evaks alates \u00f5ppeaasta algusest kuni l\u00f5puni (12 makset). Juhul, \u00d5pilane astub \u00f5pinguid mitte \u00f5ppeaasta algusest, tasutakse \u00d5ppemaks faktilise \u00f5pingute aja eest.<\/li>\n<li>\u00d5ppemaksu t\u00e4htaegadest mittekinnipidamisel on Kooli pidajal \u00f5igus n\u00f5uda viivist. \u00dche p\u00e4eva viivise suuruseks on 0,06% ja seda tulenevalt Riigikohtu 10. mai 2016 aasta otsusest nr 3-2-1-25-16. V\u00f5lgnevuse tasumisel loetakse tasutuks esmaj\u00e4rjekorras viivis ja seej\u00e4rel p\u00f5hiv\u00f5lgnevus.<\/li>\n<li>Kui \u00d5pilasel v\u00f5i Vanemal on \u00f5ppemaks tasumata kolme kuu summa ulatuses, siis Kooli pidajal on \u00f5igus p\u00f6\u00f6rduda kohtusse v\u00f5la sissen\u00f5udmiseks ning algatada Lepingu l\u00f5petamine, kui \u00d5pilane v\u00f5i Vanem ei ole Kooli pidajaga s\u00f5lminud eraldi kokkulepet v\u00f5lgnevuse tasumiseks.<\/li>\n<li>Tasutud \u00f5ppemaksu ei tagastata.<\/li>\n<li>Lepingu \u00fcles\u00fctlemisel \u00d5pilase v\u00f5i Vanema poolt enne \u00f5ppeaasta l\u00f5ppu kuulub \u00d5pilase v\u00f5i Vanema poolt tasumisele \u00f5ppemaksu igakuine osa t\u00e4ies ulatuses Lepingu \u00fcles\u00fctlemise kuul ning \u00fcles\u00fctlemisele j\u00e4rgneval kuul proportsionaalselt Lepingu kehtivuse p\u00e4evade arvuga \u00fcles\u00fctlemisele j\u00e4rgneval kuul.<\/li>\n<\/ol>\n<p>[\/vc_column_text][\/vc_column][\/vc_row]<\/p>\n","protected":false},"excerpt":{"rendered":"<p>[vc_row][vc_column][vc_custom_heading text=&#8221;\u00d5ppemaks. \u00dclds\u00e4tted (uuendatud 18.07.2023)&#8221; font_container=&#8221;tag:h1|text_align:left&#8221; use_theme_fonts=&#8221;yes&#8221; css_animation=&#8221;slideInUp&#8221;][vc_column_text css_animation=&#8221;none&#8221;]\u00d5ppemaksu suurus ja selle arvestamise alused \u00d5ppemaksu suuruse kehtestab Kooli pidaja erakooliseaduses s\u00e4testatud tingimustel. \u00d5ppemaksu suurus alates 2023\/2024 \u00f5ppeaastast on 155.- eurot kuus, \u00f5ppeaasta eest 1860.- eurot. Iga \u00f5ppeaasta algab kalendrisaasta 01 septembril ja l\u00f5peb j\u00e4rgmise kalendriaasta&nbsp;<a href=\"https:\/\/www.hve.edu.ee\/e\/?page_id=499\">&hellip;<\/a><\/p>\n","protected":false},"author":1,"featured_media":0,"parent":160,"menu_order":0,"comment_status":"closed","ping_status":"closed","template":"template-sidebar-right-childpages.php","meta":[],"_links":{"self":[{"href":"https:\/\/www.hve.edu.ee\/e\/index.php?rest_route=\/wp\/v2\/pages\/499"}],"collection":[{"href":"https:\/\/www.hve.edu.ee\/e\/index.php?rest_route=\/wp\/v2\/pages"}],"about":[{"href":"https:\/\/www.hve.edu.ee\/e\/index.php?rest_route=\/wp\/v2\/types\/page"}],"author":[{"embeddable":true,"href":"https:\/\/www.hve.edu.ee\/e\/index.php?rest_route=\/wp\/v2\/users\/1"}],"replies":[{"embeddable":true,"href":"https:\/\/www.hve.edu.ee\/e\/index.php?rest_route=%2Fwp%2Fv2%2Fcomments&post=499"}],"version-history":[{"count":19,"href":"https:\/\/www.hve.edu.ee\/e\/index.php?rest_route=\/wp\/v2\/pages\/499\/revisions"}],"predecessor-version":[{"id":1949,"href":"https:\/\/www.hve.edu.ee\/e\/index.php?rest_route=\/wp\/v2\/pages\/499\/revisions\/1949"}],"up":[{"embeddable":true,"href":"https:\/\/www.hve.edu.ee\/e\/index.php?rest_route=\/wp\/v2\/pages\/160"}],"wp:attachment":[{"href":"https:\/\/www.hve.edu.ee\/e\/index.php?rest_route=%2Fwp%2Fv2%2Fmedia&parent=499"}],"curies":[{"name":"wp","href":"https:\/\/api.w.org\/{rel}","templated":true}]}}