{"id":535,"date":"2020-09-03T12:18:03","date_gmt":"2020-09-03T10:18:03","guid":{"rendered":"https:\/\/www.hve.edu.ee\/z\/?page_id=535"},"modified":"2024-03-25T11:23:56","modified_gmt":"2024-03-25T09:23:56","slug":"eksamid-ja-tasemetood","status":"publish","type":"page","link":"https:\/\/www.hve.edu.ee\/e\/?page_id=535","title":{"rendered":"Eksamid ja tasemet\u00f6\u00f6d"},"content":{"rendered":"<p>[vc_row][vc_column][vc_custom_heading text=&#8221;Eksamid ja tasemet\u00f6\u00f6d&#8221; font_container=&#8221;tag:h1|text_align:left&#8221; use_theme_fonts=&#8221;yes&#8221;][\/vc_column][\/vc_row][vc_row][vc_column][vc_custom_heading text=&#8221;Eksamite toimumisajad&#8221; font_container=&#8221;tag:h3|text_align:left&#8221;][vc_column_text]<\/p>\n<p><strong>Eesti keel (kirjalik)<\/strong><\/p>\n<p>P\u00f5hieksam: 22. aprill 2024<\/p>\n<p>Lisaeksam: 20. mai 2024<\/p>\n<p><strong>B2-taseme eksamiga \u00fchitatud eesti keel teise keelena (kirjalik)<\/strong><\/p>\n<p>P\u00f5hieksam: 23. aprill 2024<\/p>\n<p>Lisaeksam: 27. mai 2024<\/p>\n<p><strong>B2-taseme eksamiga \u00fchitatud eesti keel teise keelena (suuline)<\/strong><\/p>\n<p>P\u00f5hieksam: 23.\u201326. aprill 2024<\/p>\n<p>Lisaeksam: 27.\u201328. mai 2024<\/p>\n<p><strong>Inglise keel B1\/B2-tasemel (kirjalik)<\/strong><\/p>\n<p>P\u00f5hieksam: 2. mai 2024<\/p>\n<p>Lisaeksam: 29. mai 2024<\/p>\n<p><strong>Inglise keel B1\/B2-tasemel (suuline)<\/strong><\/p>\n<p>P\u00f5hieksam: 2.\u20133. mai; 6.\u20137. mai 2024<\/p>\n<p>Lisaeksam: 29.\u201330. mai 2024<\/p>\n<p><strong>Matemaatika (kirjalik)<\/strong><\/p>\n<p>P\u00f5hieksam: 23. mai 2024<\/p>\n<p>Lisaeksam: 6. juuni 2024<\/p>\n<h2>P\u00f5hikooli l\u00f5pueksamid 2023\/2024. \u00f5ppeaastal<\/h2>\n<ul>\n<li>eesti keel (kirjalik) \u2013 31. mai 2024. a;<\/li>\n<li>B1-taseme eksamiga \u00fchitatud eesti keel teise keelena (kirjalik) \u2013 20. mai 2024. a;<\/li>\n<li>B1-taseme eksamiga \u00fchitatud eesti keel teise keelena (suuline) \u2013 20.\u201322. mai 2024. a;<\/li>\n<li>matemaatika (kirjalik) \u2013 6. juuni 2024. a;<\/li>\n<li>valikeksam vene keeles, bioloogias, keemias, f\u00fc\u00fcsikas, geograafias, ajaloos, \u00fchiskonna\u00f5petuses v\u00f5i inglise keeles (B1-tasemel), prantsuse keeles (B1-tasemel), saksa keeles (B1-tasemel) v\u00f5i vene keeles v\u00f5\u00f5rkeelena (B1-tasemel)(kirjalik) \u2013 12. juuni 2024. a;<\/li>\n<li>valikeksam prantsuse keeles (B1-tasemel), saksa keeles (B1-tasemel) v\u00f5i vene keeles v\u00f5\u00f5rkeelena (B1-tasemel)(suuline) \u2013 12.\u201313. juuni 2024. a;<\/li>\n<li>valikeksam inglise keeles (B1-tasemel)(suuline) \u2013 12.\u201314. juuni 2024. a.<\/li>\n<\/ul>\n<p>2023\/2024. \u00f5ppeaastal teeme B1-taseme eksamiga \u00fchitatud eesti keele teise keelena tulemused koolidele teatavaks <strong>13. juunil 2024. a.<\/strong>[\/vc_column_text][vc_column_text]<\/p>\n<p class=\"lead text-align-justify\">Eksamile p\u00e4\u00e4semiseks tuleb end registreerida hiljemalt jooksva \u00f5ppeaasta 20. jaanuariks.\u00a0Iga sooritaja registreerib end eksamitele ise.<\/p>\n<p>Registreerumine toimub Eksamite Infos\u00fcsteemis EIS. EIS s\u00fcsteemi saab siseneda ID-kaardi, Mobiil-ID, Smart-ID v\u00f5i HarID-ga. Kui \u00f5pilasele ei sobi \u00fckski v\u00f5imalus, saab ta k\u00fcsida oma kooli EISi administraatorilt parooli.[\/vc_column_text]<a href=\"https:\/\/eis.ekk.edu.ee\/eis\" class=\"wh-button  scp_theme_button-925f7c5339f07bae2e2a223b56145828\" title=\"EIS veebileht\" target=\" _blank\">EIS veebileht<\/a>[vc_separator][vc_custom_heading text=&#8221;P\u00f5hikooli l\u00f5pueksamite toimumisajad 2023\/2024. \u00f5ppeaastal&#8221; font_container=&#8221;tag:h3|text_align:left&#8221;][vc_column_text]<\/p>\n<ul>\n<li>B1-taseme eksamiga \u00fchitatud\u00a0<strong>eesti keel teise keelena (kirjalik)<\/strong> \u2013 20. mai 2024 a.<\/li>\n<li>B1-taseme eksamiga \u00fchitatud\u00a0<strong>eesti keel teise keelena (suuline)<\/strong> \u2013 20.-22. mai 2024 a.<\/li>\n<li><strong>Matemaatika (kirjalik)<\/strong> \u2013 6. juuni 2024 a.<\/li>\n<li><strong>Valikeksam vene keeles, bioloogias, keemias, f\u00fc\u00fcsikas, geograafias, ajaloos, \u00fchiskonna\u00f5petuses v\u00f5i inglise, prantsuse, saksa v\u00f5i vene keeles v\u00f5\u00f5rkeelena (kirjalik)<\/strong> \u2013 12. juuni 2024 a.<\/li>\n<li><strong>Valikeksam inglise, prantsuse, saksa v\u00f5i vene keeles v\u00f5\u00f5rkeelena (suuline)<\/strong> \u2013 12.\u201313. juuni 2024 a.<\/li>\n<li><strong>Valikeksam inglise keeles (suuline)<\/strong> \u2013 12.-14. juuni 2024 a.<\/li>\n<\/ul>\n<p>[\/vc_column_text][\/vc_column][\/vc_row][vc_row][vc_column][vc_custom_heading text=&#8221;B2-taseme eksamiga \u00fchitatud eesti keel teise keelena&#8221; font_container=&#8221;tag:h3|text_align:left&#8221;][vc_column_text]<\/p>\n<div class=\"row\">Eesti keele eksamit\u00f6\u00f6 koosneb kahest osast, millega hinnatakse \u00f5pilase funktsionaalset lugemis- ja kirjutamisoskust. Eesti keele kui teise keele riigieksam koosneb kirjalikust ja suulisest osast.<\/div>\n<div><\/div>\n<div class=\"row\">Eesti keele ning eesti keele teise keelena eksami tulemus esitatakse punktidena. \u00d5pilane on eksami sooritanud ja saab g\u00fcmnaasiumi l\u00f5petada, kui ta kogub eksamil v\u00e4hemalt \u00fche punkti, mis on minimaalne positiivne tulemus.<\/div>\n<div><\/div>\n<div class=\"row\">\u00d5pilasele, kes sooritab eesti keele teise keelena riigieksami ja saavutab v\u00e4hemalt 60 protsenti maksimaalsest tulemusest, v\u00e4ljastatakse eesti keele B2-taseme tunnistus.<\/div>\n<div><\/div>\n<div class=\"row\">\u00d5pilane, kellel on olemas vastavalt Keeleseadusele v\u00e4ljastatud eesti keele oskuse C1-taseme tunnistus, mida ta esitab koolile hiljemalt jooksva \u00f5ppeaasta 20. jaanuariks, ei pea sooritama eesti keele eksamit v\u00f5i eesti keele teise keelena eksamit.<\/div>\n<p>[\/vc_column_text][\/vc_column][vc_column][\/vc_column][vc_column][\/vc_column][\/vc_row][vc_row][vc_column][vc_custom_heading text=&#8221;Rahvusvaheliselt tunnustatud v\u00f5\u00f5rkeele eksamid&#8221; font_container=&#8221;tag:h3|text_align:left&#8221;][vc_column_text]\u00d5pilane ei pea sooritama v\u00f5\u00f5rkeele eksamit, kui ta esitab koolile hiljemalt jooksva \u00f5ppeaasta 20. jaanuariks v\u00e4hemalt jooksva \u00f5ppeaasta 31. augustini kehtiva eksamitunnistuse v\u00f5i t\u00f5endi, mis t\u00f5endab, et ta on sooritanud v\u00e4hemalt B1 keeleoskuse tasemele \u00fche j\u00e4rgmistest rahvusvaheliselt tunnustatud eksamitest:<\/p>\n<ul>\n<li>Cambridge English: B1 Preliminary (PET) (inglise keel);<\/li>\n<li>Cambridge English: B2 First (FCE) (inglise keel);<\/li>\n<li>Cambridge English: C1 Advanced (CAE) (inglise keel);<\/li>\n<li>Cambridge English: C2 Proficiency (CPE) (inglise keel);<\/li>\n<li>The International English Language Testing System (IELTS) (inglise keel);<\/li>\n<li>Test of English as a Foreign Language (TOEFL) iBT (inglise keel);<\/li>\n<li>Pearson Test of English General (PTE General) (inglise keel);<\/li>\n<li>Dipl\u00f4me d&#8217;\u00e9tudes en langue fran\u00e7aise (DELF B1) (prantsuse keel);<\/li>\n<li>Dipl\u00f4me d&#8217;\u00e9tudes en langue fran\u00e7aise (DELF B2) (prantsuse keel);<\/li>\n<li>Dipl\u00f4me approfondi en langue fran\u00e7aise (DALF C1) (prantsuse keel);<\/li>\n<li><em>Goethe-Zertifikat<\/em>\u00a0B1-tase (saksa keel);<\/li>\n<li><em>Goethe-Zertifikat<\/em>\u00a0B2-tase (saksa keel);<\/li>\n<li><em>Goethe-Zertifikat<\/em>\u00a0C1-tase (saksa keel);<\/li>\n<li><em>Goethe-Zertifikat<\/em>\u00a0C2-tase (saksa keel);<\/li>\n<li><em>TestDaF<\/em>\u00a0(TDN3) (saksa keel);<\/li>\n<li><em>TestDaF<\/em>\u00a0(TDN4) (saksa keel);<\/li>\n<li><em>TestDaF<\/em>\u00a0(TDN5) (saksa keel);<\/li>\n<li><em>\u00d6sterreichisches Sprachdiplom Zertifikat B1<\/em>\u00a0(saksa keel);<\/li>\n<li><em>\u00d6sterreichisches Sprachdiplom B2 Mittelstufe Deutsch<\/em>\u00a0(saksa keel);<\/li>\n<li><em>\u00d6sterreichisches Sprachdiplom C1 Oberstufe Deutsch<\/em>\u00a0(saksa keel);<\/li>\n<li>Saksa I astme keelediplomi eksam B1-tase (saksa keel).<\/li>\n<li>Saksa II astme keelediplomi B2-tase (saksa keel)<\/li>\n<li>Saksa II astme keelediplomi C1-tase (saksa keel)<\/li>\n<li>Saksa \u00fcldise k\u00f5rgkoolik\u00fcpsuse saksa keele eksam<\/li>\n<li>\u0442\u0435\u0441\u0442 \u043f\u043e \u0440\u0443\u0441\u0441\u043a\u043e\u043c\u0443 \u044f\u0437\u044b\u043a\u0443 \u043a\u0430\u043a \u0438\u043d\u043e\u0441\u0442\u0440\u0430\u043d\u043d\u043e\u043c\u0443 B1-tase (vene keel)<\/li>\n<li>\u0442\u0435\u0441\u0442 \u043f\u043e \u0440\u0443\u0441\u0441\u043a\u043e\u043c\u0443 \u044f\u0437\u044b\u043a\u0443 \u043a\u0430\u043a \u0438\u043d\u043e\u0441\u0442\u0440\u0430\u043d\u043d\u043e\u043c\u0443 B2- tase (vene keel)<\/li>\n<\/ul>\n<p>[\/vc_column_text][\/vc_column][\/vc_row]<\/p>\n","protected":false},"excerpt":{"rendered":"<p>[vc_row][vc_column][vc_custom_heading text=&#8221;Eksamid ja tasemet\u00f6\u00f6d&#8221; font_container=&#8221;tag:h1|text_align:left&#8221; use_theme_fonts=&#8221;yes&#8221;][\/vc_column][\/vc_row][vc_row][vc_column][vc_custom_heading text=&#8221;Eksamite toimumisajad&#8221; font_container=&#8221;tag:h3|text_align:left&#8221;][vc_column_text] Eesti keel (kirjalik) P\u00f5hieksam: 22. aprill 2024 Lisaeksam: 20. mai 2024 B2-taseme eksamiga \u00fchitatud eesti keel teise keelena (kirjalik) P\u00f5hieksam: 23. aprill 2024 Lisaeksam: 27. mai 2024 B2-taseme eksamiga \u00fchitatud eesti keel teise keelena (suuline) P\u00f5hieksam:&nbsp;<a href=\"https:\/\/www.hve.edu.ee\/e\/?page_id=535\">&hellip;<\/a><\/p>\n","protected":false},"author":1,"featured_media":0,"parent":134,"menu_order":0,"comment_status":"closed","ping_status":"closed","template":"template-sidebar-right-childpages.php","meta":[],"_links":{"self":[{"href":"https:\/\/www.hve.edu.ee\/e\/index.php?rest_route=\/wp\/v2\/pages\/535"}],"collection":[{"href":"https:\/\/www.hve.edu.ee\/e\/index.php?rest_route=\/wp\/v2\/pages"}],"about":[{"href":"https:\/\/www.hve.edu.ee\/e\/index.php?rest_route=\/wp\/v2\/types\/page"}],"author":[{"embeddable":true,"href":"https:\/\/www.hve.edu.ee\/e\/index.php?rest_route=\/wp\/v2\/users\/1"}],"replies":[{"embeddable":true,"href":"https:\/\/www.hve.edu.ee\/e\/index.php?rest_route=%2Fwp%2Fv2%2Fcomments&post=535"}],"version-history":[{"count":32,"href":"https:\/\/www.hve.edu.ee\/e\/index.php?rest_route=\/wp\/v2\/pages\/535\/revisions"}],"predecessor-version":[{"id":1988,"href":"https:\/\/www.hve.edu.ee\/e\/index.php?rest_route=\/wp\/v2\/pages\/535\/revisions\/1988"}],"up":[{"embeddable":true,"href":"https:\/\/www.hve.edu.ee\/e\/index.php?rest_route=\/wp\/v2\/pages\/134"}],"wp:attachment":[{"href":"https:\/\/www.hve.edu.ee\/e\/index.php?rest_route=%2Fwp%2Fv2%2Fmedia&parent=535"}],"curies":[{"name":"wp","href":"https:\/\/api.w.org\/{rel}","templated":true}]}}