{"id":544,"date":"2020-09-03T12:23:49","date_gmt":"2020-09-03T10:23:49","guid":{"rendered":"https:\/\/www.hve.edu.ee\/z\/?page_id=544"},"modified":"2020-09-04T14:20:49","modified_gmt":"2020-09-04T12:20:49","slug":"riiklikku-jarelevalve-kontaktandmed","status":"publish","type":"page","link":"https:\/\/www.hve.edu.ee\/e\/?page_id=544","title":{"rendered":"Riiklikku j\u00e4relevalve kontaktandmed"},"content":{"rendered":"<p>[vc_row][vc_column][vc_custom_heading text=&#8221;Riiklikku j\u00e4relevalve kontaktandmed&#8221; font_container=&#8221;tag:h1|text_align:left&#8221; use_theme_fonts=&#8221;yes&#8221; css_animation=&#8221;top-to-bottom&#8221;][vc_column_text css_animation=&#8221;bottom-to-top&#8221;]<\/p>\r\n<p>Riiklikku j\u00e4relevalvet teostab kooli \u00fcle Harjumaa piirkonna ekspert Piret Hiisj\u00e4rv (<a href=\"mailto:Piret.Hiisjarv@hm.ee\">Piret.Hiisjarv@hm.ee<\/a>, tel 56876436), kes \u00fchtlasi lahendab ka \u00f5ppe- ja kasvatustegevuse\u00a0 \u00f5igusp\u00e4rasusega\u00a0 seotud p\u00f6\u00f6rdumisi.<\/p>\r\n<p>\u00a0<\/p>\r\n<p>[\/vc_column_text][\/vc_column][\/vc_row]<\/p>","protected":false},"excerpt":{"rendered":"<p>[vc_row][vc_column][vc_custom_heading text=&#8221;Riiklikku j\u00e4relevalve kontaktandmed&#8221; font_container=&#8221;tag:h1|text_align:left&#8221; use_theme_fonts=&#8221;yes&#8221; css_animation=&#8221;top-to-bottom&#8221;][vc_column_text css_animation=&#8221;bottom-to-top&#8221;] Riiklikku j\u00e4relevalvet teostab kooli \u00fcle Harjumaa piirkonna ekspert Piret Hiisj\u00e4rv (Piret.Hiisjarv@hm.ee, tel 56876436), kes \u00fchtlasi lahendab ka \u00f5ppe- ja kasvatustegevuse\u00a0 \u00f5igusp\u00e4rasusega\u00a0 seotud p\u00f6\u00f6rdumisi. \u00a0 [\/vc_column_text][\/vc_column][\/vc_row]<\/p>\n","protected":false},"author":1,"featured_media":0,"parent":134,"menu_order":0,"comment_status":"closed","ping_status":"closed","template":"template-sidebar-right-childpages.php","meta":[],"_links":{"self":[{"href":"https:\/\/www.hve.edu.ee\/e\/index.php?rest_route=\/wp\/v2\/pages\/544"}],"collection":[{"href":"https:\/\/www.hve.edu.ee\/e\/index.php?rest_route=\/wp\/v2\/pages"}],"about":[{"href":"https:\/\/www.hve.edu.ee\/e\/index.php?rest_route=\/wp\/v2\/types\/page"}],"author":[{"embeddable":true,"href":"https:\/\/www.hve.edu.ee\/e\/index.php?rest_route=\/wp\/v2\/users\/1"}],"replies":[{"embeddable":true,"href":"https:\/\/www.hve.edu.ee\/e\/index.php?rest_route=%2Fwp%2Fv2%2Fcomments&post=544"}],"version-history":[{"count":4,"href":"https:\/\/www.hve.edu.ee\/e\/index.php?rest_route=\/wp\/v2\/pages\/544\/revisions"}],"predecessor-version":[{"id":995,"href":"https:\/\/www.hve.edu.ee\/e\/index.php?rest_route=\/wp\/v2\/pages\/544\/revisions\/995"}],"up":[{"embeddable":true,"href":"https:\/\/www.hve.edu.ee\/e\/index.php?rest_route=\/wp\/v2\/pages\/134"}],"wp:attachment":[{"href":"https:\/\/www.hve.edu.ee\/e\/index.php?rest_route=%2Fwp%2Fv2%2Fmedia&parent=544"}],"curies":[{"name":"wp","href":"https:\/\/api.w.org\/{rel}","templated":true}]}}