{"id":555,"date":"2020-09-03T12:35:58","date_gmt":"2020-09-03T10:35:58","guid":{"rendered":"https:\/\/www.hve.edu.ee\/z\/?page_id=555"},"modified":"2022-11-07T23:04:48","modified_gmt":"2022-11-07T21:04:48","slug":"sookla-menuu","status":"publish","type":"page","link":"https:\/\/www.hve.edu.ee\/e\/?page_id=555","title":{"rendered":"S\u00f6\u00f6kla men\u00fc\u00fc"},"content":{"rendered":"<p>[vc_row][vc_column][vc_separator][\/vc_column][\/vc_row][vc_row][vc_column][vc_tta_accordion][vc_tta_section title=&#8221;ARHIIV&#8221; tab_id=&#8221;1667854948234-0523df67-7823&#8243;][vc_custom_heading text=&#8221;S\u00f6\u00f6kla men\u00fc\u00fc&#8221; font_container=&#8221;tag:h1|text_align:left&#8221; use_theme_fonts=&#8221;yes&#8221; css_animation=&#8221;top-to-bottom&#8221;][vc_column_text css_animation=&#8221;bounceIn&#8221;]<!-- \/wp:paragraph --><\/p>\r\n<p><!-- wp:paragraph -->Vana s\u00f6\u00f6kla men\u00fc\u00fc:<\/p>\r\n<p><a href=\"https:\/\/www.hve.edu.ee\/z\/wp-content\/uploads\/2021\/01\/2021_01_25-Menju-21-vek.xls\">2021_01_25 Menju 21 vek<\/a><a href=\"https:\/\/www.hve.edu.ee\/z\/wp-content\/uploads\/2021\/01\/2021_01_18-Menju-21-vek.xls\">2021_01_18 Menju 21 vek<\/a><\/p>\r\n<p><a href=\"https:\/\/www.hve.edu.ee\/z\/wp-content\/uploads\/2021\/01\/2021_01_11-Menju-21-vek.xls\">2021_01_11 Menju 21 vek<\/a><\/p>\r\n<p><a href=\"https:\/\/hve.edu.ee\/assets\/2020_11_09.pdf\">Men\u00fc\u00fc November 2020\/2021<\/a><\/p>\r\n<p><a href=\"https:\/\/hve.edu.ee\/assets\/2020_09_14_Menju_21_vek.pdf\">Men\u00fc\u00fc 2020\/2021<\/a><\/p>\r\n<p><a href=\"https:\/\/www.hve.edu.ee\/z\/wp-content\/uploads\/2020\/09\/2020_09_28-Menju-21-vek.xls\">2020_09_28 Menju 21 vek<\/a><\/p>\r\n<p>[\/vc_column_text][vc_column_text css_animation=&#8221;fadeIn&#8221;]<\/p>\r\n<p><a href=\"https:\/\/hve.edu.ee\/old\/wp-ontent\/uploads\/2019\/09\/Men\u00fc\u00fc.pdf\">Men\u00fc\u00fc<\/a><\/p>\r\n<!-- \/wp:paragraph -->\r\n<p><!-- wp:paragraph --><a href=\"https:\/\/www.hve.edu.ee\/z\/wp-content\/uploads\/2021\/01\/2021_01_25-Menju-21-vek-1.xls\">2021_01_25 Menju 21 vek<\/a><\/p>\r\n<p><a href=\"https:\/\/hve.edu.ee\/old\/wp-content\/uploads\/2019\/12\/\u041a\u043e\u043f\u0438\u044f-2019_12_09-Menju-21-vek.pdf\">2019_12_09 Menju 21 vek<\/a><\/p>\r\n<!-- \/wp:paragraph -->\r\n<p><!-- wp:paragraph --><a href=\"https:\/\/hve.edu.ee\/old\/wp-content\/uploads\/2019\/12\/\u041a\u043e\u043f\u0438\u044f-2019_12_02-Menju-21-vek.pdf\">2019_12_02 Menju 21 vek<\/a><\/p>\r\n<!-- \/wp:paragraph -->\r\n<p><!-- wp:paragraph --><a href=\"https:\/\/hve.edu.ee\/old\/wp-content\/uploads\/2019\/11\/2019_11_25-Menju-21-vek.pdf\">2019_11_25 Menju 21 vek<\/a><\/p>\r\n<!-- \/wp:paragraph -->\r\n<p><!-- wp:paragraph --><a href=\"https:\/\/hve.edu.ee\/old\/wp-content\/uploads\/2019\/10\/2019_10_28-Menju-21-vek.pdf\">Menju 28.10.2019<\/a><\/p>\r\n<!-- \/wp:paragraph -->\r\n<p><!-- wp:paragraph --><a href=\"https:\/\/hve.edu.ee\/old\/wp-content\/uploads\/2019\/10\/Menju-14.10.2019.pdf\">Menju 14.10.2019<\/a><\/p>\r\n<!-- \/wp:paragraph -->\r\n<p><!-- wp:paragraph --><a href=\"https:\/\/hve.edu.ee\/old\/wp-content\/uploads\/2019\/10\/Menju-07.10.2019-1.pdf\">Menju 07.10.2019<\/a><\/p>\r\n<!-- \/wp:paragraph -->\r\n<p><!-- wp:paragraph --><a href=\"https:\/\/hve.edu.ee\/old\/wp-content\/uploads\/2019\/10\/Menju-30.09.2019.pdf\">Menju 30.09.2019<\/a><\/p>\r\n<!-- \/wp:paragraph -->\r\n<p><!-- wp:paragraph --><a href=\"https:\/\/hve.edu.ee\/old\/wp-content\/uploads\/2019\/09\/Men\u00fc\u00fc-23.09.pdf\">Men\u00fc\u00fc 23.09<\/a><\/p>\r\n<!-- \/wp:paragraph -->\r\n<p><!-- wp:paragraph --><a href=\"https:\/\/hve.edu.ee\/old\/wp-content\/uploads\/2019\/09\/Men\u00fc\u00fc-16.09.pdf\">Men\u00fc\u00fc 16.09<\/a><\/p>\r\n<p>&nbsp;<\/p>\r\n<p><!-- \/wp:paragraph -->[\/vc_column_text][\/vc_tta_section][\/vc_tta_accordion][\/vc_column][\/vc_row]<\/p>","protected":false},"excerpt":{"rendered":"<p>[vc_row][vc_column][vc_separator][\/vc_column][\/vc_row][vc_row][vc_column][vc_tta_accordion][vc_tta_section title=&#8221;ARHIIV&#8221; tab_id=&#8221;1667854948234-0523df67-7823&#8243;][vc_custom_heading text=&#8221;S\u00f6\u00f6kla men\u00fc\u00fc&#8221; font_container=&#8221;tag:h1|text_align:left&#8221; use_theme_fonts=&#8221;yes&#8221; css_animation=&#8221;top-to-bottom&#8221;][vc_column_text css_animation=&#8221;bounceIn&#8221;] Vana s\u00f6\u00f6kla men\u00fc\u00fc: 2021_01_25 Menju 21 vek2021_01_18 Menju 21 vek 2021_01_11 Menju 21 vek Men\u00fc\u00fc November 2020\/2021 Men\u00fc\u00fc 2020\/2021 2020_09_28 Menju 21 vek [\/vc_column_text][vc_column_text css_animation=&#8221;fadeIn&#8221;] Men\u00fc\u00fc 2021_01_25 Menju 21 vek 2019_12_09 Menju 21 vek 2019_12_02 Menju&nbsp;<a href=\"https:\/\/www.hve.edu.ee\/e\/?page_id=555\">&hellip;<\/a><\/p>\n","protected":false},"author":1,"featured_media":0,"parent":134,"menu_order":0,"comment_status":"closed","ping_status":"closed","template":"template-sidebar-right-childpages.php","meta":[],"_links":{"self":[{"href":"https:\/\/www.hve.edu.ee\/e\/index.php?rest_route=\/wp\/v2\/pages\/555"}],"collection":[{"href":"https:\/\/www.hve.edu.ee\/e\/index.php?rest_route=\/wp\/v2\/pages"}],"about":[{"href":"https:\/\/www.hve.edu.ee\/e\/index.php?rest_route=\/wp\/v2\/types\/page"}],"author":[{"embeddable":true,"href":"https:\/\/www.hve.edu.ee\/e\/index.php?rest_route=\/wp\/v2\/users\/1"}],"replies":[{"embeddable":true,"href":"https:\/\/www.hve.edu.ee\/e\/index.php?rest_route=%2Fwp%2Fv2%2Fcomments&post=555"}],"version-history":[{"count":21,"href":"https:\/\/www.hve.edu.ee\/e\/index.php?rest_route=\/wp\/v2\/pages\/555\/revisions"}],"predecessor-version":[{"id":1785,"href":"https:\/\/www.hve.edu.ee\/e\/index.php?rest_route=\/wp\/v2\/pages\/555\/revisions\/1785"}],"up":[{"embeddable":true,"href":"https:\/\/www.hve.edu.ee\/e\/index.php?rest_route=\/wp\/v2\/pages\/134"}],"wp:attachment":[{"href":"https:\/\/www.hve.edu.ee\/e\/index.php?rest_route=%2Fwp%2Fv2%2Fmedia&parent=555"}],"curies":[{"name":"wp","href":"https:\/\/api.w.org\/{rel}","templated":true}]}}