{"id":593,"date":"2020-09-03T12:59:15","date_gmt":"2020-09-03T10:59:15","guid":{"rendered":"https:\/\/www.hve.edu.ee\/z\/?page_id=593"},"modified":"2020-09-04T14:50:08","modified_gmt":"2020-09-04T12:50:08","slug":"noored-tooturul","status":"publish","type":"page","link":"https:\/\/www.hve.edu.ee\/e\/?page_id=593","title":{"rendered":"Noored t\u00f6\u00f6turul"},"content":{"rendered":"<p>[vc_row][vc_column][vc_custom_heading text=&#8221;Noored t\u00f6\u00f6turul&#8221; font_container=&#8221;tag:h1|text_align:left&#8221; use_theme_fonts=&#8221;yes&#8221; css_animation=&#8221;top-to-bottom&#8221;][vc_column_text css_animation=&#8221;left-to-right&#8221;]<\/p>\r\n<p>Project: \u201cSupport for the integration of general education schools young people in the labor market of Baltic states in the priority economic sector\u201d.<\/p>\r\n\r\n<p>2014-2015<\/p>\r\n\r\n<p>Project partners: Estonia, Latvia, Lithuania<\/p>\r\n<p>[\/vc_column_text][vc_images_carousel images=&#8221;598,599,600,601,602,603,604,605,606,607&#8243; img_size=&#8221;500&#215;400&#8243; speed=&#8221;2500&#8243; autoplay=&#8221;yes&#8221; wrap=&#8221;yes&#8221; css_animation=&#8221;appear&#8221;][\/vc_column][\/vc_row]<\/p>","protected":false},"excerpt":{"rendered":"<p>[vc_row][vc_column][vc_custom_heading text=&#8221;Noored t\u00f6\u00f6turul&#8221; font_container=&#8221;tag:h1|text_align:left&#8221; use_theme_fonts=&#8221;yes&#8221; css_animation=&#8221;top-to-bottom&#8221;][vc_column_text css_animation=&#8221;left-to-right&#8221;] Project: \u201cSupport for the integration of general education schools young people in the labor market of Baltic states in the priority economic sector\u201d. 2014-2015 Project partners: Estonia, Latvia, Lithuania [\/vc_column_text][vc_images_carousel images=&#8221;598,599,600,601,602,603,604,605,606,607&#8243; img_size=&#8221;500&#215;400&#8243; speed=&#8221;2500&#8243; autoplay=&#8221;yes&#8221; wrap=&#8221;yes&#8221; css_animation=&#8221;appear&#8221;][\/vc_column][\/vc_row]<\/p>\n","protected":false},"author":1,"featured_media":0,"parent":182,"menu_order":0,"comment_status":"closed","ping_status":"closed","template":"template-sidebar-right-childpages.php","meta":[],"_links":{"self":[{"href":"https:\/\/www.hve.edu.ee\/e\/index.php?rest_route=\/wp\/v2\/pages\/593"}],"collection":[{"href":"https:\/\/www.hve.edu.ee\/e\/index.php?rest_route=\/wp\/v2\/pages"}],"about":[{"href":"https:\/\/www.hve.edu.ee\/e\/index.php?rest_route=\/wp\/v2\/types\/page"}],"author":[{"embeddable":true,"href":"https:\/\/www.hve.edu.ee\/e\/index.php?rest_route=\/wp\/v2\/users\/1"}],"replies":[{"embeddable":true,"href":"https:\/\/www.hve.edu.ee\/e\/index.php?rest_route=%2Fwp%2Fv2%2Fcomments&post=593"}],"version-history":[{"count":8,"href":"https:\/\/www.hve.edu.ee\/e\/index.php?rest_route=\/wp\/v2\/pages\/593\/revisions"}],"predecessor-version":[{"id":1001,"href":"https:\/\/www.hve.edu.ee\/e\/index.php?rest_route=\/wp\/v2\/pages\/593\/revisions\/1001"}],"up":[{"embeddable":true,"href":"https:\/\/www.hve.edu.ee\/e\/index.php?rest_route=\/wp\/v2\/pages\/182"}],"wp:attachment":[{"href":"https:\/\/www.hve.edu.ee\/e\/index.php?rest_route=%2Fwp%2Fv2%2Fmedia&parent=593"}],"curies":[{"name":"wp","href":"https:\/\/api.w.org\/{rel}","templated":true}]}}