{"id":154,"date":"2017-02-13T09:48:39","date_gmt":"2017-02-13T07:48:39","guid":{"rendered":"http:\/\/ed.aislinthemes.com\/?page_id=472"},"modified":"2025-11-10T09:41:32","modified_gmt":"2025-11-10T07:41:32","slug":"kontakt","status":"publish","type":"page","link":"https:\/\/www.hve.edu.ee\/e\/ru\/?page_id=154","title":{"rendered":"\u041a\u043e\u043d\u0442\u0430\u043a\u0442\u044b"},"content":{"rendered":"<p>[vc_row][vc_column][vc_custom_heading text=&#187;\u041a\u043e\u043d\u0442\u0430\u043a\u0442\u043d\u0430\u044f \u0438\u043d\u0444\u043e\u0440\u043c\u0430\u0446\u0438\u044f&#187; font_container=&#187;tag:h1|font_size:30px|text_align:left|line_height:38px&#187; use_theme_fonts=&#187;yes&#187; css=&#187;.vc_custom_1599242109410{margin-top: 0px !important;margin-bottom: 10px !important;}&#187;][\/vc_column][\/vc_row][vc_row css=&#187;.vc_custom_1490185704851{margin-top: 35px !important;margin-bottom: 20px !important;}&#187;][vc_column width=&#187;1\/2&#8243; css=&#187;.vc_custom_1490181921013{margin-left: 10px !important;}&#187;]\t\t<div class=\"wh-content-box vc_custom_1599221184123 wh-z-index-10 scp_content_box-4400c16597b680509058b524a708ce3e\">\n\t\t\t\t\t\t\t\t\t\t\t\t[vc_custom_heading text=&#187;\u041d\u0430\u0448\u0438 \u043a\u043e\u043d\u0442\u0430\u043a\u0442\u044b&#187; font_container=&#187;tag:h2|font_size:18px|text_align:left|color:%23000000&#8243; use_theme_fonts=&#187;yes&#187; css_animation=&#187;fadeIn&#187; css=&#187;.vc_custom_1599241915354{margin-top: 10px !important;margin-bottom: 10px !important;padding-left: 30px !important;}&#187; el_class=&#187;wh-title-with-label&#187;][vc_column_text css_animation=&#187;fadeIn&#187; css=&#187;.vc_custom_1762760541018{padding-top: 15px !important;padding-right: 15px !important;padding-bottom: 15px !important;padding-left: 15px !important;}&#187;]<\/p>\n<ul>\n<li>\u041d\u0430\u0438\u043c\u0435\u043d\u043e\u0432\u0430\u043d\u0438\u0435 \u0448\u043a\u043e\u043b\u044b: <strong>KOOL 21. SAJANDIL<\/strong><\/li>\n<li>\u042e\u0440.\u0430\u0434\u0440\u0435\u0441: <strong>MT\u00dc Kool 21. sajandil<\/strong><\/li>\n<li>\u0420\u0435\u0433.\u043d\u043e\u043c\u0435\u0440: <strong>80053447<\/strong><\/li>\n<li>\u041b\u0438\u0446\u0435\u043d\u0437\u0438\u044f \u041c\u041e \u042d\u0420: <strong>7151HTM<\/strong><\/li>\n<li>\u042d\u043b.\u043f\u043e\u0447\u0442\u0430:\u00a0<strong>info@hve.edu.ee<\/strong><\/li>\n<li>\u0422\u0435\u043b\u0435\u0444\u043e\u043d: <strong>(+372) 657 94 38<\/strong><\/li>\n<li>\u0418\u043d\u0442\u0435\u0440\u043d\u0435\u0442: <strong>http:\/\/www.hve.edu.ee<\/strong><\/li>\n<li>\u0410\u0434\u0440\u0435\u0441: <strong>S\u00f5le 14, 10611 Tallinn<\/strong><\/li>\n<li>\u0411\u0430\u043d\u043a\u043e\u0432\u0441\u043a\u0430\u044f \u0438\u043d\u0444\u043e\u0440\u043c\u0430\u0446\u0438\u044f: <strong>Swedbank AS, a\/a: \u0415\u0415082200221016502614<\/strong><\/li>\n<\/ul>\n<p>[\/vc_column_text]\t\t<\/div>\n\t\t[vc_empty_space height=&#187;22px&#187;]\t\t<div class=\"wh-content-box vc_custom_1599221184123 wh-z-index-10 scp_content_box-4400c16597b680509058b524a708ce3e\">\n\t\t\t\t\t\t\t\t\t\t\t\t[vc_custom_heading text=&#187;\u041a\u043e\u043d\u0442\u0430\u043a\u0442\u043d\u044b\u0435 \u0434\u0430\u043d\u043d\u044b\u0435 \u043e\u0440\u0433\u0430\u043d\u043e\u0432 \u043d\u0430\u0434\u0437\u043e\u0440\u0430&#187; font_container=&#187;tag:h2|font_size:18px|text_align:left|color:%23000000&#8243; use_theme_fonts=&#187;yes&#187; css_animation=&#187;fadeIn&#187; css=&#187;.vc_custom_1599242162435{margin-top: 10px !important;margin-bottom: 10px !important;padding-left: 30px !important;}&#187; el_class=&#187;wh-title-with-label&#187;][vc_column_text css_animation=&#187;fadeIn&#187; css=&#187;.vc_custom_1643370858148{padding-top: 15px !important;padding-right: 15px !important;padding-bottom: 15px !important;padding-left: 15px !important;}&#187;]<\/p>\n<ul>\n<li><strong><span class=\"tlid-translation translation\" lang=\"ru\"><span class=\"\" title=\"\">\u041c\u0438\u043d\u0438\u0441\u0442\u0435\u0440\u0441\u0442\u0432\u043e \u043e\u0431\u0440\u0430\u0437\u043e\u0432\u0430\u043d\u0438\u044f \u0438 \u043d\u0430\u0443\u043a\u0438 <\/span><\/span><\/strong><span class=\"tlid-translation translation\" lang=\"ru\"><span class=\"\" title=\"\">\u043e\u0441\u0443\u0449\u0435\u0441\u0442\u0432\u043b\u044f\u0435\u0442 \u0430\u0434\u043c\u0438\u043d\u0438\u0441\u0442\u0440\u0430\u0442\u0438\u0432\u043d\u044b\u0439 \u043d\u0430\u0434\u0437\u043e\u0440 \u0437\u0430 \u0443\u0447\u0435\u0431\u043d\u043e\u0439 \u0438 \u043e\u0431\u0440\u0430\u0437\u043e\u0432\u0430\u0442\u0435\u043b\u044c\u043d\u043e\u0439 \u0434\u0435\u044f\u0442\u0435\u043b\u044c\u043d\u043e\u0441\u0442\u044c\u044e \u043e\u0431\u0440\u0430\u0437\u043e\u0432\u0430\u0442\u0435\u043b\u044c\u043d\u044b\u0445 \u0443\u0447\u0440\u0435\u0436\u0434\u0435\u043d\u0438\u0439:<\/span><\/span><span class=\"tlid-translation translation\" lang=\"ru\"><span class=\"\" title=\"\"><span style=\"color: #333333;\">\u00a0Munga 18, Tartu 50088, telefon 735 0222, e-post: <a>hm@hm.ee<\/a><\/span><\/span><\/span><\/li>\n<li><strong>\u041c\u0438\u043d\u0438\u0441\u0442\u0435\u0440\u0441\u0442\u0432\u043e \u0437\u0434\u043e\u0440\u043e\u0432\u044c\u044f, <\/strong>\u041e\u0442\u0434\u0435\u043b \u043d\u0430\u0434\u0437\u043e\u0440\u0430, \u0442\u0435\u043b 794 3724<\/li>\n<li><strong>\u0421\u043f\u0430\u0441\u0430\u0442\u0435\u043b\u044c\u043d\u044b\u0439 \u0434\u0435\u043f\u0430\u0440\u0442\u0430\u043c\u0435\u043d\u0442, <\/strong>P\u00f5hja p\u00e4\u00e4stekeskus, \u0442\u0435\u043b 628 7500<\/li>\n<li><strong>Andmekeskus O\u00dc<\/strong>, \u0442\u0435\u043b 58858588, 663100<\/li>\n<li><strong><span class=\"tlid-translation translation\" lang=\"ru\"><span class=\"\" title=\"\">\u0418\u043d\u0441\u043f\u0435\u043a\u0446\u0438\u044f \u0442\u0440\u0443\u0434\u0430<\/span><\/span><\/strong>, \u0442\u0435\u043b 640 6000<\/li>\n<li><strong>\u042f\u0437\u044b\u043a\u043e\u0432\u0430\u044f \u0438\u043d\u0441\u043f\u0435\u043a\u0446\u0438\u044f<\/strong>, Merle Loodus-Adamson, \u0433\u043b\u0430\u0432\u043d\u044b\u0439 \u0438\u043d\u0441\u043f\u0435\u043a\u0442\u043e\u0440, \u0442\u0435\u043b 6271780<\/li>\n<\/ul>\n<p>[\/vc_column_text]\t\t<\/div>\n\t\t[\/vc_column][vc_column width=&#187;1\/2&#8243; css=&#187;.vc_custom_1490185994138{margin-bottom: 0px !important;}&#187;][vc_empty_space height=&#187;22px&#187;]\t\t<div class=\"wh-content-box vc_custom_1599221184123 wh-z-index-10 scp_content_box-4400c16597b680509058b524a708ce3e\">\n\t\t\t\t\t\t\t\t\t\t\t\t[vc_custom_heading text=&#187;\u0427\u0430\u0441\u044b \u0440\u0430\u0431\u043e\u0442\u044b&#187; font_container=&#187;tag:h2|font_size:18px|text_align:left|color:%23000000&#8243; use_theme_fonts=&#187;yes&#187; css_animation=&#187;right-to-left&#187; css=&#187;.vc_custom_1599241940385{margin-top: 10px !important;margin-bottom: 10px !important;padding-left: 30px !important;}&#187; el_class=&#187;wh-title-with-label&#187;]\t\t<ul class=\"schedule \">\n\t\t\t\t\t\t\t\t\t\t\t\t\t\t\t\t<li class=\"odd\">\n\t\t\t\t\t\t<span class=\"left\">\n\t\t\t\t\t\t\t\u041f\u043e \u0440\u0430\u0431\u043e\u0447\u0438\u043c \u0434\u043d\u044f\u043c\t\t\t\t\t\t<\/span>\n\t\t\t\t\t\t<span class=\"right\">\n\t\t\t\t\t\t\t9:00 - 14:00\t\t\t\t\t\t<\/span>\n\t\t\t\t\t<\/li>\n\t\t\t\t\t\t\t\t\t\t\t\t\t\t\t\t\t\t\t\t<li class=\"even\">\n\t\t\t\t\t\t<span class=\"left\">\n\t\t\t\t\t\t\t\u0421\u0443\u0431\u0431\u043e\u0442\u0430\t\t\t\t\t\t<\/span>\n\t\t\t\t\t\t<span class=\"right\">\n\t\t\t\t\t\t\tKokkuleppel\t\t\t\t\t\t<\/span>\n\t\t\t\t\t<\/li>\n\t\t\t\t\t\t\t\t\t<\/ul>\n\t\t\t\t<\/div>\n\t\t[\/vc_column][\/vc_row]<\/p>\n","protected":false},"excerpt":{"rendered":"<p>[vc_row][vc_column][vc_custom_heading text=&#187;\u041a\u043e\u043d\u0442\u0430\u043a\u0442\u043d\u0430\u044f \u0438\u043d\u0444\u043e\u0440\u043c\u0430\u0446\u0438\u044f&#187; font_container=&#187;tag:h1|font_size:30px|text_align:left|line_height:38px&#187; use_theme_fonts=&#187;yes&#187; css=&#187;.vc_custom_1599242109410{margin-top: 0px !important;margin-bottom: 10px !important;}&#187;][\/vc_column][\/vc_row][vc_row css=&#187;.vc_custom_1490185704851{margin-top: 35px !important;margin-bottom: 20px !important;}&#187;][vc_column width=&#187;1\/2&#8243; css=&#187;.vc_custom_1490181921013{margin-left: 10px !important;}&#187;][vc_empty_space height=&#187;22px&#187;][\/vc_column][vc_column width=&#187;1\/2&#8243; css=&#187;.vc_custom_1490185994138{margin-bottom: 0px !important;}&#187;][vc_empty_space height=&#187;22px&#187;][\/vc_column][\/vc_row]<\/p>\n","protected":false},"author":1,"featured_media":0,"parent":0,"menu_order":0,"comment_status":"closed","ping_status":"closed","template":"template-fullwidth-no-title.php","meta":[],"featured_image_urls":{"full":"","thumbnail":"","medium":"","medium_large":"","large":"","1536x1536":"","2048x2048":"","post-thumbnail":"","ed-school-featured-image":"","ed-school-medium":"","ed-school-medium-alt":"","ed-school-square":"","ed-school-square-small":""},"post_excerpt_stackable":"<p>[vc_row][vc_column][vc_custom_heading text=&#187;\u041a\u043e\u043d\u0442\u0430\u043a\u0442\u043d\u0430\u044f \u0438\u043d\u0444\u043e\u0440\u043c\u0430\u0446\u0438\u044f&#187; font_container=&#187;tag:h1|font_size:30px|text_align:left|line_height:38px&#187; use_theme_fonts=&#187;yes&#187; css=&#187;.vc_custom_1599242109410{margin-top: 0px !important;margin-bottom: 10px !important;}&#187;][\/vc_column][\/vc_row][vc_row css=&#187;.vc_custom_1490185704851{margin-top: 35px !important;margin-bottom: 20px !important;}&#187;][vc_column width=&#187;1\/2&#8243; css=&#187;.vc_custom_1490181921013{margin-left: 10px !important;}&#187;] [vc_custom_heading text=&#187;\u041d\u0430\u0448\u0438 \u043a\u043e\u043d\u0442\u0430\u043a\u0442\u044b&#187; font_container=&#187;tag:h2|font_size:18px|text_align:left|color:%23000000&#8243; use_theme_fonts=&#187;yes&#187; css_animation=&#187;fadeIn&#187; css=&#187;.vc_custom_1599241915354{margin-top: 10px !important;margin-bottom: 10px !important;padding-left: 30px !important;}&#187; el_class=&#187;wh-title-with-label&#187;][vc_column_text css_animation=&#187;fadeIn&#187; css=&#187;.vc_custom_1762760541018{padding-top: 15px !important;padding-right: 15px !important;padding-bottom: 15px !important;padding-left: 15px !important;}&#187;] \u041d\u0430\u0438\u043c\u0435\u043d\u043e\u0432\u0430\u043d\u0438\u0435 \u0448\u043a\u043e\u043b\u044b: KOOL 21. SAJANDIL \u042e\u0440.\u0430\u0434\u0440\u0435\u0441: MT\u00dc Kool 21. sajandil \u0420\u0435\u0433.\u043d\u043e\u043c\u0435\u0440: 80053447 \u041b\u0438\u0446\u0435\u043d\u0437\u0438\u044f \u041c\u041e \u042d\u0420: 7151HTM \u042d\u043b.\u043f\u043e\u0447\u0442\u0430:\u00a0info@hve.edu.ee \u0422\u0435\u043b\u0435\u0444\u043e\u043d: (+372) 657 94 38 \u0418\u043d\u0442\u0435\u0440\u043d\u0435\u0442: http:\/\/www.hve.edu.ee \u0410\u0434\u0440\u0435\u0441: S\u00f5le 14, 10611 Tallinn \u0411\u0430\u043d\u043a\u043e\u0432\u0441\u043a\u0430\u044f \u0438\u043d\u0444\u043e\u0440\u043c\u0430\u0446\u0438\u044f: Swedbank AS, a\/a: \u0415\u0415082200221016502614 [\/vc_column_text] [vc_empty_space height=&#187;22px&#187;] [vc_custom_heading text=&#187;\u041a\u043e\u043d\u0442\u0430\u043a\u0442\u043d\u044b\u0435 \u0434\u0430\u043d\u043d\u044b\u0435 \u043e\u0440\u0433\u0430\u043d\u043e\u0432 \u043d\u0430\u0434\u0437\u043e\u0440\u0430&#187; font_container=&#187;tag:h2|font_size:18px|text_align:left|color:%23000000&#8243; use_theme_fonts=&#187;yes&#187; css_animation=&#187;fadeIn&#187; css=&#187;.vc_custom_1599242162435{margin-top: 10px !important;margin-bottom: 10px !important;padding-left: 30px !important;}&#187; el_class=&#187;wh-title-with-label&#187;][vc_column_text css_animation=&#187;fadeIn&#187; css=&#187;.vc_custom_1643370858148{padding-top: 15px&hellip;<\/p>\n","category_list":"","author_info":{"name":"wp_hve_edu","url":"https:\/\/www.hve.edu.ee\/e\/ru\/?author=1"},"comments_num":"0 \u043a\u043e\u043c\u043c\u0435\u043d\u0442\u0430\u0440\u0438\u0435\u0432","featured_image_urls_v2":{"full":"","thumbnail":"","medium":"","medium_large":"","large":"","1536x1536":"","2048x2048":"","post-thumbnail":"","ed-school-featured-image":"","ed-school-medium":"","ed-school-medium-alt":"","ed-school-square":"","ed-school-square-small":""},"post_excerpt_stackable_v2":"<p>[vc_row][vc_column][vc_custom_heading text=&#187;\u041a\u043e\u043d\u0442\u0430\u043a\u0442\u043d\u0430\u044f \u0438\u043d\u0444\u043e\u0440\u043c\u0430\u0446\u0438\u044f&#187; font_container=&#187;tag:h1|font_size:30px|text_align:left|line_height:38px&#187; use_theme_fonts=&#187;yes&#187; css=&#187;.vc_custom_1599242109410{margin-top: 0px !important;margin-bottom: 10px !important;}&#187;][\/vc_column][\/vc_row][vc_row css=&#187;.vc_custom_1490185704851{margin-top: 35px !important;margin-bottom: 20px !important;}&#187;][vc_column width=&#187;1\/2&#8243; css=&#187;.vc_custom_1490181921013{margin-left: 10px !important;}&#187;] [vc_custom_heading text=&#187;\u041d\u0430\u0448\u0438 \u043a\u043e\u043d\u0442\u0430\u043a\u0442\u044b&#187; font_container=&#187;tag:h2|font_size:18px|text_align:left|color:%23000000&#8243; use_theme_fonts=&#187;yes&#187; css_animation=&#187;fadeIn&#187; css=&#187;.vc_custom_1599241915354{margin-top: 10px !important;margin-bottom: 10px !important;padding-left: 30px !important;}&#187; el_class=&#187;wh-title-with-label&#187;][vc_column_text css_animation=&#187;fadeIn&#187; css=&#187;.vc_custom_1762760541018{padding-top: 15px !important;padding-right: 15px !important;padding-bottom: 15px !important;padding-left: 15px !important;}&#187;] \u041d\u0430\u0438\u043c\u0435\u043d\u043e\u0432\u0430\u043d\u0438\u0435 \u0448\u043a\u043e\u043b\u044b: KOOL 21. SAJANDIL \u042e\u0440.\u0430\u0434\u0440\u0435\u0441: MT\u00dc Kool 21. sajandil \u0420\u0435\u0433.\u043d\u043e\u043c\u0435\u0440: 80053447 \u041b\u0438\u0446\u0435\u043d\u0437\u0438\u044f \u041c\u041e \u042d\u0420: 7151HTM \u042d\u043b.\u043f\u043e\u0447\u0442\u0430:\u00a0info@hve.edu.ee \u0422\u0435\u043b\u0435\u0444\u043e\u043d: (+372) 657 94 38 \u0418\u043d\u0442\u0435\u0440\u043d\u0435\u0442: http:\/\/www.hve.edu.ee \u0410\u0434\u0440\u0435\u0441: S\u00f5le 14, 10611 Tallinn \u0411\u0430\u043d\u043a\u043e\u0432\u0441\u043a\u0430\u044f \u0438\u043d\u0444\u043e\u0440\u043c\u0430\u0446\u0438\u044f: Swedbank AS, a\/a: \u0415\u0415082200221016502614 [\/vc_column_text] [vc_empty_space height=&#187;22px&#187;] [vc_custom_heading text=&#187;\u041a\u043e\u043d\u0442\u0430\u043a\u0442\u043d\u044b\u0435 \u0434\u0430\u043d\u043d\u044b\u0435 \u043e\u0440\u0433\u0430\u043d\u043e\u0432 \u043d\u0430\u0434\u0437\u043e\u0440\u0430&#187; font_container=&#187;tag:h2|font_size:18px|text_align:left|color:%23000000&#8243; use_theme_fonts=&#187;yes&#187; css_animation=&#187;fadeIn&#187; css=&#187;.vc_custom_1599242162435{margin-top: 10px !important;margin-bottom: 10px !important;padding-left: 30px !important;}&#187; el_class=&#187;wh-title-with-label&#187;][vc_column_text css_animation=&#187;fadeIn&#187; css=&#187;.vc_custom_1643370858148{padding-top: 15px&hellip;<\/p>\n","category_list_v2":"","author_info_v2":{"name":"wp_hve_edu","url":"https:\/\/www.hve.edu.ee\/e\/ru\/?author=1"},"comments_num_v2":"0 \u043a\u043e\u043c\u043c\u0435\u043d\u0442\u0430\u0440\u0438\u0435\u0432","_links":{"self":[{"href":"https:\/\/www.hve.edu.ee\/e\/ru\/index.php?rest_route=\/wp\/v2\/pages\/154"}],"collection":[{"href":"https:\/\/www.hve.edu.ee\/e\/ru\/index.php?rest_route=\/wp\/v2\/pages"}],"about":[{"href":"https:\/\/www.hve.edu.ee\/e\/ru\/index.php?rest_route=\/wp\/v2\/types\/page"}],"author":[{"embeddable":true,"href":"https:\/\/www.hve.edu.ee\/e\/ru\/index.php?rest_route=\/wp\/v2\/users\/1"}],"replies":[{"embeddable":true,"href":"https:\/\/www.hve.edu.ee\/e\/ru\/index.php?rest_route=%2Fwp%2Fv2%2Fcomments&post=154"}],"version-history":[{"count":95,"href":"https:\/\/www.hve.edu.ee\/e\/ru\/index.php?rest_route=\/wp\/v2\/pages\/154\/revisions"}],"predecessor-version":[{"id":2144,"href":"https:\/\/www.hve.edu.ee\/e\/ru\/index.php?rest_route=\/wp\/v2\/pages\/154\/revisions\/2144"}],"wp:attachment":[{"href":"https:\/\/www.hve.edu.ee\/e\/ru\/index.php?rest_route=%2Fwp%2Fv2%2Fmedia&parent=154"}],"curies":[{"name":"wp","href":"https:\/\/api.w.org\/{rel}","templated":true}]}}