{"id":1589,"date":"2021-11-25T21:56:44","date_gmt":"2021-11-25T19:56:44","guid":{"rendered":"https:\/\/www.hve.edu.ee\/z\/ru\/?page_id=1589"},"modified":"2021-11-25T22:25:15","modified_gmt":"2021-11-25T20:25:15","slug":"%d1%87%d0%b0%d1%81%d1%82%d0%be-%d0%b7%d0%b0%d0%b4%d0%b0%d0%b2%d0%b0%d0%b5%d0%bc%d1%8b%d0%b5-%d0%b2%d0%be%d0%bf%d1%80%d0%be%d1%81%d1%8b","status":"publish","type":"page","link":"https:\/\/www.hve.edu.ee\/e\/ru\/?page_id=1589","title":{"rendered":"\u0427\u0430\u0441\u0442\u043e \u0437\u0430\u0434\u0430\u0432\u0430\u0435\u043c\u044b\u0435 \u0432\u043e\u043f\u0440\u043e\u0441\u044b"},"content":{"rendered":"<p>[vc_row][vc_column][vc_toggle title=&#187;\u041a\u0430\u043a \u043f\u0440\u043e\u0432\u0435\u0440\u0438\u0442\u044c \u0447\u0442\u043e &#171;\u0428\u043a\u043e\u043b\u0430 21. \u0412\u0435\u043a\u0430&#171; \u0438\u043c\u0435\u0435\u0442 \u043b\u0438\u0446\u0435\u043d\u0437\u0438\u044e \u043d\u0430 \u043e\u0431\u0443\u0447\u0435\u043d\u0438\u0435?&#187; open=&#187;true&#187; css_animation=&#187;bounceIn&#187;]\u041f\u0435\u0440\u0435\u0447\u0435\u043d\u044c \u0432\u0441\u0435\u0445 \u0443\u0447\u0435\u0431\u043d\u044b\u0445 \u0437\u0430\u0432\u0435\u0434\u0435\u043d\u0438\u0439 \u043e\u0444\u0438\u0446\u0438\u0430\u043b\u044c\u043d\u043e \u0430\u043a\u043a\u0440\u0435\u0434\u0438\u0442\u043e\u0432\u0430\u043d\u043d\u044b\u0445 \u0432 \u042d\u0420 \u043c\u043e\u0436\u043d\u043e \u043f\u0440\u043e\u0432\u0435\u0440\u0438\u0442\u044c \u043d\u0430 \u0441\u0442\u0440\u0430\u043d\u0438\u0446\u0435 <a href=\"https:\/\/enda.ehis.ee\/avalik\/avalik\/oppeasutus\/OppeasutusOtsi.faces\">EHIS (Eesti hariduse infos\u00fcsteem)<\/a><\/p>\n<p>\u0418\u043d\u0444\u043e\u0440\u043c\u0430\u0446\u0438\u044f \u043e \u043d\u0430\u0448\u0435\u0439 \u0428\u043a\u043e\u043b\u0435 \u0442\u0430\u043a\u0436\u0435 \u043f\u0440\u0435\u0434\u043e\u0441\u0442\u0430\u0432\u043b\u0435\u043d\u0430 \u0432 EHIS:<\/p>\n<p>\u00d5ppeasutuse EHISe ID: 497<\/p>\n<p>\u00d5ppeasutuse registrikood: 80053447<\/p>\n<p>\u00d5ppeasutuse nimetus:Kool 21. sajandil<\/p>\n<div class=\"grid-head\"><strong>Tegevusload:<\/strong><\/div>\n<div><\/div>\n<div>\n<table class=\"EHIS_Data_Table\" cellspacing=\"0\" cellpadding=\"1\">\n<thead>\n<tr>\n<th class=\"EHIS_Data_Table_Header\">Number<\/th>\n<th class=\"EHIS_Data_Table_Header\">K\u00e4skkirja number<\/th>\n<th class=\"EHIS_Data_Table_Header\">K\u00e4skkirja kuup\u00e4ev<\/th>\n<th class=\"EHIS_Data_Table_Header\">Kehtivuse algus<\/th>\n<th class=\"EHIS_Data_Table_Header\">Kehtivuse l\u00f5pp<\/th>\n<th class=\"EHIS_Data_Table_Header\">Tegutsemise vormid<\/th>\n<\/tr>\n<\/thead>\n<tbody>\n<tr class=\"null\">\n<td>1.1-2\/18\/214<\/td>\n<td>1.1-2\/18\/214<\/td>\n<td>23.05.2018<\/td>\n<td>01.09.2018<\/td>\n<td><\/td>\n<td>\u2022 G\u00fcmnaasium \u2022 p\u00f5hiharidus I kooliastmes \u2022 p\u00f5hiharidus II kooliastmes \u2022 p\u00f5hiharidus III kooliastmes<\/td>\n<\/tr>\n<tr class=\"even\">\n<td>7151HTM<\/td>\n<td>400<\/td>\n<td>30.08.2013<\/td>\n<td>01.09.2013<\/td>\n<td>31.08.2018<\/td>\n<td>\u2022 G\u00fcmnaasium \u2022 p\u00f5hiharidus I kooliastmes \u2022 p\u00f5hiharidus II kooliastmes \u2022 p\u00f5hiharidus III kooliastmes<\/td>\n<\/tr>\n<\/tbody>\n<\/table>\n<\/div>\n<div><\/div>\n<div><\/div>\n<div><\/div>\n<p>[\/vc_toggle][\/vc_column][\/vc_row]<\/p>\n","protected":false},"excerpt":{"rendered":"<p>[vc_row][vc_column][vc_toggle title=&#187;\u041a\u0430\u043a \u043f\u0440\u043e\u0432\u0435\u0440\u0438\u0442\u044c \u0447\u0442\u043e &#171;\u0428\u043a\u043e\u043b\u0430 21. \u0412\u0435\u043a\u0430&#171; \u0438\u043c\u0435\u0435\u0442 \u043b\u0438\u0446\u0435\u043d\u0437\u0438\u044e \u043d\u0430 \u043e\u0431\u0443\u0447\u0435\u043d\u0438\u0435?&#187; open=&#187;true&#187; css_animation=&#187;bounceIn&#187;]\u041f\u0435\u0440\u0435\u0447\u0435\u043d\u044c \u0432\u0441\u0435\u0445 \u0443\u0447\u0435\u0431\u043d\u044b\u0445 \u0437\u0430\u0432\u0435\u0434\u0435\u043d\u0438\u0439 \u043e\u0444\u0438\u0446\u0438\u0430\u043b\u044c\u043d\u043e \u0430\u043a\u043a\u0440\u0435\u0434\u0438\u0442\u043e\u0432\u0430\u043d\u043d\u044b\u0445 \u0432 \u042d\u0420 \u043c\u043e\u0436\u043d\u043e \u043f\u0440\u043e\u0432\u0435\u0440\u0438\u0442\u044c \u043d\u0430 \u0441\u0442\u0440\u0430\u043d\u0438\u0446\u0435 EHIS (Eesti hariduse infos\u00fcsteem) \u0418\u043d\u0444\u043e\u0440\u043c\u0430\u0446\u0438\u044f \u043e \u043d\u0430\u0448\u0435\u0439 \u0428\u043a\u043e\u043b\u0435 \u0442\u0430\u043a\u0436\u0435 \u043f\u0440\u0435\u0434\u043e\u0441\u0442\u0430\u0432\u043b\u0435\u043d\u0430 \u0432 EHIS: \u00d5ppeasutuse EHISe ID: 497 \u00d5ppeasutuse registrikood: 80053447 \u00d5ppeasutuse nimetus:Kool&nbsp;<a href=\"https:\/\/www.hve.edu.ee\/e\/ru\/?page_id=1589\">&hellip;<\/a><\/p>\n","protected":false},"author":1,"featured_media":0,"parent":0,"menu_order":0,"comment_status":"closed","ping_status":"closed","template":"template-fullwidth.php","meta":[],"featured_image_urls":{"full":"","thumbnail":"","medium":"","medium_large":"","large":"","1536x1536":"","2048x2048":"","post-thumbnail":"","ed-school-featured-image":"","ed-school-medium":"","ed-school-medium-alt":"","ed-school-square":"","ed-school-square-small":""},"post_excerpt_stackable":"<p>[vc_row][vc_column][vc_toggle title=&#187;\u041a\u0430\u043a \u043f\u0440\u043e\u0432\u0435\u0440\u0438\u0442\u044c \u0447\u0442\u043e &#171;\u0428\u043a\u043e\u043b\u0430 21. \u0412\u0435\u043a\u0430&#171; \u0438\u043c\u0435\u0435\u0442 \u043b\u0438\u0446\u0435\u043d\u0437\u0438\u044e \u043d\u0430 \u043e\u0431\u0443\u0447\u0435\u043d\u0438\u0435?&#187; open=&#187;true&#187; css_animation=&#187;bounceIn&#187;]\u041f\u0435\u0440\u0435\u0447\u0435\u043d\u044c \u0432\u0441\u0435\u0445 \u0443\u0447\u0435\u0431\u043d\u044b\u0445 \u0437\u0430\u0432\u0435\u0434\u0435\u043d\u0438\u0439 \u043e\u0444\u0438\u0446\u0438\u0430\u043b\u044c\u043d\u043e \u0430\u043a\u043a\u0440\u0435\u0434\u0438\u0442\u043e\u0432\u0430\u043d\u043d\u044b\u0445 \u0432 \u042d\u0420 \u043c\u043e\u0436\u043d\u043e \u043f\u0440\u043e\u0432\u0435\u0440\u0438\u0442\u044c \u043d\u0430 \u0441\u0442\u0440\u0430\u043d\u0438\u0446\u0435 EHIS (Eesti hariduse infos\u00fcsteem) \u0418\u043d\u0444\u043e\u0440\u043c\u0430\u0446\u0438\u044f \u043e \u043d\u0430\u0448\u0435\u0439 \u0428\u043a\u043e\u043b\u0435 \u0442\u0430\u043a\u0436\u0435 \u043f\u0440\u0435\u0434\u043e\u0441\u0442\u0430\u0432\u043b\u0435\u043d\u0430 \u0432 EHIS: \u00d5ppeasutuse EHISe ID: 497 \u00d5ppeasutuse registrikood: 80053447 \u00d5ppeasutuse nimetus:Kool 21. sajandil Tegevusload: Number K\u00e4skkirja number K\u00e4skkirja kuup\u00e4ev Kehtivuse algus Kehtivuse l\u00f5pp Tegutsemise vormid 1.1-2\/18\/214 1.1-2\/18\/214 23.05.2018 01.09.2018 \u2022 G\u00fcmnaasium \u2022 p\u00f5hiharidus I kooliastmes \u2022 p\u00f5hiharidus II kooliastmes \u2022 p\u00f5hiharidus III kooliastmes 7151HTM 400 30.08.2013 01.09.2013 31.08.2018 \u2022 G\u00fcmnaasium \u2022 p\u00f5hiharidus I kooliastmes \u2022 p\u00f5hiharidus II kooliastmes \u2022 p\u00f5hiharidus III kooliastmes [\/vc_toggle][\/vc_column][\/vc_row]<\/p>\n","category_list":"","author_info":{"name":"wp_hve_edu","url":"https:\/\/www.hve.edu.ee\/e\/ru\/?author=1"},"comments_num":"0 \u043a\u043e\u043c\u043c\u0435\u043d\u0442\u0430\u0440\u0438\u0435\u0432","featured_image_urls_v2":{"full":"","thumbnail":"","medium":"","medium_large":"","large":"","1536x1536":"","2048x2048":"","post-thumbnail":"","ed-school-featured-image":"","ed-school-medium":"","ed-school-medium-alt":"","ed-school-square":"","ed-school-square-small":""},"post_excerpt_stackable_v2":"<p>[vc_row][vc_column][vc_toggle title=&#187;\u041a\u0430\u043a \u043f\u0440\u043e\u0432\u0435\u0440\u0438\u0442\u044c \u0447\u0442\u043e &#171;\u0428\u043a\u043e\u043b\u0430 21. \u0412\u0435\u043a\u0430&#171; \u0438\u043c\u0435\u0435\u0442 \u043b\u0438\u0446\u0435\u043d\u0437\u0438\u044e \u043d\u0430 \u043e\u0431\u0443\u0447\u0435\u043d\u0438\u0435?&#187; open=&#187;true&#187; css_animation=&#187;bounceIn&#187;]\u041f\u0435\u0440\u0435\u0447\u0435\u043d\u044c \u0432\u0441\u0435\u0445 \u0443\u0447\u0435\u0431\u043d\u044b\u0445 \u0437\u0430\u0432\u0435\u0434\u0435\u043d\u0438\u0439 \u043e\u0444\u0438\u0446\u0438\u0430\u043b\u044c\u043d\u043e \u0430\u043a\u043a\u0440\u0435\u0434\u0438\u0442\u043e\u0432\u0430\u043d\u043d\u044b\u0445 \u0432 \u042d\u0420 \u043c\u043e\u0436\u043d\u043e \u043f\u0440\u043e\u0432\u0435\u0440\u0438\u0442\u044c \u043d\u0430 \u0441\u0442\u0440\u0430\u043d\u0438\u0446\u0435 EHIS (Eesti hariduse infos\u00fcsteem) \u0418\u043d\u0444\u043e\u0440\u043c\u0430\u0446\u0438\u044f \u043e \u043d\u0430\u0448\u0435\u0439 \u0428\u043a\u043e\u043b\u0435 \u0442\u0430\u043a\u0436\u0435 \u043f\u0440\u0435\u0434\u043e\u0441\u0442\u0430\u0432\u043b\u0435\u043d\u0430 \u0432 EHIS: \u00d5ppeasutuse EHISe ID: 497 \u00d5ppeasutuse registrikood: 80053447 \u00d5ppeasutuse nimetus:Kool 21. sajandil Tegevusload: Number K\u00e4skkirja number K\u00e4skkirja kuup\u00e4ev Kehtivuse algus Kehtivuse l\u00f5pp Tegutsemise vormid 1.1-2\/18\/214 1.1-2\/18\/214 23.05.2018 01.09.2018 \u2022 G\u00fcmnaasium \u2022 p\u00f5hiharidus I kooliastmes \u2022 p\u00f5hiharidus II kooliastmes \u2022 p\u00f5hiharidus III kooliastmes 7151HTM 400 30.08.2013 01.09.2013 31.08.2018 \u2022 G\u00fcmnaasium \u2022 p\u00f5hiharidus I kooliastmes \u2022 p\u00f5hiharidus II kooliastmes \u2022 p\u00f5hiharidus III kooliastmes [\/vc_toggle][\/vc_column][\/vc_row]<\/p>\n","category_list_v2":"","author_info_v2":{"name":"wp_hve_edu","url":"https:\/\/www.hve.edu.ee\/e\/ru\/?author=1"},"comments_num_v2":"0 \u043a\u043e\u043c\u043c\u0435\u043d\u0442\u0430\u0440\u0438\u0435\u0432","_links":{"self":[{"href":"https:\/\/www.hve.edu.ee\/e\/ru\/index.php?rest_route=\/wp\/v2\/pages\/1589"}],"collection":[{"href":"https:\/\/www.hve.edu.ee\/e\/ru\/index.php?rest_route=\/wp\/v2\/pages"}],"about":[{"href":"https:\/\/www.hve.edu.ee\/e\/ru\/index.php?rest_route=\/wp\/v2\/types\/page"}],"author":[{"embeddable":true,"href":"https:\/\/www.hve.edu.ee\/e\/ru\/index.php?rest_route=\/wp\/v2\/users\/1"}],"replies":[{"embeddable":true,"href":"https:\/\/www.hve.edu.ee\/e\/ru\/index.php?rest_route=%2Fwp%2Fv2%2Fcomments&post=1589"}],"version-history":[{"count":15,"href":"https:\/\/www.hve.edu.ee\/e\/ru\/index.php?rest_route=\/wp\/v2\/pages\/1589\/revisions"}],"predecessor-version":[{"id":1618,"href":"https:\/\/www.hve.edu.ee\/e\/ru\/index.php?rest_route=\/wp\/v2\/pages\/1589\/revisions\/1618"}],"wp:attachment":[{"href":"https:\/\/www.hve.edu.ee\/e\/ru\/index.php?rest_route=%2Fwp%2Fv2%2Fmedia&parent=1589"}],"curies":[{"name":"wp","href":"https:\/\/api.w.org\/{rel}","templated":true}]}}