{"id":479,"date":"2020-09-02T17:29:09","date_gmt":"2020-09-02T15:29:09","guid":{"rendered":"https:\/\/www.hve.edu.ee\/z\/ru\/?page_id=479"},"modified":"2022-12-21T15:12:58","modified_gmt":"2022-12-21T13:12:58","slug":"dokumendid","status":"publish","type":"page","link":"https:\/\/www.hve.edu.ee\/e\/ru\/?page_id=479","title":{"rendered":"\u0414\u043e\u043a\u0443\u043c\u0435\u043d\u0442\u044b"},"content":{"rendered":"<p>[vc_row][vc_column][vc_custom_heading text=&#187;Dokumendid&#187; font_container=&#187;tag:h1|text_align:left&#187; use_theme_fonts=&#187;yes&#187; css_animation=&#187;top-to-bottom&#187;][vc_tta_tour active_section=&#187;1&#8243;][vc_tta_section title=&#187;Eestvedamine ja juhtimine&#187; tab_id=&#187;1671621666696-4f3980b0-557a&#187;][vc_column_text css_animation=&#187;bottom-to-top&#187;]<\/p>\r\n<p><strong>Koolitusluba:\u00a0<a href=\"https:\/\/hve.edu.ee\/old\/wp-content\/uploads\/2016\/10\/Koolitusluba-e1476872075566.jpg\">https:\/\/hve.edu.ee\/old\/wp-content\/uploads\/2016\/10\/Koolitusluba-e1476872075566.jpg<\/a><\/strong><\/p>\r\n<p>&nbsp;<\/p>\r\n<p><strong>Kooli nime muutmine (HTM Ministri KK link):\u00a0<\/strong><\/p>\r\n<p><a href=\"https:\/\/dok.hm.ee\/et\/document.html?id=ba2465f4-5489-4037-80ab-db03cf7c5eb5\">https:\/\/dok.hm.ee\/et\/document.html?id=ba2465f4-5489-4037-80ab-db03cf7c5eb5<\/a><\/p>\r\n<p>&nbsp;<\/p>\r\n<p><strong>P\u00f5hikiri:<\/strong><\/p>\r\n<p>uus: <a href=\"https:\/\/hve.edu.ee\/old\/wp-content\/uploads\/2018\/04\/MT%C3%9C-Kool-21-sajandil-erakooli-p%C3%B5hikiri-01042018.pdf\">https:\/\/hve.edu.ee\/old\/wp-content\/uploads\/2018\/04\/MT%C3%9C-Kool-21-sajandil-erakooli-p%C3%B5hikiri-01042018.pdf<\/a><\/p>\r\n<p>vana:\u00a0<a href=\"https:\/\/hve.edu.ee\/old\/wp-content\/uploads\/2017\/08\/MT%C3%9C-Kool-21-sajandil-erakooli-p%C3%B5hikiri.pdf\">https:\/\/hve.edu.ee\/old\/wp-content\/uploads\/2017\/08\/MT%C3%9C-Kool-21-sajandil-erakooli-p%C3%B5hikiri.pdf<\/a><\/p>\r\n<p>&nbsp;<\/p>\r\n<p><strong>Kodukord:<\/strong><\/p>\r\n<p><a href=\"https:\/\/hve.edu.ee\/old\/wp-content\/uploads\/2019\/10\/Kodukord.pdf\">\u0420\u0430\u0441\u043f\u043e\u0440\u044f\u0434\u043e\u043a \u0448\u043a\u043e\u043b\u044b \/ Kodukord<\/a>\u00a0(pdf)<\/p>\r\n<p><a href=\"https:\/\/hve.edu.ee\/old\/wp-content\/uploads\/2019\/10\/LISA-1.pdf\">\u041f\u0440\u0438\u043b\u043e\u0436\u0435\u043d\u0438\u0435 1 \/ Lisa 1<\/a>\u00a0(pdf)<\/p>\r\n<p><a href=\"https:\/\/hve.edu.ee\/old\/wp-content\/uploads\/2019\/10\/LISA-2.pdf\">\u041f\u0440\u0438\u043b\u043e\u0436\u0435\u043d\u0438\u0435 2 \/ Lisa 2<\/a>\u00a0(pdf)<\/p>\r\n<p><a href=\"https:\/\/hve.edu.ee\/old\/wp-content\/uploads\/2017\/05\/sisehindamisekord.pdf\" target=\"_blank\" rel=\"noreferrer noopener\"><span class=\"tlid-translation translation\" lang=\"ru\"><span class=\"\" title=\"\">\u041f\u0440\u043e\u0446\u0435\u0434\u0443\u0440\u0430 \u0432\u043d\u0443\u0442\u0440\u0435\u043d\u043d\u0435\u0439 \u043e\u0446\u0435\u043d\u043a\u0438\/ <\/span><\/span>Sisehindamise kord<\/a> (pdf)<\/p>\r\n<p>&nbsp;<\/p>\r\n<p><strong>\u00dcldt\u00f6\u00f6plaan:<\/strong><\/p>\r\n<p><a href=\"https:\/\/hve.edu.ee\/old\/wp-content\/uploads\/2019\/10\/Kooli-%C3%BCldt%C3%B6%C3%B6plaan.pdf\">https:\/\/hve.edu.ee\/old\/wp-content\/uploads\/2019\/10\/Kooli-%C3%BCldt%C3%B6%C3%B6plaan.pdf<\/a><\/p>\r\n<p>&nbsp;<\/p>\r\n<p><strong>Sisehindamine:<\/strong><\/p>\r\n<p><a href=\"https:\/\/hve.edu.ee\/old\/wp-content\/uploads\/2017\/05\/sisehindamisekord.pdf\">https:\/\/hve.edu.ee\/old\/wp-content\/uploads\/2017\/05\/sisehindamisekord.pdf<\/a><\/p>\r\n<p>[\/vc_column_text][\/vc_tta_section][vc_tta_section title=&#187;Leping&#187; tab_id=&#187;1671626492917-0be1654f-1d68&#8243;][vc_column_text]<\/p>\r\n<p><strong>Leping vanemaga:<\/strong><\/p>\r\n<p><a href=\"https:\/\/hve.edu.ee\/old\/wp-content\/uploads\/2017\/08\/Leping-lapsevanemaga.pdf\" target=\"_blank\" rel=\"noreferrer noopener\">\u0414\u043e\u0433\u043e\u0432\u043e\u0440 \u0441 \u0440\u043e\u0434\u0438\u0442\u0435\u043b\u044f\u043c\u0438 \/ Leping vanemaga<\/a> (pdf)<\/p>\r\n<p>&nbsp;<\/p>\r\n<p><strong>P\u00f5hikoolis \u00f5ppiva \u00f5pilase ja erakooli pidaja vahelise lepingu lisa:<\/strong><\/p>\r\n<ul>\r\n<li><a href=\"https:\/\/hve.edu.ee\/old\/wp-content\/uploads\/2017\/08\/P\u00f5hikoolis-\u00f5ppiva-\u00f5pilase-ja-erakooli-pidaja-vahelise-lepingu-lisa.pdf\" target=\"_blank\" rel=\"noreferrer noopener\"><span class=\"tlid-translation translation\" lang=\"ru\"><span class=\"\" title=\"\">\u041f\u0440\u0438\u043b\u043e\u0436\u0435\u043d\u0438\u0435 \u043a \u0441\u043e\u0433\u043b\u0430\u0448\u0435\u043d\u0438\u044e \u043c\u0435\u0436\u0434\u0443 \u0443\u0447\u0435\u043d\u0438\u043a\u043e\u043c \u043e\u0441\u043d\u043e\u0432\u043d\u043e\u0439 \u0448\u043a\u043e\u043b\u044b \u0438 \u0447\u0430\u0441\u0442\u043d\u043e\u0439 \u0448\u043a\u043e\u043b\u043e\u0439 \/ <\/span><\/span>P\u00f5hikoolis \u00f5ppiva \u00f5pilase ja erakooli pidaja vahelise lepingu lisa<\/a> (pdf)<\/li>\r\n<\/ul>\r\n<p>&nbsp;<\/p>\r\n<p><strong>G\u00fcmnaasiumis \u00f5ppiva \u00f5pilase ja erakooli pidaja vahelise lepingu lisa (pdf)<\/strong><\/p>\r\n<ul>\r\n<li><a href=\"https:\/\/hve.edu.ee\/old\/wp-content\/uploads\/2017\/08\/G\u00fcmnaasiumis-\u00f5ppiva-\u00f5pilase-ja-erakooli-pidaja-vahelise-lepingu-lisa.pdf\" target=\"_blank\" rel=\"noreferrer noopener\"><span class=\"tlid-translation translation\" lang=\"ru\"><span class=\"\" title=\"\">\u041f\u0440\u0438\u043b\u043e\u0436\u0435\u043d\u0438\u0435 \u043a \u0441\u043e\u0433\u043b\u0430\u0448\u0435\u043d\u0438\u044e \u043c\u0435\u0436\u0434\u0443 \u0443\u0447\u0435\u043d\u0438\u043a\u043e\u043c \u0433\u0438\u043c\u043d\u0430\u0437\u0438\u0438 \u0438 \u0447\u0430\u0441\u0442\u043d\u043e\u0439 \u0448\u043a\u043e\u043b\u043e\u0439 \/ <\/span><\/span>G\u00fcmnaasiumis \u00f5ppiva \u00f5pilase ja erakooli pidaja vahelise lepingu lisa<\/a> (pdf)<\/li>\r\n<\/ul>\r\n<p>[\/vc_column_text][\/vc_tta_section][vc_tta_section title=&#187;\u00d5ppe- ja kasvatusprotsess&#187; tab_id=&#187;1671621666750-cc06a4fb-979e&#187;][vc_column_text css_animation=&#187;bottom-to-top&#187;]<\/p>\r\n<p><strong>Kooli arengukava:<\/strong><\/p>\r\n<ul>\r\n<li><a href=\"https:\/\/hve.edu.ee\/old\/wp-content\/uploads\/2017\/08\/Arengukava.pdf\" target=\"_blank\" rel=\"noreferrer noopener\">\u0420\u0430\u0437\u0432\u0438\u0442\u0438\u0435 \u0448\u043a\u043e\u043b\u044b \/ Kooli arengukava<\/a> (pdf)<\/li>\r\n<\/ul>\r\n<p>&nbsp;<\/p>\r\n<p><strong>\u00d5ppe -ja kasvatuskorralduse eeskirjad:<\/strong><\/p>\r\n<ul>\r\n<li><a href=\"https:\/\/hve.edu.ee\/old\/wp-content\/uploads\/2017\/08\/%C3%95ppe-ja-kasvatuskorralduse-eeskirjad.pdf\">https:\/\/hve.edu.ee\/old\/wp-content\/uploads\/2017\/08\/%C3%95ppe-ja-kasvatuskorralduse-eeskirjad.pdf<\/a><\/li>\r\n<\/ul>\r\n<p>&nbsp;<\/p>\r\n<p><strong>\u00d5pilastega l\u00e4biviidavate arenguvestluste korraldamise tingimused ja kord:<\/strong><\/p>\r\n<ul>\r\n<li><a href=\"https:\/\/hve.edu.ee\/old\/wp-content\/uploads\/2017\/05\/arenguvestlustekord.pdf\" target=\"_blank\" rel=\"noreferrer noopener\"><span class=\"tlid-translation translation\" lang=\"ru\"><span class=\"\" title=\"\">\u0423\u0441\u043b\u043e\u0432\u0438\u044f \u0438 \u043f\u043e\u0440\u044f\u0434\u043e\u043a \u043f\u0440\u043e\u0432\u0435\u0434\u0435\u043d\u0438\u044f \u0440\u0430\u0437\u0432\u0438\u0432\u0430\u044e\u0449\u0438\u0445 \u0441\u043e\u0431\u0435\u0441\u0435\u0434\u043e\u0432\u0430\u043d\u0438\u0439\u00a0 \/ <\/span><\/span>\u00d5pilastega l\u00e4biviidavate arenguvestluste korraldamise tingimused ja kord<\/a> (pdf)<\/li>\r\n<\/ul>\r\n<p>[\/vc_column_text][\/vc_tta_section][vc_tta_section title=&#187;Loovt\u00f6\u00f6 juhend&#187; tab_id=&#187;1671621830568-92f98aab-2084&#8243;][vc_column_text]<\/p>\r\n<p><strong>Loovt\u00f6\u00f6 juhend:<\/strong><\/p>\r\n<p><a href=\"http:\/\/hve.edu.ee\/assets\/lt_juhend.pdf\">http:\/\/hve.edu.ee\/assets\/lt_juhend.pdf<\/a><\/p>\r\n<p>[\/vc_column_text][\/vc_tta_section][vc_tta_section title=&#187;Uurimist\u00f6\u00f6de koostamise ja vormistamise juhend&#187; tab_id=&#187;1671621832413-a020055d-d5b8&#8243;][vc_column_text]<\/p>\r\n<p><strong>Uurimist\u00f6\u00f6de koostamise ja vormistamise juhend:<\/strong><\/p>\r\n<p><a href=\"https:\/\/hve.edu.ee\/old\/wp-content\/uploads\/2018\/08\/Kool-21.Sajandil-uurimist%C3%B6%C3%B6-juhend.docx\">https:\/\/hve.edu.ee\/old\/wp-content\/uploads\/2018\/08\/Kool-21.Sajandil-uurimist%C3%B6%C3%B6-juhend.docx<\/a><\/p>\r\n<p>[\/vc_column_text][\/vc_tta_section][vc_tta_section title=&#187;Personali juhtimine&#187; tab_id=&#187;1671628353304-0b403a67-750e&#187;][vc_column_text]<\/p>\r\n<p><strong>Koolit\u00f6\u00f6tajate koosseisu kinnitamise kord:<\/strong><\/p>\r\n<ul>\r\n<li><a href=\"https:\/\/hve.edu.ee\/old\/wp-content\/uploads\/2017\/08\/Koolit\u00f6\u00f6tajate-koosseisu-kinnitamise-kord.pdf\" target=\"_blank\" rel=\"noreferrer noopener\"><span class=\"tlid-translation translation\" lang=\"ru\"><span class=\"\" title=\"\">\u041f\u043e\u0440\u044f\u0434\u043e\u043a \u0443\u0442\u0432\u0435\u0440\u0436\u0434\u0435\u043d\u0438\u044f \u0441\u043e\u0442\u0440\u0443\u0434\u043d\u0438\u043a\u043e\u0432 \u0448\u043a\u043e\u043b\u044b \/ <\/span><\/span>Koolit\u00f6\u00f6tajate koosseisu kinnitamise kord<\/a> (pdf)<\/li>\r\n<\/ul>\r\n<p>&nbsp;<\/p>\r\n<p><strong>\u00d5ppealajuhataja\/\u00f5ppejuhi, \u00f5petajate, tugispetsialistide ning teiste \u00f5ppe- ja kasvatusalal t\u00f6\u00f6tavate isikute vabade ametikohtade t\u00e4itmiseks korraldatava konkursi l\u00e4biviimise kord:<\/strong><\/p>\r\n<ul>\r\n<li><a href=\"https:\/\/hve.edu.ee\/old\/wp-content\/uploads\/2017\/08\/Konkursi-l\u00e4biviimise-kord.pdf\" target=\"_blank\" rel=\"noreferrer noopener\"><span class=\"tlid-translation translation\" lang=\"ru\"><span class=\"\" title=\"\">\u041f\u043e\u0440\u044f\u0434\u043e\u043a \u043f\u0440\u043e\u0432\u0435\u0434\u0435\u043d\u0438\u044f \u043a\u043e\u043d\u043a\u0443\u0440\u0441\u0430 \u043d\u0430 \u0437\u0430\u043c\u0435\u0449\u0435\u043d\u0438\u0435 \u0432\u0430\u043a\u0430\u043d\u0442\u043d\u044b\u0445 \u0434\u043e\u043b\u0436\u043d\u043e\u0441\u0442\u0435\u0439 \u0437\u0430\u0432\u0435\u0434\u0443\u044e\u0449\u0435\u0433\u043e \u0443\u0447\u0438\u0442\u0435\u043b\u0435\u043c, \u0443\u0447\u0438\u0442\u0435\u043b\u0435\u0439, \u0432\u0441\u043f\u043e\u043c\u043e\u0433\u0430\u0442\u0435\u043b\u044c\u043d\u044b\u0445 \u0441\u043f\u0435\u0446\u0438\u0430\u043b\u0438\u0441\u0442\u043e\u0432 \u0438 \u0438\u043d\u044b\u0445 \u043b\u0438\u0446, \u0440\u0430\u0431\u043e\u0442\u0430\u044e\u0449\u0438\u0445 \u0432 \u0443\u0447\u0435\u0431\u043d\u043e-\u0432\u043e\u0441\u043f\u0438\u0442\u0430\u0442\u0435\u043b\u044c\u043d\u043e\u0439 \u0441\u0444\u0435\u0440\u0435 \/ <\/span><\/span>\u00d5ppealajuhataja\/\u00f5ppejuhi, \u00f5petajate, tugispetsialistide ning teiste \u00f5ppe- ja kasvatusalal t\u00f6\u00f6tavate isikute vabade ametikohtade t\u00e4itmiseks korraldatava konkursi l\u00e4biviimise kord<\/a> (pdf)<\/li>\r\n<\/ul>\r\n\r\n<p>[\/vc_column_text][\/vc_tta_section][\/vc_tta_tour][\/vc_column][\/vc_row]<\/p>","protected":false},"excerpt":{"rendered":"<p>[vc_row][vc_column][vc_custom_heading text=&#187;Dokumendid&#187; font_container=&#187;tag:h1|text_align:left&#187; use_theme_fonts=&#187;yes&#187; css_animation=&#187;top-to-bottom&#187;][vc_tta_tour active_section=&#187;1&#8243;][vc_tta_section title=&#187;Eestvedamine ja juhtimine&#187; tab_id=&#187;1671621666696-4f3980b0-557a&#187;][vc_column_text css_animation=&#187;bottom-to-top&#187;] Koolitusluba:\u00a0https:\/\/hve.edu.ee\/old\/wp-content\/uploads\/2016\/10\/Koolitusluba-e1476872075566.jpg &nbsp; Kooli nime muutmine (HTM Ministri KK link):\u00a0 https:\/\/dok.hm.ee\/et\/document.html?id=ba2465f4-5489-4037-80ab-db03cf7c5eb5 &nbsp; P\u00f5hikiri: uus: https:\/\/hve.edu.ee\/old\/wp-content\/uploads\/2018\/04\/MT%C3%9C-Kool-21-sajandil-erakooli-p%C3%B5hikiri-01042018.pdf vana:\u00a0https:\/\/hve.edu.ee\/old\/wp-content\/uploads\/2017\/08\/MT%C3%9C-Kool-21-sajandil-erakooli-p%C3%B5hikiri.pdf &nbsp; Kodukord: \u0420\u0430\u0441\u043f\u043e\u0440\u044f\u0434\u043e\u043a \u0448\u043a\u043e\u043b\u044b \/ Kodukord\u00a0(pdf) \u041f\u0440\u0438\u043b\u043e\u0436\u0435\u043d\u0438\u0435 1 \/ Lisa 1\u00a0(pdf) \u041f\u0440\u0438\u043b\u043e\u0436\u0435\u043d\u0438\u0435 2 \/ Lisa 2\u00a0(pdf) \u041f\u0440\u043e\u0446\u0435\u0434\u0443\u0440\u0430 \u0432\u043d\u0443\u0442\u0440\u0435\u043d\u043d\u0435\u0439 \u043e\u0446\u0435\u043d\u043a\u0438\/&nbsp;<a href=\"https:\/\/www.hve.edu.ee\/e\/ru\/?page_id=479\">&hellip;<\/a><\/p>\n","protected":false},"author":1,"featured_media":481,"parent":160,"menu_order":0,"comment_status":"closed","ping_status":"closed","template":"template-sidebar-right-childpages.php","meta":[],"featured_image_urls":{"full":["https:\/\/www.hve.edu.ee\/e\/ru\/wp-content\/uploads\/2020\/09\/clipart_docs2-scaled.jpg",2560,897,false],"thumbnail":["https:\/\/www.hve.edu.ee\/e\/ru\/wp-content\/uploads\/2020\/09\/clipart_docs2-scaled-150x150.jpg",150,150,true],"medium":["https:\/\/www.hve.edu.ee\/e\/ru\/wp-content\/uploads\/2020\/09\/clipart_docs2-scaled-300x105.jpg",300,105,true],"medium_large":["https:\/\/www.hve.edu.ee\/e\/ru\/wp-content\/uploads\/2020\/09\/clipart_docs2-scaled.jpg",768,269,false],"large":["https:\/\/www.hve.edu.ee\/e\/ru\/wp-content\/uploads\/2020\/09\/clipart_docs2-scaled-1024x359.jpg",1024,359,true],"1536x1536":["https:\/\/www.hve.edu.ee\/e\/ru\/wp-content\/uploads\/2020\/09\/clipart_docs2-scaled-1536x538.jpg",1536,538,true],"2048x2048":["https:\/\/www.hve.edu.ee\/e\/ru\/wp-content\/uploads\/2020\/09\/clipart_docs2-scaled-2048x718.jpg",2048,718,true],"post-thumbnail":["https:\/\/www.hve.edu.ee\/e\/ru\/wp-content\/uploads\/2020\/09\/clipart_docs2-scaled-150x53.jpg",150,53,true],"ed-school-featured-image":["https:\/\/www.hve.edu.ee\/e\/ru\/wp-content\/uploads\/2020\/09\/clipart_docs2-scaled-990x500.jpg",990,500,true],"ed-school-medium":["https:\/\/www.hve.edu.ee\/e\/ru\/wp-content\/uploads\/2020\/09\/clipart_docs2-scaled-768x510.jpg",768,510,true],"ed-school-medium-alt":["https:\/\/www.hve.edu.ee\/e\/ru\/wp-content\/uploads\/2020\/09\/clipart_docs2-scaled-768x410.jpg",768,410,true],"ed-school-square":["https:\/\/www.hve.edu.ee\/e\/ru\/wp-content\/uploads\/2020\/09\/clipart_docs2-scaled-768x768.jpg",768,768,true],"ed-school-square-small":["https:\/\/www.hve.edu.ee\/e\/ru\/wp-content\/uploads\/2020\/09\/clipart_docs2-scaled-420x420.jpg",420,420,true]},"post_excerpt_stackable":"<p>[vc_row][vc_column][vc_custom_heading text=&#187;Dokumendid&#187; font_container=&#187;tag:h1|text_align:left&#187; use_theme_fonts=&#187;yes&#187; css_animation=&#187;top-to-bottom&#187;][vc_tta_tour active_section=&#187;1&#8243;][vc_tta_section title=&#187;Eestvedamine ja juhtimine&#187; tab_id=&#187;1671621666696-4f3980b0-557a&#187;][vc_column_text css_animation=&#187;bottom-to-top&#187;] Koolitusluba:\u00a0https:\/\/hve.edu.ee\/old\/wp-content\/uploads\/2016\/10\/Koolitusluba-e1476872075566.jpg &nbsp; Kooli nime muutmine (HTM Ministri KK link):\u00a0 https:\/\/dok.hm.ee\/et\/document.html?id=ba2465f4-5489-4037-80ab-db03cf7c5eb5 &nbsp; P\u00f5hikiri: uus: https:\/\/hve.edu.ee\/old\/wp-content\/uploads\/2018\/04\/MT%C3%9C-Kool-21-sajandil-erakooli-p%C3%B5hikiri-01042018.pdf vana:\u00a0https:\/\/hve.edu.ee\/old\/wp-content\/uploads\/2017\/08\/MT%C3%9C-Kool-21-sajandil-erakooli-p%C3%B5hikiri.pdf &nbsp; Kodukord: \u0420\u0430\u0441\u043f\u043e\u0440\u044f\u0434\u043e\u043a \u0448\u043a\u043e\u043b\u044b \/ Kodukord\u00a0(pdf) \u041f\u0440\u0438\u043b\u043e\u0436\u0435\u043d\u0438\u0435 1 \/ Lisa 1\u00a0(pdf) \u041f\u0440\u0438\u043b\u043e\u0436\u0435\u043d\u0438\u0435 2 \/ Lisa 2\u00a0(pdf) \u041f\u0440\u043e\u0446\u0435\u0434\u0443\u0440\u0430 \u0432\u043d\u0443\u0442\u0440\u0435\u043d\u043d\u0435\u0439 \u043e\u0446\u0435\u043d\u043a\u0438\/ Sisehindamise kord (pdf) &nbsp; \u00dcldt\u00f6\u00f6plaan: https:\/\/hve.edu.ee\/old\/wp-content\/uploads\/2019\/10\/Kooli-%C3%BCldt%C3%B6%C3%B6plaan.pdf &nbsp; Sisehindamine: https:\/\/hve.edu.ee\/old\/wp-content\/uploads\/2017\/05\/sisehindamisekord.pdf [\/vc_column_text][\/vc_tta_section][vc_tta_section title=&#187;Leping&#187; tab_id=&#187;1671626492917-0be1654f-1d68&#8243;][vc_column_text] Leping vanemaga: \u0414\u043e\u0433\u043e\u0432\u043e\u0440 \u0441 \u0440\u043e\u0434\u0438\u0442\u0435\u043b\u044f\u043c\u0438 \/ Leping vanemaga (pdf) &nbsp; P\u00f5hikoolis \u00f5ppiva \u00f5pilase ja erakooli pidaja vahelise lepingu lisa: \u041f\u0440\u0438\u043b\u043e\u0436\u0435\u043d\u0438\u0435 \u043a \u0441\u043e\u0433\u043b\u0430\u0448\u0435\u043d\u0438\u044e \u043c\u0435\u0436\u0434\u0443 \u0443\u0447\u0435\u043d\u0438\u043a\u043e\u043c \u043e\u0441\u043d\u043e\u0432\u043d\u043e\u0439 \u0448\u043a\u043e\u043b\u044b \u0438 \u0447\u0430\u0441\u0442\u043d\u043e\u0439 \u0448\u043a\u043e\u043b\u043e\u0439 \/ P\u00f5hikoolis \u00f5ppiva \u00f5pilase ja erakooli pidaja vahelise lepingu lisa (pdf) &nbsp; G\u00fcmnaasiumis \u00f5ppiva&hellip;<\/p>\n","category_list":"","author_info":{"name":"wp_hve_edu","url":"https:\/\/www.hve.edu.ee\/e\/ru\/?author=1"},"comments_num":"0 \u043a\u043e\u043c\u043c\u0435\u043d\u0442\u0430\u0440\u0438\u0435\u0432","featured_image_urls_v2":{"full":["https:\/\/www.hve.edu.ee\/e\/ru\/wp-content\/uploads\/2020\/09\/clipart_docs2-scaled.jpg",2560,897,false],"thumbnail":["https:\/\/www.hve.edu.ee\/e\/ru\/wp-content\/uploads\/2020\/09\/clipart_docs2-scaled-150x150.jpg",150,150,true],"medium":["https:\/\/www.hve.edu.ee\/e\/ru\/wp-content\/uploads\/2020\/09\/clipart_docs2-scaled-300x105.jpg",300,105,true],"medium_large":["https:\/\/www.hve.edu.ee\/e\/ru\/wp-content\/uploads\/2020\/09\/clipart_docs2-scaled.jpg",768,269,false],"large":["https:\/\/www.hve.edu.ee\/e\/ru\/wp-content\/uploads\/2020\/09\/clipart_docs2-scaled-1024x359.jpg",1024,359,true],"1536x1536":["https:\/\/www.hve.edu.ee\/e\/ru\/wp-content\/uploads\/2020\/09\/clipart_docs2-scaled-1536x538.jpg",1536,538,true],"2048x2048":["https:\/\/www.hve.edu.ee\/e\/ru\/wp-content\/uploads\/2020\/09\/clipart_docs2-scaled-2048x718.jpg",2048,718,true],"post-thumbnail":["https:\/\/www.hve.edu.ee\/e\/ru\/wp-content\/uploads\/2020\/09\/clipart_docs2-scaled-150x53.jpg",150,53,true],"ed-school-featured-image":["https:\/\/www.hve.edu.ee\/e\/ru\/wp-content\/uploads\/2020\/09\/clipart_docs2-scaled-990x500.jpg",990,500,true],"ed-school-medium":["https:\/\/www.hve.edu.ee\/e\/ru\/wp-content\/uploads\/2020\/09\/clipart_docs2-scaled-768x510.jpg",768,510,true],"ed-school-medium-alt":["https:\/\/www.hve.edu.ee\/e\/ru\/wp-content\/uploads\/2020\/09\/clipart_docs2-scaled-768x410.jpg",768,410,true],"ed-school-square":["https:\/\/www.hve.edu.ee\/e\/ru\/wp-content\/uploads\/2020\/09\/clipart_docs2-scaled-768x768.jpg",768,768,true],"ed-school-square-small":["https:\/\/www.hve.edu.ee\/e\/ru\/wp-content\/uploads\/2020\/09\/clipart_docs2-scaled-420x420.jpg",420,420,true]},"post_excerpt_stackable_v2":"<p>[vc_row][vc_column][vc_custom_heading text=&#187;Dokumendid&#187; font_container=&#187;tag:h1|text_align:left&#187; use_theme_fonts=&#187;yes&#187; css_animation=&#187;top-to-bottom&#187;][vc_tta_tour active_section=&#187;1&#8243;][vc_tta_section title=&#187;Eestvedamine ja juhtimine&#187; tab_id=&#187;1671621666696-4f3980b0-557a&#187;][vc_column_text css_animation=&#187;bottom-to-top&#187;] Koolitusluba:\u00a0https:\/\/hve.edu.ee\/old\/wp-content\/uploads\/2016\/10\/Koolitusluba-e1476872075566.jpg &nbsp; Kooli nime muutmine (HTM Ministri KK link):\u00a0 https:\/\/dok.hm.ee\/et\/document.html?id=ba2465f4-5489-4037-80ab-db03cf7c5eb5 &nbsp; P\u00f5hikiri: uus: https:\/\/hve.edu.ee\/old\/wp-content\/uploads\/2018\/04\/MT%C3%9C-Kool-21-sajandil-erakooli-p%C3%B5hikiri-01042018.pdf vana:\u00a0https:\/\/hve.edu.ee\/old\/wp-content\/uploads\/2017\/08\/MT%C3%9C-Kool-21-sajandil-erakooli-p%C3%B5hikiri.pdf &nbsp; Kodukord: \u0420\u0430\u0441\u043f\u043e\u0440\u044f\u0434\u043e\u043a \u0448\u043a\u043e\u043b\u044b \/ Kodukord\u00a0(pdf) \u041f\u0440\u0438\u043b\u043e\u0436\u0435\u043d\u0438\u0435 1 \/ Lisa 1\u00a0(pdf) \u041f\u0440\u0438\u043b\u043e\u0436\u0435\u043d\u0438\u0435 2 \/ Lisa 2\u00a0(pdf) \u041f\u0440\u043e\u0446\u0435\u0434\u0443\u0440\u0430 \u0432\u043d\u0443\u0442\u0440\u0435\u043d\u043d\u0435\u0439 \u043e\u0446\u0435\u043d\u043a\u0438\/ Sisehindamise kord (pdf) &nbsp; \u00dcldt\u00f6\u00f6plaan: https:\/\/hve.edu.ee\/old\/wp-content\/uploads\/2019\/10\/Kooli-%C3%BCldt%C3%B6%C3%B6plaan.pdf &nbsp; Sisehindamine: https:\/\/hve.edu.ee\/old\/wp-content\/uploads\/2017\/05\/sisehindamisekord.pdf [\/vc_column_text][\/vc_tta_section][vc_tta_section title=&#187;Leping&#187; tab_id=&#187;1671626492917-0be1654f-1d68&#8243;][vc_column_text] Leping vanemaga: \u0414\u043e\u0433\u043e\u0432\u043e\u0440 \u0441 \u0440\u043e\u0434\u0438\u0442\u0435\u043b\u044f\u043c\u0438 \/ Leping vanemaga (pdf) &nbsp; P\u00f5hikoolis \u00f5ppiva \u00f5pilase ja erakooli pidaja vahelise lepingu lisa: \u041f\u0440\u0438\u043b\u043e\u0436\u0435\u043d\u0438\u0435 \u043a \u0441\u043e\u0433\u043b\u0430\u0448\u0435\u043d\u0438\u044e \u043c\u0435\u0436\u0434\u0443 \u0443\u0447\u0435\u043d\u0438\u043a\u043e\u043c \u043e\u0441\u043d\u043e\u0432\u043d\u043e\u0439 \u0448\u043a\u043e\u043b\u044b \u0438 \u0447\u0430\u0441\u0442\u043d\u043e\u0439 \u0448\u043a\u043e\u043b\u043e\u0439 \/ P\u00f5hikoolis \u00f5ppiva \u00f5pilase ja erakooli pidaja vahelise lepingu lisa (pdf) &nbsp; G\u00fcmnaasiumis \u00f5ppiva&hellip;<\/p>\n","category_list_v2":"","author_info_v2":{"name":"wp_hve_edu","url":"https:\/\/www.hve.edu.ee\/e\/ru\/?author=1"},"comments_num_v2":"0 \u043a\u043e\u043c\u043c\u0435\u043d\u0442\u0430\u0440\u0438\u0435\u0432","_links":{"self":[{"href":"https:\/\/www.hve.edu.ee\/e\/ru\/index.php?rest_route=\/wp\/v2\/pages\/479"}],"collection":[{"href":"https:\/\/www.hve.edu.ee\/e\/ru\/index.php?rest_route=\/wp\/v2\/pages"}],"about":[{"href":"https:\/\/www.hve.edu.ee\/e\/ru\/index.php?rest_route=\/wp\/v2\/types\/page"}],"author":[{"embeddable":true,"href":"https:\/\/www.hve.edu.ee\/e\/ru\/index.php?rest_route=\/wp\/v2\/users\/1"}],"replies":[{"embeddable":true,"href":"https:\/\/www.hve.edu.ee\/e\/ru\/index.php?rest_route=%2Fwp%2Fv2%2Fcomments&post=479"}],"version-history":[{"count":39,"href":"https:\/\/www.hve.edu.ee\/e\/ru\/index.php?rest_route=\/wp\/v2\/pages\/479\/revisions"}],"predecessor-version":[{"id":1975,"href":"https:\/\/www.hve.edu.ee\/e\/ru\/index.php?rest_route=\/wp\/v2\/pages\/479\/revisions\/1975"}],"up":[{"embeddable":true,"href":"https:\/\/www.hve.edu.ee\/e\/ru\/index.php?rest_route=\/wp\/v2\/pages\/160"}],"wp:featuredmedia":[{"embeddable":true,"href":"https:\/\/www.hve.edu.ee\/e\/ru\/index.php?rest_route=\/wp\/v2\/media\/481"}],"wp:attachment":[{"href":"https:\/\/www.hve.edu.ee\/e\/ru\/index.php?rest_route=%2Fwp%2Fv2%2Fmedia&parent=479"}],"curies":[{"name":"wp","href":"https:\/\/api.w.org\/{rel}","templated":true}]}}