{"id":555,"date":"2020-09-03T12:35:58","date_gmt":"2020-09-03T10:35:58","guid":{"rendered":"https:\/\/www.hve.edu.ee\/z\/ru\/?page_id=555"},"modified":"2023-07-18T10:27:45","modified_gmt":"2023-07-18T08:27:45","slug":"sookla-menuu","status":"publish","type":"page","link":"https:\/\/www.hve.edu.ee\/e\/ru\/?page_id=555","title":{"rendered":"\u041c\u0435\u043d\u044e \u0441\u0442\u043e\u043b\u043e\u0432\u043e\u0439"},"content":{"rendered":"<p>[vc_row][vc_column][vc_custom_heading text=&#187;\u041c\u0435\u043d\u044e \u0441\u0442\u043e\u043b\u043e\u0432\u043e\u0439&#187; font_container=&#187;tag:h1|text_align:left&#187; use_theme_fonts=&#187;yes&#187; css_animation=&#187;top-to-bottom&#187;][vc_zigzag align=&#187;left&#187; el_width=&#187;50&#8243; css_animation=&#187;flipInX&#187;][vc_column_text css_animation=&#187;bottom-to-top&#187;]<!-- \/wp:paragraph --><\/p>\r\n<p><strong>Arhiiv:<\/strong><\/p>\r\n<p><a href=\"https:\/\/hve.edu.ee\/assets\/2020_11_09.pdf\">Men\u00fc\u00fc November 2020\/2021<\/a><\/p>\r\n<p><a href=\"https:\/\/hve.edu.ee\/assets\/2020_09_14_Menju_21_vek.pdf\">\u041c\u0435\u043d\u044e 2020\/2021<\/a><\/p>\r\n<p><a href=\"https:\/\/www.hve.edu.ee\/z\/ru\/wp-content\/uploads\/2020\/09\/2020_09_28-Menju-21-vek.xls\">2020_09_28 Menju 21 vek<\/a><\/p>\r\n<p>[\/vc_column_text][vc_column_text css_animation=&#187;fadeIn&#187;]<!-- wp:paragraph --><a href=\"https:\/\/hve.edu.ee\/old\/wp-content\/uploads\/2019\/09\/Men\u00fc\u00fc.pdf\">Men\u00fc\u00fc<\/a><\/p>\r\n<!-- \/wp:paragraph -->\r\n<p><!-- wp:paragraph --><a href=\"https:\/\/hve.edu.ee\/old\/wp-content\/uploads\/2019\/12\/\u041a\u043e\u043f\u0438\u044f-2019_12_09-Menju-21-vek.pdf\">2019_12_09 Menju 21 vek<\/a><\/p>\r\n<!-- \/wp:paragraph -->\r\n<p><!-- wp:paragraph --><a href=\"https:\/\/hve.edu.ee\/old\/wp-content\/uploads\/2019\/12\/\u041a\u043e\u043f\u0438\u044f-2019_12_02-Menju-21-vek.pdf\">2019_12_02 Menju 21 vek<\/a><\/p>\r\n<!-- \/wp:paragraph -->\r\n<p><!-- wp:paragraph --><a href=\"https:\/\/hve.edu.ee\/old\/wp-content\/uploads\/2019\/11\/2019_11_25-Menju-21-vek.pdf\">2019_11_25 Menju 21 vek<\/a><\/p>\r\n<!-- \/wp:paragraph -->\r\n<p><!-- wp:paragraph --><a href=\"https:\/\/hve.edu.ee\/old\/wp-content\/uploads\/2019\/10\/2019_10_28-Menju-21-vek.pdf\">Menju 28.10.2019<\/a><\/p>\r\n<!-- \/wp:paragraph -->\r\n<p><!-- wp:paragraph --><a href=\"https:\/\/hve.edu.ee\/old\/wp-content\/uploads\/2019\/10\/Menju-14.10.2019.pdf\">Menju 14.10.2019<\/a><\/p>\r\n<!-- \/wp:paragraph -->\r\n<p><!-- wp:paragraph --><a href=\"https:\/\/hve.edu.ee\/old\/wp-content\/uploads\/2019\/10\/Menju-07.10.2019-1.pdf\">Menju 07.10.2019<\/a><\/p>\r\n<!-- \/wp:paragraph -->\r\n<p><!-- wp:paragraph --><a href=\"https:\/\/hve.edu.ee\/old\/wp-content\/uploads\/2019\/10\/Menju-30.09.2019.pdf\">Menju 30.09.2019<\/a><\/p>\r\n<!-- \/wp:paragraph -->\r\n<p><!-- wp:paragraph --><a href=\"https:\/\/hve.edu.ee\/old\/wp-content\/uploads\/2019\/09\/Men\u00fc\u00fc-23.09.pdf\">Men\u00fc\u00fc 23.09<\/a><\/p>\r\n<!-- \/wp:paragraph -->\r\n<p><!-- wp:paragraph --><a href=\"https:\/\/hve.edu.ee\/old\/wp-content\/uploads\/2019\/09\/Men\u00fc\u00fc-16.09.pdf\">Men\u00fc\u00fc 16.09<\/a><\/p>\r\n<!-- \/wp:paragraph -->\r\n<p><!-- wp:paragraph --><a href=\"https:\/\/kool21sajandil.edupage.org\/menu\/\">https:\/\/kool21sajandil.edupage.org\/menu\/<\/a><\/p>\r\n<p><!-- \/wp:paragraph -->[\/vc_column_text][\/vc_column][\/vc_row]<\/p>","protected":false},"excerpt":{"rendered":"<p>[vc_row][vc_column][vc_custom_heading text=&#187;\u041c\u0435\u043d\u044e \u0441\u0442\u043e\u043b\u043e\u0432\u043e\u0439&#187; font_container=&#187;tag:h1|text_align:left&#187; use_theme_fonts=&#187;yes&#187; css_animation=&#187;top-to-bottom&#187;][vc_zigzag align=&#187;left&#187; el_width=&#187;50&#8243; css_animation=&#187;flipInX&#187;][vc_column_text css_animation=&#187;bottom-to-top&#187;] Arhiiv: Men\u00fc\u00fc November 2020\/2021 \u041c\u0435\u043d\u044e 2020\/2021 2020_09_28 Menju 21 vek [\/vc_column_text][vc_column_text css_animation=&#187;fadeIn&#187;]Men\u00fc\u00fc 2019_12_09 Menju 21 vek 2019_12_02 Menju 21 vek 2019_11_25 Menju 21 vek Menju 28.10.2019 Menju 14.10.2019 Menju 07.10.2019 Menju 30.09.2019 Men\u00fc\u00fc 23.09 Men\u00fc\u00fc&nbsp;<a href=\"https:\/\/www.hve.edu.ee\/e\/ru\/?page_id=555\">&hellip;<\/a><\/p>\n","protected":false},"author":1,"featured_media":0,"parent":134,"menu_order":0,"comment_status":"closed","ping_status":"closed","template":"template-sidebar-right-childpages.php","meta":[],"featured_image_urls":{"full":"","thumbnail":"","medium":"","medium_large":"","large":"","1536x1536":"","2048x2048":"","post-thumbnail":"","ed-school-featured-image":"","ed-school-medium":"","ed-school-medium-alt":"","ed-school-square":"","ed-school-square-small":""},"post_excerpt_stackable":"<p>[vc_row][vc_column][vc_custom_heading text=&#187;\u041c\u0435\u043d\u044e \u0441\u0442\u043e\u043b\u043e\u0432\u043e\u0439&#187; font_container=&#187;tag:h1|text_align:left&#187; use_theme_fonts=&#187;yes&#187; css_animation=&#187;top-to-bottom&#187;][vc_zigzag align=&#187;left&#187; el_width=&#187;50&#8243; css_animation=&#187;flipInX&#187;][vc_column_text css_animation=&#187;bottom-to-top&#187;] Arhiiv: Men\u00fc\u00fc November 2020\/2021 \u041c\u0435\u043d\u044e 2020\/2021 2020_09_28 Menju 21 vek [\/vc_column_text][vc_column_text css_animation=&#187;fadeIn&#187;]Men\u00fc\u00fc 2019_12_09 Menju 21 vek 2019_12_02 Menju 21 vek 2019_11_25 Menju 21 vek Menju 28.10.2019 Menju 14.10.2019 Menju 07.10.2019 Menju 30.09.2019 Men\u00fc\u00fc 23.09 Men\u00fc\u00fc 16.09 https:\/\/kool21sajandil.edupage.org\/menu\/ [\/vc_column_text][\/vc_column][\/vc_row]<\/p>\n","category_list":"","author_info":{"name":"wp_hve_edu","url":"https:\/\/www.hve.edu.ee\/e\/ru\/?author=1"},"comments_num":"0 \u043a\u043e\u043c\u043c\u0435\u043d\u0442\u0430\u0440\u0438\u0435\u0432","featured_image_urls_v2":{"full":"","thumbnail":"","medium":"","medium_large":"","large":"","1536x1536":"","2048x2048":"","post-thumbnail":"","ed-school-featured-image":"","ed-school-medium":"","ed-school-medium-alt":"","ed-school-square":"","ed-school-square-small":""},"post_excerpt_stackable_v2":"<p>[vc_row][vc_column][vc_custom_heading text=&#187;\u041c\u0435\u043d\u044e \u0441\u0442\u043e\u043b\u043e\u0432\u043e\u0439&#187; font_container=&#187;tag:h1|text_align:left&#187; use_theme_fonts=&#187;yes&#187; css_animation=&#187;top-to-bottom&#187;][vc_zigzag align=&#187;left&#187; el_width=&#187;50&#8243; css_animation=&#187;flipInX&#187;][vc_column_text css_animation=&#187;bottom-to-top&#187;] Arhiiv: Men\u00fc\u00fc November 2020\/2021 \u041c\u0435\u043d\u044e 2020\/2021 2020_09_28 Menju 21 vek [\/vc_column_text][vc_column_text css_animation=&#187;fadeIn&#187;]Men\u00fc\u00fc 2019_12_09 Menju 21 vek 2019_12_02 Menju 21 vek 2019_11_25 Menju 21 vek Menju 28.10.2019 Menju 14.10.2019 Menju 07.10.2019 Menju 30.09.2019 Men\u00fc\u00fc 23.09 Men\u00fc\u00fc 16.09 https:\/\/kool21sajandil.edupage.org\/menu\/ [\/vc_column_text][\/vc_column][\/vc_row]<\/p>\n","category_list_v2":"","author_info_v2":{"name":"wp_hve_edu","url":"https:\/\/www.hve.edu.ee\/e\/ru\/?author=1"},"comments_num_v2":"0 \u043a\u043e\u043c\u043c\u0435\u043d\u0442\u0430\u0440\u0438\u0435\u0432","_links":{"self":[{"href":"https:\/\/www.hve.edu.ee\/e\/ru\/index.php?rest_route=\/wp\/v2\/pages\/555"}],"collection":[{"href":"https:\/\/www.hve.edu.ee\/e\/ru\/index.php?rest_route=\/wp\/v2\/pages"}],"about":[{"href":"https:\/\/www.hve.edu.ee\/e\/ru\/index.php?rest_route=\/wp\/v2\/types\/page"}],"author":[{"embeddable":true,"href":"https:\/\/www.hve.edu.ee\/e\/ru\/index.php?rest_route=\/wp\/v2\/users\/1"}],"replies":[{"embeddable":true,"href":"https:\/\/www.hve.edu.ee\/e\/ru\/index.php?rest_route=%2Fwp%2Fv2%2Fcomments&post=555"}],"version-history":[{"count":10,"href":"https:\/\/www.hve.edu.ee\/e\/ru\/index.php?rest_route=\/wp\/v2\/pages\/555\/revisions"}],"predecessor-version":[{"id":2056,"href":"https:\/\/www.hve.edu.ee\/e\/ru\/index.php?rest_route=\/wp\/v2\/pages\/555\/revisions\/2056"}],"up":[{"embeddable":true,"href":"https:\/\/www.hve.edu.ee\/e\/ru\/index.php?rest_route=\/wp\/v2\/pages\/134"}],"wp:attachment":[{"href":"https:\/\/www.hve.edu.ee\/e\/ru\/index.php?rest_route=%2Fwp%2Fv2%2Fmedia&parent=555"}],"curies":[{"name":"wp","href":"https:\/\/api.w.org\/{rel}","templated":true}]}}