{"id":611,"date":"2020-09-03T13:06:26","date_gmt":"2020-09-03T11:06:26","guid":{"rendered":"https:\/\/www.hve.edu.ee\/z\/ru\/?page_id=611"},"modified":"2021-07-15T15:57:36","modified_gmt":"2021-07-15T13:57:36","slug":"projektijuhtimine-multikultruurilistel-vahetustel","status":"publish","type":"page","link":"https:\/\/www.hve.edu.ee\/e\/ru\/?page_id=611","title":{"rendered":"\u0423\u043f\u0440\u0430\u0432\u043b\u0435\u043d\u0438\u0435 \u043f\u0440\u043e\u0435\u043a\u0442\u0430\u043c\u0438 \u0432 \u043c\u0443\u043b\u044c\u0442\u0438\u043a\u0443\u043b\u044c\u0442\u0443\u0440\u043d\u044b\u0445 \u043e\u0431\u043c\u0435\u043d\u0430\u0445"},"content":{"rendered":"<p>[vc_row][vc_column][vc_custom_heading text=&#187;\u0423\u043f\u0440\u0430\u0432\u043b\u0435\u043d\u0438\u0435 \u043f\u0440\u043e\u0435\u043a\u0442\u0430\u043c\u0438 \u0432 \u043c\u0443\u043b\u044c\u0442\u0438\u043a\u0443\u043b\u044c\u0442\u0443\u0440\u043d\u044b\u0445 \u043e\u0431\u043c\u0435\u043d\u0430\u0445&#187; font_container=&#187;tag:h1|text_align:left&#187; use_theme_fonts=&#187;yes&#187; css_animation=&#187;top-to-bottom&#187;][vc_column_text]<!-- \/wp:paragraph --><\/p>\r\n<p><!-- wp:paragraph --><strong>\u201cProject management for cross-cultural exchange projects in Europe\u201d.<\/strong><\/p>\r\n<!-- \/wp:paragraph -->\r\n<p><!-- wp:paragraph -->2014 year, Portugal (Porto)<\/p>\r\n<!-- \/wp:paragraph -->\r\n<p><!-- wp:paragraph -->Projektis osalesid g\u00fcmnaasiumi \u00f5petaja ja \u00f5pilane Veranika Schcura.<\/p>\r\n<!-- \/wp:paragraph -->\r\n<p><!-- wp:paragraph -->Veranika: \u201cMa m\u00e4letan selle \u00f5ppereisi minu kogu elu jooksul. T\u00e4nan meie g\u00fcmnaasiumi selle v\u00f5imaluse eest!\u201d<\/p>\r\n<!-- \/wp:paragraph -->\r\n<p><!-- wp:paragraph -->Fotod, mis on tehtud projekti osaleja \u00f5pilane Veranika poolt:<\/p>\r\n<p><!-- \/wp:paragraph -->\u00a0<\/p>\r\n<p>[\/vc_column_text][vc_images_carousel images=&#187;618,617,616,615,614&#8243; img_size=&#187;500&#215;400&#8243; speed=&#187;2500&#8243; autoplay=&#187;yes&#187; wrap=&#187;yes&#187;][\/vc_column][\/vc_row]<\/p>","protected":false},"excerpt":{"rendered":"<p>[vc_row][vc_column][vc_custom_heading text=&#187;\u0423\u043f\u0440\u0430\u0432\u043b\u0435\u043d\u0438\u0435 \u043f\u0440\u043e\u0435\u043a\u0442\u0430\u043c\u0438 \u0432 \u043c\u0443\u043b\u044c\u0442\u0438\u043a\u0443\u043b\u044c\u0442\u0443\u0440\u043d\u044b\u0445 \u043e\u0431\u043c\u0435\u043d\u0430\u0445&#187; font_container=&#187;tag:h1|text_align:left&#187; use_theme_fonts=&#187;yes&#187; css_animation=&#187;top-to-bottom&#187;][vc_column_text] \u201cProject management for cross-cultural exchange projects in Europe\u201d. 2014 year, Portugal (Porto) Projektis osalesid g\u00fcmnaasiumi \u00f5petaja ja \u00f5pilane Veranika Schcura. Veranika: \u201cMa m\u00e4letan selle \u00f5ppereisi minu kogu elu jooksul. T\u00e4nan meie g\u00fcmnaasiumi selle v\u00f5imaluse eest!\u201d Fotod,&nbsp;<a href=\"https:\/\/www.hve.edu.ee\/e\/ru\/?page_id=611\">&hellip;<\/a><\/p>\n","protected":false},"author":1,"featured_media":0,"parent":182,"menu_order":0,"comment_status":"closed","ping_status":"closed","template":"template-sidebar-right-childpages.php","meta":[],"featured_image_urls":{"full":"","thumbnail":"","medium":"","medium_large":"","large":"","1536x1536":"","2048x2048":"","post-thumbnail":"","ed-school-featured-image":"","ed-school-medium":"","ed-school-medium-alt":"","ed-school-square":"","ed-school-square-small":""},"post_excerpt_stackable":"<p>[vc_row][vc_column][vc_custom_heading text=&#187;\u0423\u043f\u0440\u0430\u0432\u043b\u0435\u043d\u0438\u0435 \u043f\u0440\u043e\u0435\u043a\u0442\u0430\u043c\u0438 \u0432 \u043c\u0443\u043b\u044c\u0442\u0438\u043a\u0443\u043b\u044c\u0442\u0443\u0440\u043d\u044b\u0445 \u043e\u0431\u043c\u0435\u043d\u0430\u0445&#187; font_container=&#187;tag:h1|text_align:left&#187; use_theme_fonts=&#187;yes&#187; css_animation=&#187;top-to-bottom&#187;][vc_column_text] \u201cProject management for cross-cultural exchange projects in Europe\u201d. 2014 year, Portugal (Porto) Projektis osalesid g\u00fcmnaasiumi \u00f5petaja ja \u00f5pilane Veranika Schcura. Veranika: \u201cMa m\u00e4letan selle \u00f5ppereisi minu kogu elu jooksul. T\u00e4nan meie g\u00fcmnaasiumi selle v\u00f5imaluse eest!\u201d Fotod, mis on tehtud projekti osaleja \u00f5pilane Veranika poolt: \u00a0 [\/vc_column_text][vc_images_carousel images=&#187;618,617,616,615,614&#8243; img_size=&#187;500&#215;400&#8243; speed=&#187;2500&#8243; autoplay=&#187;yes&#187; wrap=&#187;yes&#187;][\/vc_column][\/vc_row]<\/p>\n","category_list":"","author_info":{"name":"wp_hve_edu","url":"https:\/\/www.hve.edu.ee\/e\/ru\/?author=1"},"comments_num":"0 \u043a\u043e\u043c\u043c\u0435\u043d\u0442\u0430\u0440\u0438\u0435\u0432","featured_image_urls_v2":{"full":"","thumbnail":"","medium":"","medium_large":"","large":"","1536x1536":"","2048x2048":"","post-thumbnail":"","ed-school-featured-image":"","ed-school-medium":"","ed-school-medium-alt":"","ed-school-square":"","ed-school-square-small":""},"post_excerpt_stackable_v2":"<p>[vc_row][vc_column][vc_custom_heading text=&#187;\u0423\u043f\u0440\u0430\u0432\u043b\u0435\u043d\u0438\u0435 \u043f\u0440\u043e\u0435\u043a\u0442\u0430\u043c\u0438 \u0432 \u043c\u0443\u043b\u044c\u0442\u0438\u043a\u0443\u043b\u044c\u0442\u0443\u0440\u043d\u044b\u0445 \u043e\u0431\u043c\u0435\u043d\u0430\u0445&#187; font_container=&#187;tag:h1|text_align:left&#187; use_theme_fonts=&#187;yes&#187; css_animation=&#187;top-to-bottom&#187;][vc_column_text] \u201cProject management for cross-cultural exchange projects in Europe\u201d. 2014 year, Portugal (Porto) Projektis osalesid g\u00fcmnaasiumi \u00f5petaja ja \u00f5pilane Veranika Schcura. Veranika: \u201cMa m\u00e4letan selle \u00f5ppereisi minu kogu elu jooksul. T\u00e4nan meie g\u00fcmnaasiumi selle v\u00f5imaluse eest!\u201d Fotod, mis on tehtud projekti osaleja \u00f5pilane Veranika poolt: \u00a0 [\/vc_column_text][vc_images_carousel images=&#187;618,617,616,615,614&#8243; img_size=&#187;500&#215;400&#8243; speed=&#187;2500&#8243; autoplay=&#187;yes&#187; wrap=&#187;yes&#187;][\/vc_column][\/vc_row]<\/p>\n","category_list_v2":"","author_info_v2":{"name":"wp_hve_edu","url":"https:\/\/www.hve.edu.ee\/e\/ru\/?author=1"},"comments_num_v2":"0 \u043a\u043e\u043c\u043c\u0435\u043d\u0442\u0430\u0440\u0438\u0435\u0432","_links":{"self":[{"href":"https:\/\/www.hve.edu.ee\/e\/ru\/index.php?rest_route=\/wp\/v2\/pages\/611"}],"collection":[{"href":"https:\/\/www.hve.edu.ee\/e\/ru\/index.php?rest_route=\/wp\/v2\/pages"}],"about":[{"href":"https:\/\/www.hve.edu.ee\/e\/ru\/index.php?rest_route=\/wp\/v2\/types\/page"}],"author":[{"embeddable":true,"href":"https:\/\/www.hve.edu.ee\/e\/ru\/index.php?rest_route=\/wp\/v2\/users\/1"}],"replies":[{"embeddable":true,"href":"https:\/\/www.hve.edu.ee\/e\/ru\/index.php?rest_route=%2Fwp%2Fv2%2Fcomments&post=611"}],"version-history":[{"count":8,"href":"https:\/\/www.hve.edu.ee\/e\/ru\/index.php?rest_route=\/wp\/v2\/pages\/611\/revisions"}],"predecessor-version":[{"id":1482,"href":"https:\/\/www.hve.edu.ee\/e\/ru\/index.php?rest_route=\/wp\/v2\/pages\/611\/revisions\/1482"}],"up":[{"embeddable":true,"href":"https:\/\/www.hve.edu.ee\/e\/ru\/index.php?rest_route=\/wp\/v2\/pages\/182"}],"wp:attachment":[{"href":"https:\/\/www.hve.edu.ee\/e\/ru\/index.php?rest_route=%2Fwp%2Fv2%2Fmedia&parent=611"}],"curies":[{"name":"wp","href":"https:\/\/api.w.org\/{rel}","templated":true}]}}