{"id":621,"date":"2020-09-03T13:14:51","date_gmt":"2020-09-03T11:14:51","guid":{"rendered":"https:\/\/www.hve.edu.ee\/z\/ru\/?page_id=621"},"modified":"2021-07-15T15:54:51","modified_gmt":"2021-07-15T13:54:51","slug":"kodanike-eetika","status":"publish","type":"page","link":"https:\/\/www.hve.edu.ee\/e\/ru\/?page_id=621","title":{"rendered":"\u0413\u0440\u0430\u0436\u0434\u0430\u043d\u0441\u043a\u0430\u044f \u044d\u0442\u0438\u043a\u0430"},"content":{"rendered":"<p>[vc_row][vc_column][vc_custom_heading text=&#187;Kodanike eetika&#187; font_container=&#187;tag:h1|text_align:left&#187; use_theme_fonts=&#187;yes&#187; css_animation=&#187;top-to-bottom&#187;][vc_column_text css_animation=&#187;left-to-right&#187;]<!-- \/wp:paragraph --><\/p>\r\n<p><span class=\"tlid-translation translation\" lang=\"ru\"><span title=\"\">\u041c\u0435\u0436\u0434\u0443\u043d\u0430\u0440\u043e\u0434\u043d\u044b\u0439 \u043f\u0440\u043e\u0435\u043a\u0442 \u0438 \u043a\u043e\u043d\u0444\u0435\u0440\u0435\u043d\u0446\u0438\u044f \u0432 \u0411\u0443\u0434\u0430\u043f\u0435\u0448\u0442\u0435 (2013 \u0433.).<\/span> <span class=\"\" title=\"\">\u041d\u0430\u0448\u0430 \u0441\u0440\u0435\u0434\u043d\u044f\u044f \u0448\u043a\u043e\u043b\u0430 \u0443\u0447\u0430\u0441\u0442\u0432\u043e\u0432\u0430\u043b\u0430 \u0432 \u044d\u0442\u043e\u043c \u043f\u0440\u043e\u0435\u043a\u0442\u0435, \u0433\u0434\u0435 \u0443\u0447\u0430\u0449\u0438\u044f\u0441\u044f \u0412\u0435\u0440\u043e\u043d\u0438\u043a\u043e\u0439 \u0448\u043a\u043e\u043b\u044b \u0432\u043c\u0435\u0441\u0442\u0435 \u0441 \u0443\u0447\u0438\u0442\u0435\u043b\u0435\u043c \u0447\u0438\u0442\u0430\u043b\u0438 \u043b\u0435\u043a\u0446\u0438\u044e \u043d\u0430 \u044d\u0442\u043e\u0439 \u043c\u0435\u0436\u0434\u0443\u043d\u0430\u0440\u043e\u0434\u043d\u043e\u0439 \u043a\u043e\u043d\u0444\u0435\u0440\u0435\u043d\u0446\u0438\u0438 (\u0411\u0443\u0434\u0430\u043f\u0435\u0448\u0442).<\/span> <span class=\"\" title=\"\">\u0421\u043e\u043e\u0442\u0432\u0435\u0442\u0441\u0442\u0432\u0443\u044e\u0449\u0430\u044f \u043a\u043d\u0438\u0433\u0430 \u0438\u0437\u0434\u0430\u043d\u0430 \u043d\u0430 \u0430\u043d\u0433\u043b\u0438\u0439\u0441\u043a\u043e\u043c \u044f\u0437\u044b\u043a\u0435 (\u0441\u043c. \u041d\u0438\u0436\u0435).<\/span><\/span><\/p>\r\n<!-- \/wp:paragraph -->\r\n<p><!-- wp:paragraph --><strong>Staying Civil \u2013 project<\/strong><\/p>\r\n<!-- \/wp:paragraph -->\r\n<p><!-- wp:paragraph -->\u201cWe are aware of the fact that the community has the power to sustain \u2013 this assures the individual that he does not stand rootless, he is not alone in the world, and he is not a one dimensional person, whose single task is consumption, by which he maintains the balance envisioned by the great economic schools, but he is a person with the capacity to experience the unity of body, soul and intellect. Value based communities help the individual to become an autonomous transcendent creature, who makes his decisions based on his own value judgment and assumes responsibility and for them. It is important to realize that European democracies are in a crisis, but the realization itself is not enough for us to move on. We need to point out that without the active social involvement of the civil sphere we cannot move on since the state as a framework is filled by society. Therefore, civil society needs to inspire the state by its own involvement, it needs to take the state towards new solutions and it needs to evoke new responses from it.\u201d<\/p>\r\n<!-- \/wp:paragraph -->\r\n<p><!-- wp:paragraph -->\u00a0 \u00a0 \u00a0 \u00a0 \u00a0 \u00a0 \u00a0 \u00a0 \u00a0 \u00a0 \u00a0 \u00a0 \u00a0 \u00a0 \u00a0 \u00a0 \u00a0 \u00a0 \u00a0 \u00a0 \u00a0 \u00a0 \u00a0 \u00a0 \u00a0 \u00a0 \u00a0 \u00a0 \u00a0 \u00a0 \u00a0 \u00a0 \u00a0 \u00a0 \u00a0 \u00a0 \u00a0 \u00a0 \u00a0 \u00a0 \u00a0 \u00a0 \u00a0 \u00a0 \u00a0 \u00a0 \u00a0 \u00a0 \u00a0 \u00a0 \u00a0 \u00a0 \u00a0 \u00a0 \u00a0 \u00a0 \u00a0 \u00a0 \u00a0 \u00a0 Gy\u00f6rgy H\u00f6lv\u00e9nyi<\/p>\r\n<!-- \/wp:paragraph -->\r\n<p><!-- wp:paragraph -->Ministry of Human Resources<\/p>\r\n<!-- \/wp:paragraph -->\r\n<p><!-- wp:paragraph -->Minister of State for Church,<\/p>\r\n<!-- \/wp:paragraph -->\r\n<p><!-- wp:paragraph -->Minority and Nongovernmental relations<\/p>\r\n<!-- \/wp:paragraph -->\r\n<p><!-- wp:paragraph -->Participants of the project:<\/p>\r\n<p><!-- \/wp:paragraph -->\u00a0<\/p>\r\n<!-- wp:list {\"ordered\":true} -->\r\n<ol>\r\n<li>Hungary<\/li>\r\n<li>Germany<\/li>\r\n<li>Croatia<\/li>\r\n<li>Ukraine<\/li>\r\n<li>Bulgaria<\/li>\r\n<li>Estonia<\/li>\r\n<li>Polish<\/li>\r\n<li>Italy<\/li>\r\n<li>Slovenia<\/li>\r\n<li>Slovakia<\/li>\r\n<li>Ireland<\/li>\r\n<\/ol>\r\n<!-- \/wp:list -->\r\n<p><!-- wp:paragraph -->Themes, developed by the project participants:<\/p>\r\n<p><!-- \/wp:paragraph -->\u00a0<\/p>\r\n<!-- wp:list -->\r\n<ul>\r\n<li>Civil Economy in the 15th Century and Today (by Sarolta Laura Baritz)<\/li>\r\n<li>The Role of Civil Society and Ethics in the Relations of Social Subsystems (by Tam\u00e1s\u00a0Fricz)<\/li>\r\n<li>Who Will Tell? <em>Values, Civilians, Minority Communities \u2013 To Whom, When and How?<\/em>\u00a0(by Barna Bad\u00f3)<\/li>\r\n<li>Civilization, Culture and Morality (by Bulcsu K\u00e1i Hopp\u00e1l)<\/li>\r\n<li>The Ethics of a Writer (by Jerzy Snopek)<\/li>\r\n<li>A Few Thoughts on the Civil Code of Ethics (by Dr Istv\u00e1n Sebest\u00e9ny)<\/li>\r\n<li>Momentum Doctorandus as an Example of Non-governmental Organizations in Transcarpathia (by Gyula Balla)<\/li>\r\n<li>The Union for Common Objectives, Slovakia Empowering the Hungarian Minority by Means of Non-governmental Organizations (by Erzs\u00e9bet Pog\u00e1ny)<\/li>\r\n<li>The Fragmented Man and Moral Education (by Michele Sit\u00e1)<\/li>\r\n<li>The Relationship Between Funding and Independence (by Anja Kladar)<\/li>\r\n<li>Civil Code of Conduct in the European Union: What Can Ordinary People Do? (by David Masters)<\/li>\r\n<li>Who Will Blow the Whistle? <em>How Corruption Undermines Bulgarian NGOs<\/em> (by Emil Tsenkov)<\/li>\r\n<li>Taking Steps Towards Ethical Behaviour (by Harry Underwood)<\/li>\r\n<li>Code of Ethics \u2013 Lessons from the Critics (by Pawel Urgacz)<\/li>\r\n<li>Democracz Monitoring as a \u00a0New Mechanism to Support the European Economy (by O.Wolf, Estonia)<\/li>\r\n<\/ul>\r\n<!-- \/wp:list -->\r\n<p><!-- wp:paragraph -->\u00a0<a href=\"http:\/\/eng.innovaestonia.ee\/wp-content\/uploads\/2014\/12\/STAYING-CIVIL.doc\">STAYING CIVIL<\/a><\/p>\r\n<p><!-- \/wp:paragraph -->\u00a0<\/p>\r\n<p>[\/vc_column_text][\/vc_column][\/vc_row]<\/p>","protected":false},"excerpt":{"rendered":"<p>[vc_row][vc_column][vc_custom_heading text=&#187;Kodanike eetika&#187; font_container=&#187;tag:h1|text_align:left&#187; use_theme_fonts=&#187;yes&#187; css_animation=&#187;top-to-bottom&#187;][vc_column_text css_animation=&#187;left-to-right&#187;] \u041c\u0435\u0436\u0434\u0443\u043d\u0430\u0440\u043e\u0434\u043d\u044b\u0439 \u043f\u0440\u043e\u0435\u043a\u0442 \u0438 \u043a\u043e\u043d\u0444\u0435\u0440\u0435\u043d\u0446\u0438\u044f \u0432 \u0411\u0443\u0434\u0430\u043f\u0435\u0448\u0442\u0435 (2013 \u0433.). \u041d\u0430\u0448\u0430 \u0441\u0440\u0435\u0434\u043d\u044f\u044f \u0448\u043a\u043e\u043b\u0430 \u0443\u0447\u0430\u0441\u0442\u0432\u043e\u0432\u0430\u043b\u0430 \u0432 \u044d\u0442\u043e\u043c \u043f\u0440\u043e\u0435\u043a\u0442\u0435, \u0433\u0434\u0435 \u0443\u0447\u0430\u0449\u0438\u044f\u0441\u044f \u0412\u0435\u0440\u043e\u043d\u0438\u043a\u043e\u0439 \u0448\u043a\u043e\u043b\u044b \u0432\u043c\u0435\u0441\u0442\u0435 \u0441 \u0443\u0447\u0438\u0442\u0435\u043b\u0435\u043c \u0447\u0438\u0442\u0430\u043b\u0438 \u043b\u0435\u043a\u0446\u0438\u044e \u043d\u0430 \u044d\u0442\u043e\u0439 \u043c\u0435\u0436\u0434\u0443\u043d\u0430\u0440\u043e\u0434\u043d\u043e\u0439 \u043a\u043e\u043d\u0444\u0435\u0440\u0435\u043d\u0446\u0438\u0438 (\u0411\u0443\u0434\u0430\u043f\u0435\u0448\u0442). \u0421\u043e\u043e\u0442\u0432\u0435\u0442\u0441\u0442\u0432\u0443\u044e\u0449\u0430\u044f \u043a\u043d\u0438\u0433\u0430 \u0438\u0437\u0434\u0430\u043d\u0430 \u043d\u0430 \u0430\u043d\u0433\u043b\u0438\u0439\u0441\u043a\u043e\u043c \u044f\u0437\u044b\u043a\u0435 (\u0441\u043c. \u041d\u0438\u0436\u0435). Staying&nbsp;<a href=\"https:\/\/www.hve.edu.ee\/e\/ru\/?page_id=621\">&hellip;<\/a><\/p>\n","protected":false},"author":1,"featured_media":0,"parent":182,"menu_order":0,"comment_status":"closed","ping_status":"closed","template":"template-sidebar-right-childpages.php","meta":[],"featured_image_urls":{"full":"","thumbnail":"","medium":"","medium_large":"","large":"","1536x1536":"","2048x2048":"","post-thumbnail":"","ed-school-featured-image":"","ed-school-medium":"","ed-school-medium-alt":"","ed-school-square":"","ed-school-square-small":""},"post_excerpt_stackable":"<p>[vc_row][vc_column][vc_custom_heading text=&#187;Kodanike eetika&#187; font_container=&#187;tag:h1|text_align:left&#187; use_theme_fonts=&#187;yes&#187; css_animation=&#187;top-to-bottom&#187;][vc_column_text css_animation=&#187;left-to-right&#187;] \u041c\u0435\u0436\u0434\u0443\u043d\u0430\u0440\u043e\u0434\u043d\u044b\u0439 \u043f\u0440\u043e\u0435\u043a\u0442 \u0438 \u043a\u043e\u043d\u0444\u0435\u0440\u0435\u043d\u0446\u0438\u044f \u0432 \u0411\u0443\u0434\u0430\u043f\u0435\u0448\u0442\u0435 (2013 \u0433.). \u041d\u0430\u0448\u0430 \u0441\u0440\u0435\u0434\u043d\u044f\u044f \u0448\u043a\u043e\u043b\u0430 \u0443\u0447\u0430\u0441\u0442\u0432\u043e\u0432\u0430\u043b\u0430 \u0432 \u044d\u0442\u043e\u043c \u043f\u0440\u043e\u0435\u043a\u0442\u0435, \u0433\u0434\u0435 \u0443\u0447\u0430\u0449\u0438\u044f\u0441\u044f \u0412\u0435\u0440\u043e\u043d\u0438\u043a\u043e\u0439 \u0448\u043a\u043e\u043b\u044b \u0432\u043c\u0435\u0441\u0442\u0435 \u0441 \u0443\u0447\u0438\u0442\u0435\u043b\u0435\u043c \u0447\u0438\u0442\u0430\u043b\u0438 \u043b\u0435\u043a\u0446\u0438\u044e \u043d\u0430 \u044d\u0442\u043e\u0439 \u043c\u0435\u0436\u0434\u0443\u043d\u0430\u0440\u043e\u0434\u043d\u043e\u0439 \u043a\u043e\u043d\u0444\u0435\u0440\u0435\u043d\u0446\u0438\u0438 (\u0411\u0443\u0434\u0430\u043f\u0435\u0448\u0442). \u0421\u043e\u043e\u0442\u0432\u0435\u0442\u0441\u0442\u0432\u0443\u044e\u0449\u0430\u044f \u043a\u043d\u0438\u0433\u0430 \u0438\u0437\u0434\u0430\u043d\u0430 \u043d\u0430 \u0430\u043d\u0433\u043b\u0438\u0439\u0441\u043a\u043e\u043c \u044f\u0437\u044b\u043a\u0435 (\u0441\u043c. \u041d\u0438\u0436\u0435). Staying Civil \u2013 project \u201cWe are aware of the fact that the community has the power to sustain \u2013 this assures the individual that he does not stand rootless, he is not alone in the world, and he is not a one dimensional person, whose single task is consumption, by which he maintains the balance envisioned&hellip;<\/p>\n","category_list":"","author_info":{"name":"wp_hve_edu","url":"https:\/\/www.hve.edu.ee\/e\/ru\/?author=1"},"comments_num":"0 \u043a\u043e\u043c\u043c\u0435\u043d\u0442\u0430\u0440\u0438\u0435\u0432","featured_image_urls_v2":{"full":"","thumbnail":"","medium":"","medium_large":"","large":"","1536x1536":"","2048x2048":"","post-thumbnail":"","ed-school-featured-image":"","ed-school-medium":"","ed-school-medium-alt":"","ed-school-square":"","ed-school-square-small":""},"post_excerpt_stackable_v2":"<p>[vc_row][vc_column][vc_custom_heading text=&#187;Kodanike eetika&#187; font_container=&#187;tag:h1|text_align:left&#187; use_theme_fonts=&#187;yes&#187; css_animation=&#187;top-to-bottom&#187;][vc_column_text css_animation=&#187;left-to-right&#187;] \u041c\u0435\u0436\u0434\u0443\u043d\u0430\u0440\u043e\u0434\u043d\u044b\u0439 \u043f\u0440\u043e\u0435\u043a\u0442 \u0438 \u043a\u043e\u043d\u0444\u0435\u0440\u0435\u043d\u0446\u0438\u044f \u0432 \u0411\u0443\u0434\u0430\u043f\u0435\u0448\u0442\u0435 (2013 \u0433.). \u041d\u0430\u0448\u0430 \u0441\u0440\u0435\u0434\u043d\u044f\u044f \u0448\u043a\u043e\u043b\u0430 \u0443\u0447\u0430\u0441\u0442\u0432\u043e\u0432\u0430\u043b\u0430 \u0432 \u044d\u0442\u043e\u043c \u043f\u0440\u043e\u0435\u043a\u0442\u0435, \u0433\u0434\u0435 \u0443\u0447\u0430\u0449\u0438\u044f\u0441\u044f \u0412\u0435\u0440\u043e\u043d\u0438\u043a\u043e\u0439 \u0448\u043a\u043e\u043b\u044b \u0432\u043c\u0435\u0441\u0442\u0435 \u0441 \u0443\u0447\u0438\u0442\u0435\u043b\u0435\u043c \u0447\u0438\u0442\u0430\u043b\u0438 \u043b\u0435\u043a\u0446\u0438\u044e \u043d\u0430 \u044d\u0442\u043e\u0439 \u043c\u0435\u0436\u0434\u0443\u043d\u0430\u0440\u043e\u0434\u043d\u043e\u0439 \u043a\u043e\u043d\u0444\u0435\u0440\u0435\u043d\u0446\u0438\u0438 (\u0411\u0443\u0434\u0430\u043f\u0435\u0448\u0442). \u0421\u043e\u043e\u0442\u0432\u0435\u0442\u0441\u0442\u0432\u0443\u044e\u0449\u0430\u044f \u043a\u043d\u0438\u0433\u0430 \u0438\u0437\u0434\u0430\u043d\u0430 \u043d\u0430 \u0430\u043d\u0433\u043b\u0438\u0439\u0441\u043a\u043e\u043c \u044f\u0437\u044b\u043a\u0435 (\u0441\u043c. \u041d\u0438\u0436\u0435). Staying Civil \u2013 project \u201cWe are aware of the fact that the community has the power to sustain \u2013 this assures the individual that he does not stand rootless, he is not alone in the world, and he is not a one dimensional person, whose single task is consumption, by which he maintains the balance envisioned&hellip;<\/p>\n","category_list_v2":"","author_info_v2":{"name":"wp_hve_edu","url":"https:\/\/www.hve.edu.ee\/e\/ru\/?author=1"},"comments_num_v2":"0 \u043a\u043e\u043c\u043c\u0435\u043d\u0442\u0430\u0440\u0438\u0435\u0432","_links":{"self":[{"href":"https:\/\/www.hve.edu.ee\/e\/ru\/index.php?rest_route=\/wp\/v2\/pages\/621"}],"collection":[{"href":"https:\/\/www.hve.edu.ee\/e\/ru\/index.php?rest_route=\/wp\/v2\/pages"}],"about":[{"href":"https:\/\/www.hve.edu.ee\/e\/ru\/index.php?rest_route=\/wp\/v2\/types\/page"}],"author":[{"embeddable":true,"href":"https:\/\/www.hve.edu.ee\/e\/ru\/index.php?rest_route=\/wp\/v2\/users\/1"}],"replies":[{"embeddable":true,"href":"https:\/\/www.hve.edu.ee\/e\/ru\/index.php?rest_route=%2Fwp%2Fv2%2Fcomments&post=621"}],"version-history":[{"count":6,"href":"https:\/\/www.hve.edu.ee\/e\/ru\/index.php?rest_route=\/wp\/v2\/pages\/621\/revisions"}],"predecessor-version":[{"id":1478,"href":"https:\/\/www.hve.edu.ee\/e\/ru\/index.php?rest_route=\/wp\/v2\/pages\/621\/revisions\/1478"}],"up":[{"embeddable":true,"href":"https:\/\/www.hve.edu.ee\/e\/ru\/index.php?rest_route=\/wp\/v2\/pages\/182"}],"wp:attachment":[{"href":"https:\/\/www.hve.edu.ee\/e\/ru\/index.php?rest_route=%2Fwp%2Fv2%2Fmedia&parent=621"}],"curies":[{"name":"wp","href":"https:\/\/api.w.org\/{rel}","templated":true}]}}